{"id":2,"date":"2023-05-01T12:00:04","date_gmt":"2023-05-01T15:00:04","guid":{"rendered":"http:\/\/vermelho.blogs.utopia.org.br\/?page_id=2"},"modified":"2024-03-20T09:04:03","modified_gmt":"2024-03-20T12:04:03","slug":"carlos-seabra","status":"publish","type":"page","link":"https:\/\/blogs.utopia.org.br\/vermelho\/carlos-seabra\/","title":{"rendered":"Autor"},"content":{"rendered":"\n<p><strong>Carlos Seabra<\/strong> \u00e9 diretor da Oficina Digital, criador de jogos de tabuleiro e digitais, autor de livros de literatura infantil e juvenil. Editor de publica\u00e7\u00f5es e produtor de conte\u00fados culturais e educacionais de multim\u00eddia e internet, palestrante, consultor e coordenador de projetos culturais e de tecnologia educacional.<\/p>\n\n\n\n<p><a rel=\"noopener\" title=\"\" href=\"https:\/\/pt.wikipedia.org\/wiki\/Carlos_Seabra\" target=\"_blank\">\ud83c\udf10<\/a> <a rel=\"noopener\" title=\"\" href=\"https:\/\/pt.wikipedia.org\/wiki\/Carlos_Seabra\" target=\"_blank\">Verbete <strong>Carlos Seabra<\/strong> na Wikip\u00e9dia<\/a><\/p>\n\n\n\n<p><\/p>\n","protected":false},"excerpt":{"rendered":"<p>Carlos Seabra \u00e9 diretor da Oficina Digital, criador de jogos de tabuleiro e digitais, autor de livros de literatura infantil e juvenil. Editor de publica\u00e7\u00f5es e produtor de conte\u00fados culturais e educacionais de multim\u00eddia e internet, palestrante, consultor e coordenador &hellip; <a href=\"https:\/\/blogs.utopia.org.br\/vermelho\/carlos-seabra\/\">Continue lendo <span class=\"meta-nav\">&rarr;<\/span><\/a><\/p>\n","protected":false},"author":21,"featured_media":0,"parent":0,"menu_order":2,"comment_status":"closed","ping_status":"closed","template":"","meta":{"_monsterinsights_skip_tracking":false,"_monsterinsights_sitenote_active":false,"_monsterinsights_sitenote_note":"","_monsterinsights_sitenote_category":0,"ngg_post_thumbnail":0,"footnotes":""},"class_list":["post-2","page","type-page","status-publish","hentry"],"_links":{"self":[{"href":"https:\/\/blogs.utopia.org.br\/vermelho\/wp-json\/wp\/v2\/pages\/2","targetHints":{"allow":["GET"]}}],"collection":[{"href":"https:\/\/blogs.utopia.org.br\/vermelho\/wp-json\/wp\/v2\/pages"}],"about":[{"href":"https:\/\/blogs.utopia.org.br\/vermelho\/wp-json\/wp\/v2\/types\/page"}],"author":[{"embeddable":true,"href":"https:\/\/blogs.utopia.org.br\/vermelho\/wp-json\/wp\/v2\/users\/21"}],"replies":[{"embeddable":true,"href":"https:\/\/blogs.utopia.org.br\/vermelho\/wp-json\/wp\/v2\/comments?post=2"}],"version-history":[{"count":12,"href":"https:\/\/blogs.utopia.org.br\/vermelho\/wp-json\/wp\/v2\/pages\/2\/revisions"}],"predecessor-version":[{"id":377,"href":"https:\/\/blogs.utopia.org.br\/vermelho\/wp-json\/wp\/v2\/pages\/2\/revisions\/377"}],"wp:attachment":[{"href":"https:\/\/blogs.utopia.org.br\/vermelho\/wp-json\/wp\/v2\/media?parent=2"}],"curies":[{"name":"wp","href":"https:\/\/api.w.org\/{rel}","templated":true}]}}