{"id":234,"date":"2009-02-23T11:59:44","date_gmt":"2009-02-23T14:59:44","guid":{"rendered":"https:\/\/blogs.utopia.org.br\/uruguai\/?page_id=234"},"modified":"2009-02-23T13:28:18","modified_gmt":"2009-02-23T16:28:18","slug":"sobre-o-uruguai","status":"publish","type":"page","link":"https:\/\/blogs.utopia.org.br\/uruguai\/sobre-o-uruguai\/","title":{"rendered":"Sobre o Uruguai"},"content":{"rendered":"<p>Nesta p\u00e1gina colocaremos informa\u00e7\u00f5es gerais acerca do Uruguai, seu hino, bandeira e outros dados de interesse&#8230;<\/p>\n<table border=\"0\" cellspacing=\"0\" cellpadding=\"4\" width=\"99%\">\n<tbody>\n<tr bgcolor=\"#eaeaea\">\n<th>\u00c1rea<\/th>\n<td align=\"right\">176.215 km\u00b2<\/td>\n<\/tr>\n<tr bgcolor=\"#fafafa\">\n<th>Popula\u00e7\u00e3o<\/th>\n<td align=\"right\">3.399.237 hab<\/td>\n<\/tr>\n<tr bgcolor=\"#eaeaea\">\n<th>Moeda<\/th>\n<td align=\"right\">Peso uruguaio<\/td>\n<\/tr>\n<tr bgcolor=\"#fafafa\">\n<th>PIB per capita<\/th>\n<td align=\"right\">US$ 11.646<\/td>\n<\/tr>\n<tr bgcolor=\"#eaeaea\">\n<th>Esperan\u00e7a de vida<\/th>\n<td align=\"right\">76,4 anos<\/td>\n<\/tr>\n<tr bgcolor=\"#fafafa\">\n<th>C\u00f3digo Internet<\/th>\n<td align=\"right\">UY<\/td>\n<\/tr>\n<tr bgcolor=\"#eaeaea\">\n<th>C\u00f3digo telef\u00f4nico<\/th>\n<td align=\"right\">598<\/td>\n<\/tr>\n<tr>\n<td colspan=\"2\"><\/td>\n<\/tr>\n<\/tbody>\n<\/table>\n<p>&nbsp;<\/p>\n<blockquote class=\"box\"><p><a title=\"Veja o verbete correspondente na Wikip\u00e9dia\" href=\"http:\/\/pt.wikipedia.org\/wiki\/Subdivis\u00f5es_do_Uruguai\" target=\"_blank\"><img decoding=\"async\" src=\"https:\/\/blogs.utopia.org.br\/uruguai\/files\/departamentos_do_uruguai.jpg\" alt=\"\" hspace=\"2\" vspace=\"1\" width=\"300\" align=\"right\" \/><\/a><strong><span style=\"text-decoration: underline\">Departamentos<\/span><\/strong><\/p>\n<p align=\"left\"><em>O Uruguai divide-se em dezenove departamentos:<br \/>\nArtigas, Canelones, Cerro Largo, Colonia, Durazno, Flores, Florida, Lavalleja, Maldonado, Montevideo, Paysand\u00fa, R\u00edo Negro, Rivera, Rocha, Salto, San Jos\u00e9, Soriano, Tacuaremb\u00f3 e Treinta y Tres.<\/em><\/p><\/blockquote>\n<p>&nbsp;<\/p>\n<blockquote class=\"box\"><p><a title=\"Veja o verbete correspondente na Wikip\u00e9dia\" href=\"http:\/\/pt.wikipedia.org\/wiki\/Bras\u00e3o_de_armas_do_Uruguai\" target=\"_blank\"><img decoding=\"async\" src=\"https:\/\/blogs.utopia.org.br\/uruguai\/files\/brasao_de_armas_do_uruguai.png\" alt=\"\" hspace=\"20\" vspace=\"8\" width=\"140\" align=\"right\" \/><\/a><br \/>\n<strong><span style=\"text-decoration: underline\">Bandeira e bras\u00e3o do Uruguai<\/span><\/strong><\/p>\n<p align=\"left\"><em>O nome oficial do pa\u00eds \u00e9<br \/>\nRep\u00fablica Oriental do Uruguai<\/em><\/p>\n<p><a title=\"Veja o verbete correspondente na Wikip\u00e9dia\" href=\"http:\/\/pt.wikipedia.org\/wiki\/Bandeira_do_Uruguai\" target=\"_blank\"><img decoding=\"async\" style=\"border: 1px solid lightgray\" src=\"https:\/\/blogs.utopia.org.br\/uruguai\/files\/bandeira_do_uruguai.png\" border=\"1\" alt=\"\" width=\"200\" \/><\/a><\/p><\/blockquote>\n<p>&nbsp;<\/p>\n<blockquote class=\"box\"><p><strong><span style=\"text-decoration: underline\">Hino Nacional do Uruguai<\/span><\/strong><\/p>\n<p><em>A letra do &#8220;Himno Nacional de Uruguay&#8221; \u00e9 de Francisco Acu\u00f1a de Figueroa (que foi tamb\u00e9m o autor da letra do hino nacional do Paraguai). A m\u00fasica \u00e9 de Francisco Jos\u00e9 Debali.<\/em><\/p>\n[audio:https:\/\/blogs.utopia.org.br\/uruguai\/files\/himno-nacional-de-uruguay.mp3]\n<p>Orientales la Patria o la Tumba!<br \/>\nLibertad o con gloria morir!<br \/>\nEs el voto que el alma pronuncia,<br \/>\nY que heroicos sabremos cumplir!<\/p>\n<p>Libertad, libertad Orientales!<br \/>\nEse grito a la Patria salv\u00f3<br \/>\nQue a sus bravos en fieras batallas<br \/>\nDe entusiasmo sublime inflam\u00f3.<br \/>\nDe este don sacrosanto la gloria<br \/>\nMerecimos tiramos temblad!<br \/>\nLibertad en la lid clamaremos,<br \/>\nY muriendo, tambi\u00e9n libertad!<\/p>\n<p>Dominado la Iberia dos mundos<br \/>\nOstentaba sus altivo poder,<br \/>\nY a sus plantas cautivo yac\u00eda<br \/>\nEl Oriente sin nombre ni ser;<br \/>\nMas, repente sus hierros trozando<br \/>\nAnte el dogma que Mayo inspir\u00f3,<br \/>\nEntre libres, d\u00e9spotas fieros,<br \/>\nUn abismo sin puente se vi\u00f3.<\/p>\n<p>Su trozada cadena por armas,<br \/>\nPor escudo su pecho en la lid,<br \/>\nDe su arrojo soberbio temblaron<br \/>\nLos feudales campeones del Cid:<br \/>\nEn los valles, monta\u00f1as y selvas<br \/>\nSe acometen con muda altivez,<br \/>\nRetumbando con fiero estampido<br \/>\nLas cavernas y el cielo a la vez.<\/p>\n<p>El estruendo que en torno resuena<br \/>\nDe Atahualpa la tumba se abri\u00f3,<br \/>\nY batiendo sa\u00f1udo las palmas<br \/>\nSu esqueleto, venganza! grit\u00f3:<br \/>\nLos patriotas el eco grandioso<br \/>\nSe electrizan en fuego marcial,<br \/>\nY en su ense\u00f1a m\u00e1s vivo relumbra<br \/>\nDe los Incas el Dios inmortal.<\/p>\n<p>Largo tiempo, con varia fortuna,<br \/>\nBatallaron liberto, y se\u00f1or,<br \/>\nDisputando la tierra sangrienta<br \/>\nPalmo a palmo con ciego furor.<br \/>\nLa justicia, por \u00faltimo, vence<br \/>\nDome\u00f1ando las iras de un Rey;<br \/>\nY ante el mundo la Patria indomable<br \/>\nInaugura su ense\u00f1a, y su rey.<\/p>\n<p>Orientales, mirad la bandera,<br \/>\nDe hero\u00edsmo fulgente crisol;<br \/>\nNuestras lanzas defienden su brillo,<br \/>\nNadie insulte la imagen del sol!<br \/>\nDe los fueros civiles el goce<br \/>\nSostengamos; y el c\u00f3digo fiel<br \/>\nVeneremos inmune y glorioso<br \/>\nComo el arca sagrada Israel.<\/p>\n<p>Porque fuese m\u00e1s alta tu gloria,<br \/>\nY brillasen tu precio y poder,<br \/>\nTres diademas, ho Patria, se vieron<br \/>\nTu dominio gozar, y perder.<br \/>\nLibertad, libertad adorada,<br \/>\nMucho cuestas tesoro sin par!<br \/>\nPero valen tus goces divinos<br \/>\nEsa sangre que riega tu altar<\/p>\n<p>Si a los pueblos un b\u00e1rbaro agita,<br \/>\nRemoviendo su extinto furor,<br \/>\nFratricida discordia evitemos,<br \/>\nDiez mil tumbas recuerdan su horror!<br \/>\nTempestades el Cielo fulmina,<br \/>\nmaldiciones desciendan sobre \u00e9l,<br \/>\nY los libres adoren triunfante<br \/>\nde las leyes el rico joyel.<\/p>\n<p>De laureles ornada brillando<br \/>\nLa Amazona soberbia del Sud,<br \/>\nEn su escudo de bronce reflejan<br \/>\nFortaleza, justicia y virtud.<br \/>\nNi enemigos le humillan la frente,<br \/>\nNi opresores le imponen el pie:<br \/>\nQue en angustias sell\u00f3 su constancia<br \/>\nY en bautismo de sangre su f\u00e9.<\/p>\n<p>Festejando la gloria, y el d\u00eda<br \/>\nDe la nueva Rep\u00fablica el Sol,<br \/>\nCon vislumbres de p\u00farpura y oro,<br \/>\nEngalana su hermoso arrebol.<br \/>\nDel Olimpo la b\u00f3veda augusta<br \/>\nResplandece, y un ser divinal<br \/>\nCon estrellas escribe en los cielos,<br \/>\nDulce Patria, tu nombre inmortal.<\/p>\n<p>De las leyes el Numen juremos<br \/>\nIgualdad, patriotismo y uni\u00f3n,<br \/>\nInmolando en sus aras divinas<br \/>\nCiegos odios, y negra ambici\u00f3n.<br \/>\nY hallar\u00e1n los que fieros insulten<br \/>\nLa grandeza del Pueblo Oriental,<br \/>\nSi enemigos, la lanza de Marte<br \/>\nSi tiranos, de Bruto el pu\u00f1al.\n<\/p><\/blockquote>\n","protected":false},"excerpt":{"rendered":"<p>Nesta p\u00e1gina colocaremos informa\u00e7\u00f5es gerais acerca do Uruguai, seu hino, bandeira e outros dados de interesse&#8230; \u00c1rea 176.215 km\u00b2 Popula\u00e7\u00e3o 3.399.237 hab Moeda Peso uruguaio PIB per capita US$ 11.646 Esperan\u00e7a de vida 76,4 anos C\u00f3digo Internet UY C\u00f3digo telef\u00f4nico &hellip; <a href=\"https:\/\/blogs.utopia.org.br\/uruguai\/sobre-o-uruguai\/\">Continuar lendo <span class=\"meta-nav\">&rarr;<\/span><\/a><\/p>\n","protected":false},"author":3,"featured_media":0,"parent":0,"menu_order":0,"comment_status":"open","ping_status":"open","template":"","meta":{"_monsterinsights_skip_tracking":false,"_monsterinsights_sitenote_active":false,"_monsterinsights_sitenote_note":"","_monsterinsights_sitenote_category":0,"ngg_post_thumbnail":0,"footnotes":""},"class_list":["post-234","page","type-page","status-publish","hentry"],"_links":{"self":[{"href":"https:\/\/blogs.utopia.org.br\/uruguai\/wp-json\/wp\/v2\/pages\/234","targetHints":{"allow":["GET"]}}],"collection":[{"href":"https:\/\/blogs.utopia.org.br\/uruguai\/wp-json\/wp\/v2\/pages"}],"about":[{"href":"https:\/\/blogs.utopia.org.br\/uruguai\/wp-json\/wp\/v2\/types\/page"}],"author":[{"embeddable":true,"href":"https:\/\/blogs.utopia.org.br\/uruguai\/wp-json\/wp\/v2\/users\/3"}],"replies":[{"embeddable":true,"href":"https:\/\/blogs.utopia.org.br\/uruguai\/wp-json\/wp\/v2\/comments?post=234"}],"version-history":[{"count":109,"href":"https:\/\/blogs.utopia.org.br\/uruguai\/wp-json\/wp\/v2\/pages\/234\/revisions"}],"predecessor-version":[{"id":349,"href":"https:\/\/blogs.utopia.org.br\/uruguai\/wp-json\/wp\/v2\/pages\/234\/revisions\/349"}],"wp:attachment":[{"href":"https:\/\/blogs.utopia.org.br\/uruguai\/wp-json\/wp\/v2\/media?parent=234"}],"curies":[{"name":"wp","href":"https:\/\/api.w.org\/{rel}","templated":true}]}}