{"id":2,"date":"2009-01-20T19:23:27","date_gmt":"2009-01-20T21:23:27","guid":{"rendered":""},"modified":"2009-02-17T16:41:01","modified_gmt":"2009-02-17T17:41:01","slug":"sobre","status":"publish","type":"page","link":"https:\/\/blogs.utopia.org.br\/uruguai\/sobre\/","title":{"rendered":"Sobre este blog"},"content":{"rendered":"<p>O Uruguai de uma brasileira.<\/p>\n<p>H\u00e1 alguns anos visito o Uruguai esporadicamente e quero compartilhar com voc\u00eas as alegrias, descobertas e tamb\u00e9m dissabores que vivi nesse pequeno e encantador pa\u00eds.<\/p>\n<div class=\"entry\"><\/div>\n","protected":false},"excerpt":{"rendered":"<p>O Uruguai de uma brasileira. H\u00e1 alguns anos visito o Uruguai esporadicamente e quero compartilhar com voc\u00eas as alegrias, descobertas e tamb\u00e9m dissabores que vivi nesse pequeno e encantador pa\u00eds.<\/p>\n","protected":false},"author":15,"featured_media":0,"parent":0,"menu_order":0,"comment_status":"open","ping_status":"open","template":"","meta":{"_monsterinsights_skip_tracking":false,"_monsterinsights_sitenote_active":false,"_monsterinsights_sitenote_note":"","_monsterinsights_sitenote_category":0,"ngg_post_thumbnail":0,"footnotes":""},"class_list":["post-2","page","type-page","status-publish","hentry"],"_links":{"self":[{"href":"https:\/\/blogs.utopia.org.br\/uruguai\/wp-json\/wp\/v2\/pages\/2","targetHints":{"allow":["GET"]}}],"collection":[{"href":"https:\/\/blogs.utopia.org.br\/uruguai\/wp-json\/wp\/v2\/pages"}],"about":[{"href":"https:\/\/blogs.utopia.org.br\/uruguai\/wp-json\/wp\/v2\/types\/page"}],"author":[{"embeddable":true,"href":"https:\/\/blogs.utopia.org.br\/uruguai\/wp-json\/wp\/v2\/users\/15"}],"replies":[{"embeddable":true,"href":"https:\/\/blogs.utopia.org.br\/uruguai\/wp-json\/wp\/v2\/comments?post=2"}],"version-history":[{"count":3,"href":"https:\/\/blogs.utopia.org.br\/uruguai\/wp-json\/wp\/v2\/pages\/2\/revisions"}],"predecessor-version":[{"id":103,"href":"https:\/\/blogs.utopia.org.br\/uruguai\/wp-json\/wp\/v2\/pages\/2\/revisions\/103"}],"wp:attachment":[{"href":"https:\/\/blogs.utopia.org.br\/uruguai\/wp-json\/wp\/v2\/media?parent=2"}],"curies":[{"name":"wp","href":"https:\/\/api.w.org\/{rel}","templated":true}]}}