{"id":74,"date":"2023-06-21T18:29:33","date_gmt":"2023-06-21T21:29:33","guid":{"rendered":"https:\/\/blogs.utopia.org.br\/projetos\/?page_id=74"},"modified":"2023-08-13T21:18:31","modified_gmt":"2023-08-14T00:18:31","slug":"historico","status":"publish","type":"page","link":"https:\/\/blogs.utopia.org.br\/projetos\/o-livro\/historico\/","title":{"rendered":"Hist\u00f3rico"},"content":{"rendered":"\n<p>A primeira publica\u00e7\u00e3o do livro <em>Como elaborar projetos culturais<\/em> se deu no ano de 2003 durante oficinas que a autora ministrou em Alagoas. Regina C\u00e9lia Barbosa coordenava a Organiza\u00e7\u00e3o Cultural Ide\u00e1rio que tinha como uma de suas metas a democratiza\u00e7\u00e3o das informa\u00e7\u00f5es para o fortalecimento dos movimentos culturais locais.<\/p>\n\n\n\n<p>A Ide\u00e1rio promoveu diversos cursos e oficinas de elabora\u00e7\u00e3o de projetos e produ\u00e7\u00e3o cultural tendo este livro como base de material did\u00e1tico. A primeira edi\u00e7\u00e3o aconteceu como uma brochura de menos de 50 p\u00e1ginas, publica\u00e7\u00e3o independente da Ide\u00e1rio. No ano de 2007, a autora ampliou a pesquisa, atualizou as informa\u00e7\u00f5es, contando com o apoio do Sebrae\/AL e outras empresas locais, lan\u00e7ando uma edi\u00e7\u00e3o com amplia\u00e7\u00e3o de p\u00e1ginas e informa\u00e7\u00f5es.<\/p>\n\n\n\n<p>A hist\u00f3ria desta publica\u00e7\u00e3o acompanhou o per\u00edodo em que o Brasil, por ocasi\u00e3o dos primeiros governos Lula da Silva, tendo Gilberto Gil no Minist\u00e9rio da Cultura, vivenciou uma   efervesc\u00eancia das pol\u00edticas culturais, com diversos programas sendo gestados e executados, editais sendo lan\u00e7ados.  <\/p>\n\n\n\n<p>Regina C\u00e9lia Barbosa, al\u00e9m de escritora, atuava ent\u00e3o como produtora cultural, coordenando diversos projetos culturais.  A autora participou ativamente de diversos f\u00f3runs, congressos, semin\u00e1rios e grupos de estudos. Em 2010, houve novas pesquisas e mais atualiza\u00e7\u00f5es; esta edi\u00e7\u00e3o foi publicada pela Ide\u00e1rio, em parceria com a Vento Nordeste, contando com apoio do BNB &#8211; Banco do Nordeste do Brasil.<\/p>\n\n\n\n<p>No ano de 2022 a autora iniciou novos processos de pesquisa e de atualiza\u00e7\u00e3o dos dados, em 2023 lan\u00e7ou\u00a0a nova edi\u00e7\u00e3o do livro <strong>Como elaborar projetos culturais<\/strong> totalmente revisada e atualizada, pra ser disponibilizada em livrarias f\u00edsicas e online, em formato impresso e digital.\u00a0 <\/p>\n\n\n\n<p>A obra \u00e9 uma publica\u00e7\u00e3o do <strong>Est\u00fadio Aspas<\/strong> (S\u00e3o Paulo, SP) em coedi\u00e7\u00e3o com a <strong>Vento Nordeste Edi\u00e7\u00f5es<\/strong> (Recife, PE) e conta com a supervis\u00e3o editorial de Carlos Seabra e de Erika Neves. \u00a0 \u00a0<\/p>\n\n\n\n<figure class=\"wp-block-image size-large\"><img loading=\"lazy\" decoding=\"async\" width=\"1024\" height=\"539\" src=\"http:\/\/blogs.utopia.org.br\/projetos\/files\/2023\/08\/capas-historico-1024x539.png\" alt=\"\" class=\"wp-image-254\" srcset=\"https:\/\/blogs.utopia.org.br\/projetos\/files\/2023\/08\/capas-historico-1024x539.png 1024w, https:\/\/blogs.utopia.org.br\/projetos\/files\/2023\/08\/capas-historico-300x158.png 300w, https:\/\/blogs.utopia.org.br\/projetos\/files\/2023\/08\/capas-historico-768x404.png 768w, https:\/\/blogs.utopia.org.br\/projetos\/files\/2023\/08\/capas-historico.png 1252w\" sizes=\"auto, (max-width: 1024px) 100vw, 1024px\" \/><\/figure>\n","protected":false},"excerpt":{"rendered":"<p>A primeira publica\u00e7\u00e3o do livro Como elaborar projetos culturais se deu no ano de 2003 durante oficinas que a autora ministrou em Alagoas. Regina C\u00e9lia Barbosa coordenava a Organiza\u00e7\u00e3o Cultural Ide\u00e1rio que tinha como uma de suas metas a democratiza\u00e7\u00e3o &hellip; <a href=\"https:\/\/blogs.utopia.org.br\/projetos\/o-livro\/historico\/\">Continue lendo <span class=\"meta-nav\">&rarr;<\/span><\/a><\/p>\n","protected":false},"author":51,"featured_media":0,"parent":207,"menu_order":3,"comment_status":"closed","ping_status":"closed","template":"","meta":{"_monsterinsights_skip_tracking":false,"_monsterinsights_sitenote_active":false,"_monsterinsights_sitenote_note":"","_monsterinsights_sitenote_category":0,"ngg_post_thumbnail":0,"footnotes":""},"class_list":["post-74","page","type-page","status-publish","hentry"],"_links":{"self":[{"href":"https:\/\/blogs.utopia.org.br\/projetos\/wp-json\/wp\/v2\/pages\/74","targetHints":{"allow":["GET"]}}],"collection":[{"href":"https:\/\/blogs.utopia.org.br\/projetos\/wp-json\/wp\/v2\/pages"}],"about":[{"href":"https:\/\/blogs.utopia.org.br\/projetos\/wp-json\/wp\/v2\/types\/page"}],"author":[{"embeddable":true,"href":"https:\/\/blogs.utopia.org.br\/projetos\/wp-json\/wp\/v2\/users\/51"}],"replies":[{"embeddable":true,"href":"https:\/\/blogs.utopia.org.br\/projetos\/wp-json\/wp\/v2\/comments?post=74"}],"version-history":[{"count":21,"href":"https:\/\/blogs.utopia.org.br\/projetos\/wp-json\/wp\/v2\/pages\/74\/revisions"}],"predecessor-version":[{"id":255,"href":"https:\/\/blogs.utopia.org.br\/projetos\/wp-json\/wp\/v2\/pages\/74\/revisions\/255"}],"up":[{"embeddable":true,"href":"https:\/\/blogs.utopia.org.br\/projetos\/wp-json\/wp\/v2\/pages\/207"}],"wp:attachment":[{"href":"https:\/\/blogs.utopia.org.br\/projetos\/wp-json\/wp\/v2\/media?parent=74"}],"curies":[{"name":"wp","href":"https:\/\/api.w.org\/{rel}","templated":true}]}}