{"id":930,"date":"2009-03-21T15:54:22","date_gmt":"2009-03-21T18:54:22","guid":{"rendered":"http:\/\/blogs.utopia.org.br\/poesialatina\/?page_id=930"},"modified":"2009-03-21T15:55:40","modified_gmt":"2009-03-21T18:55:40","slug":"federico-garcia-lorca","status":"publish","type":"page","link":"https:\/\/blogs.utopia.org.br\/poesialatina\/biografias\/federico-garcia-lorca\/","title":{"rendered":"Federico Garcia Lorca"},"content":{"rendered":"<p><a href=\"https:\/\/blogs.utopia.org.br\/poesialatina\/files\/garcia_lorca.jpg\"><img decoding=\"async\" src=\"https:\/\/blogs.utopia.org.br\/poesialatina\/files\/garcia_lorca.jpg\" alt=\"\" class=\"alignleft size-full wp-image-931\" \/><\/a>Federico Garc\u00eda Lorca, nasceu a 05\/06\/1898, em Fuentevaqueros (Espanha). Poeta e dramaturgo \u00e9 considerado at\u00e9 hoje, um dos mais importantes escritores modernos da l\u00edngua espanhola. Em seus versos de extrema sensibilidade, fala da alma popular Andaluz. Com sua poesia se identificava com mouros, judeus, negros e ciganos, alvos de persegui\u00e7\u00f5es no decorrer da hist\u00f3ria de sua regi\u00e3o. Ele pr\u00f3prio sofreu preconceito do povo espanhol em rela\u00e7\u00e3o a sua homossexualidade. Sempre demonstrou sua avers\u00e3o pelos fascistas e pelos militares franquistas. <\/p>\n<p>Viveu dois anos em Nova York, onde escreveu poemas que s\u00f3 foram publicados ap\u00f3s sua morte. De volta \u00e0 Espanha, em 1931, dirigiu a companhia teatral ambulante do governo republicano espanhol La Barraca, que percorria as aldeias de todo o pa\u00eds. <\/p>\n<p>Em 1933, abre uma nova era no teatro moderno com sua trag\u00e9dia Bodas de Sangue, hist\u00f3ria que fora baseada em fatos ocorridos com camponeses da Andaluzia. Em 1934, j\u00e1 era o mais famoso poeta e dramaturgo de seu pa\u00eds. <\/p>\n<p>Morreu a 19\/08\/1936, em Vizna (Granada), fuzilado pelos franquistas no in\u00edcio da Guerra Civil Espanhola. <\/p>\n","protected":false},"excerpt":{"rendered":"<p>Federico Garc\u00eda Lorca, nasceu a 05\/06\/1898, em Fuentevaqueros (Espanha). Poeta e dramaturgo \u00e9 considerado at\u00e9 hoje, um dos mais importantes escritores modernos da l\u00edngua espanhola. Em seus versos de extrema sensibilidade, fala da alma popular Andaluz. Com sua poesia se &hellip; <a href=\"https:\/\/blogs.utopia.org.br\/poesialatina\/biografias\/federico-garcia-lorca\/\">Continue lendo <span class=\"meta-nav\">&rarr;<\/span><\/a><\/p>\n","protected":false},"author":22,"featured_media":0,"parent":14,"menu_order":0,"comment_status":"open","ping_status":"open","template":"","meta":{"_monsterinsights_skip_tracking":false,"_monsterinsights_sitenote_active":false,"_monsterinsights_sitenote_note":"","_monsterinsights_sitenote_category":0,"ngg_post_thumbnail":0,"footnotes":""},"class_list":["post-930","page","type-page","status-publish","hentry"],"_links":{"self":[{"href":"https:\/\/blogs.utopia.org.br\/poesialatina\/wp-json\/wp\/v2\/pages\/930","targetHints":{"allow":["GET"]}}],"collection":[{"href":"https:\/\/blogs.utopia.org.br\/poesialatina\/wp-json\/wp\/v2\/pages"}],"about":[{"href":"https:\/\/blogs.utopia.org.br\/poesialatina\/wp-json\/wp\/v2\/types\/page"}],"author":[{"embeddable":true,"href":"https:\/\/blogs.utopia.org.br\/poesialatina\/wp-json\/wp\/v2\/users\/22"}],"replies":[{"embeddable":true,"href":"https:\/\/blogs.utopia.org.br\/poesialatina\/wp-json\/wp\/v2\/comments?post=930"}],"version-history":[{"count":9,"href":"https:\/\/blogs.utopia.org.br\/poesialatina\/wp-json\/wp\/v2\/pages\/930\/revisions"}],"predecessor-version":[{"id":979,"href":"https:\/\/blogs.utopia.org.br\/poesialatina\/wp-json\/wp\/v2\/pages\/930\/revisions\/979"}],"up":[{"embeddable":true,"href":"https:\/\/blogs.utopia.org.br\/poesialatina\/wp-json\/wp\/v2\/pages\/14"}],"wp:attachment":[{"href":"https:\/\/blogs.utopia.org.br\/poesialatina\/wp-json\/wp\/v2\/media?parent=930"}],"curies":[{"name":"wp","href":"https:\/\/api.w.org\/{rel}","templated":true}]}}