{"id":755,"date":"2009-03-01T11:54:18","date_gmt":"2009-03-01T14:54:18","guid":{"rendered":"http:\/\/blogs.utopia.org.br\/poesialatina\/?page_id=755"},"modified":"2009-03-01T11:54:18","modified_gmt":"2009-03-01T14:54:18","slug":"dolores-veintimilla","status":"publish","type":"page","link":"https:\/\/blogs.utopia.org.br\/poesialatina\/biografias\/dolores-veintimilla\/","title":{"rendered":"Dolores Veintimilla"},"content":{"rendered":"<p><img loading=\"lazy\" decoding=\"async\" src=\"https:\/\/blogs.utopia.org.br\/poesialatina\/files\/dolores_veintimilla.jpg\" alt=\"\" width=\"145\" height=\"200\" class=\"alignleft size-full wp-image-756\" \/>Dolores Veintimilla nasceu em Quito no ano 1829, filha de uma fam\u00edlia abastada, recebeu a melhor educa\u00e7\u00e3o que uma mulher poderia ter naqueles tempos, e gra\u00e7as a sua sensibilidade art\u00edstica come\u00e7ou a escrever muito cedo. <\/p>\n<p>Casou-se aos 18 anos com o m\u00e9dico colombiano Sixto Galindo, que em conseq\u00fc\u00eancia de seu trabalho, vai viver em Cuenca e depois Guayaquil j\u00e1 com seu filho. Em ambas as cidades Dolores promove saraus po\u00e9ticos.<\/p>\n<p>Recebe por isso muitos ataques pessoais principalmente de Frei Vicente Solano quando decide escrever um folheto intitulado &#8220;Obitu\u00e1rio&#8221; em defesa do ind\u00edgena Tiburcio Lucero, que foi condenado \u00e0 morte por assassinar seu pai, quando no Equador n\u00e3o havia qualquer lei referente \u00e0 pena capital. <\/p>\n<p>Estes fatos, juntamente as constantes infidelidades e o conseq\u00fcente abandono do marido, fazem com que Dolores entre em grande crise depressiva, que em 23 de maio de 1857 a leva ao suic\u00eddio, ingerindo cianureto encontrado na mala do seu marido.<\/p>\n<p>Deixou apenas um bilhete para a sua m\u00e3e, onde dizia: <\/p>\n<p><em>Mamita adorada:<br \/>\nPerd\u00f3n una y mil veces. No me llore. Le env\u00edo mi retrato, bend\u00edgalo: la bendici\u00f3n de una madre alcanza hasta la eternidad. Cuide de mi hijo y dele un adi\u00f3s al desgraciado Galindo. Me he suicidado.&#8221;<br \/>\nD. V.<\/em><\/p>\n<p>Por ter se suicidado n\u00e3o pode ser enterrada em terra santa, por\u00e9m algum tempo depois o marido exumou seu cad\u00e1ver e at\u00e9 a data n\u00e3o se sabe para onde foram levados seus restos mortais. <\/p>\n<p>Dolores Veintimilla tem como estilo versos rimados, quase musicais e praticamente nunca se valeu de figuras de imagens ou met\u00e1foras liter\u00e1rias para expressar em seus versos a dor que sentia.<\/p>\n","protected":false},"excerpt":{"rendered":"<p>Dolores Veintimilla nasceu em Quito no ano 1829, filha de uma fam\u00edlia abastada, recebeu a melhor educa\u00e7\u00e3o que uma mulher poderia ter naqueles tempos, e gra\u00e7as a sua sensibilidade art\u00edstica come\u00e7ou a escrever muito cedo. Casou-se aos 18 anos com &hellip; <a href=\"https:\/\/blogs.utopia.org.br\/poesialatina\/biografias\/dolores-veintimilla\/\">Continue lendo <span class=\"meta-nav\">&rarr;<\/span><\/a><\/p>\n","protected":false},"author":14,"featured_media":0,"parent":14,"menu_order":0,"comment_status":"open","ping_status":"open","template":"","meta":{"_monsterinsights_skip_tracking":false,"_monsterinsights_sitenote_active":false,"_monsterinsights_sitenote_note":"","_monsterinsights_sitenote_category":0,"ngg_post_thumbnail":0,"footnotes":""},"class_list":["post-755","page","type-page","status-publish","hentry"],"_links":{"self":[{"href":"https:\/\/blogs.utopia.org.br\/poesialatina\/wp-json\/wp\/v2\/pages\/755","targetHints":{"allow":["GET"]}}],"collection":[{"href":"https:\/\/blogs.utopia.org.br\/poesialatina\/wp-json\/wp\/v2\/pages"}],"about":[{"href":"https:\/\/blogs.utopia.org.br\/poesialatina\/wp-json\/wp\/v2\/types\/page"}],"author":[{"embeddable":true,"href":"https:\/\/blogs.utopia.org.br\/poesialatina\/wp-json\/wp\/v2\/users\/14"}],"replies":[{"embeddable":true,"href":"https:\/\/blogs.utopia.org.br\/poesialatina\/wp-json\/wp\/v2\/comments?post=755"}],"version-history":[{"count":2,"href":"https:\/\/blogs.utopia.org.br\/poesialatina\/wp-json\/wp\/v2\/pages\/755\/revisions"}],"predecessor-version":[{"id":758,"href":"https:\/\/blogs.utopia.org.br\/poesialatina\/wp-json\/wp\/v2\/pages\/755\/revisions\/758"}],"up":[{"embeddable":true,"href":"https:\/\/blogs.utopia.org.br\/poesialatina\/wp-json\/wp\/v2\/pages\/14"}],"wp:attachment":[{"href":"https:\/\/blogs.utopia.org.br\/poesialatina\/wp-json\/wp\/v2\/media?parent=755"}],"curies":[{"name":"wp","href":"https:\/\/api.w.org\/{rel}","templated":true}]}}