{"id":651,"date":"2009-02-25T13:36:24","date_gmt":"2009-02-25T16:36:24","guid":{"rendered":"http:\/\/blogs.utopia.org.br\/poesialatina\/?page_id=651"},"modified":"2009-02-25T20:32:00","modified_gmt":"2009-02-25T23:32:00","slug":"gabriela-mistral","status":"publish","type":"page","link":"https:\/\/blogs.utopia.org.br\/poesialatina\/biografias\/gabriela-mistral\/","title":{"rendered":"Gabriela Mistral"},"content":{"rendered":"<p><img decoding=\"async\" src=\"https:\/\/blogs.utopia.org.br\/poesialatina\/files\/gabriela_mistral.jpg\" alt=\"\" class=\"alignleft size-full wp-image-652\" \/>Poetisa chilena (7\/4\/1889-10\/1\/1957). Foi a primeira escritora latino-americana a receber o Pr\u00eamio Nobel de Literatura, em 1945. Sua poesia \u00fanica e repleta de imagens singulares n\u00e3o mostra influ\u00eancias do modernismo nem das vanguardas. Descendente de espanh\u00f3is, bascos e \u00edndios, Lucila Godoy Alcayaga nasceu em Vicu\u00f1a, uma vila do norte do Chile.<\/p>\n<p>Com apenas 15 anos come\u00e7ou a dar aulas. Seu noivo cometeu suic\u00eddio em 1907, fato que marcou a obra e vida de Gabriela Mistral, nunca se casou e se dedicou somente ao trabalho. Venceu um concurso liter\u00e1rio chileno em 1914 com Sonetos de la Muerte, assinados com o pseud\u00f4nimo Gabriela Mistral, formado a partir do nome de dois poetas que admirava o italiano Gabriele D&#8217;Annunzio e o franc\u00eas Fr\u00e9d\u00e9ric Mistral.<\/p>\n<p>Seu primeiro livro de poesias, Desolaci\u00f3n (1922), inclui o poema Dolor, no qual fala da perda do amado. O sentimento de maternidade frustrada aparece nos trabalhos seguintes, Ternura (1924) e Tala (1938). Colaborou na reforma educacional do M\u00e9xico e do Chile. Representou seu pa\u00eds como consulesa em N\u00e1poles, Madri, Lisboa e Rio de Janeiro. Em 1954 publica Lagar.<\/p>\n<p>Lecionou literatura espanhola na Universidade de Columbia. Morreu em Hempstead, no estado de Nova York.<\/p>\n","protected":false},"excerpt":{"rendered":"<p>Poetisa chilena (7\/4\/1889-10\/1\/1957). Foi a primeira escritora latino-americana a receber o Pr\u00eamio Nobel de Literatura, em 1945. Sua poesia \u00fanica e repleta de imagens singulares n\u00e3o mostra influ\u00eancias do modernismo nem das vanguardas. Descendente de espanh\u00f3is, bascos e \u00edndios, Lucila &hellip; <a href=\"https:\/\/blogs.utopia.org.br\/poesialatina\/biografias\/gabriela-mistral\/\">Continue lendo <span class=\"meta-nav\">&rarr;<\/span><\/a><\/p>\n","protected":false},"author":22,"featured_media":0,"parent":14,"menu_order":0,"comment_status":"open","ping_status":"open","template":"","meta":{"_monsterinsights_skip_tracking":false,"_monsterinsights_sitenote_active":false,"_monsterinsights_sitenote_note":"","_monsterinsights_sitenote_category":0,"ngg_post_thumbnail":0,"footnotes":""},"class_list":["post-651","page","type-page","status-publish","hentry"],"_links":{"self":[{"href":"https:\/\/blogs.utopia.org.br\/poesialatina\/wp-json\/wp\/v2\/pages\/651","targetHints":{"allow":["GET"]}}],"collection":[{"href":"https:\/\/blogs.utopia.org.br\/poesialatina\/wp-json\/wp\/v2\/pages"}],"about":[{"href":"https:\/\/blogs.utopia.org.br\/poesialatina\/wp-json\/wp\/v2\/types\/page"}],"author":[{"embeddable":true,"href":"https:\/\/blogs.utopia.org.br\/poesialatina\/wp-json\/wp\/v2\/users\/22"}],"replies":[{"embeddable":true,"href":"https:\/\/blogs.utopia.org.br\/poesialatina\/wp-json\/wp\/v2\/comments?post=651"}],"version-history":[{"count":4,"href":"https:\/\/blogs.utopia.org.br\/poesialatina\/wp-json\/wp\/v2\/pages\/651\/revisions"}],"predecessor-version":[{"id":671,"href":"https:\/\/blogs.utopia.org.br\/poesialatina\/wp-json\/wp\/v2\/pages\/651\/revisions\/671"}],"up":[{"embeddable":true,"href":"https:\/\/blogs.utopia.org.br\/poesialatina\/wp-json\/wp\/v2\/pages\/14"}],"wp:attachment":[{"href":"https:\/\/blogs.utopia.org.br\/poesialatina\/wp-json\/wp\/v2\/media?parent=651"}],"curies":[{"name":"wp","href":"https:\/\/api.w.org\/{rel}","templated":true}]}}