{"id":549,"date":"2009-02-19T23:28:01","date_gmt":"2009-02-20T02:28:01","guid":{"rendered":"http:\/\/blogs.utopia.org.br\/poesialatina\/?page_id=549"},"modified":"2009-02-20T14:20:23","modified_gmt":"2009-02-20T17:20:23","slug":"violeta-parra","status":"publish","type":"page","link":"https:\/\/blogs.utopia.org.br\/poesialatina\/biografias\/violeta-parra\/","title":{"rendered":"Violeta Parra"},"content":{"rendered":"<p><img loading=\"lazy\" decoding=\"async\" src=\"https:\/\/blogs.utopia.org.br\/poesialatina\/files\/violeta_parra_a.jpg\" alt=\"\" width=\"145\" height=\"200\" class=\"alignleft size-full wp-image-585\" \/>Folclorista, tapeceira, pintora e ceramista, nasceu em 4 de outubro de 1917 em San Carlos, prov\u00edncia de \u00d1uble. Realizou seus estudos escolares at\u00e9 o segundo ano do secund\u00e1rio, abandonando-os em 1934, para trabalhar e cantar com seus irm\u00e3os em bares e circos, desenvolvendo uma importante carreira musical, que se originou de maneira autodidata, a partir dos 9 anos. <\/p>\n<p>Em 1938, se casou pela primeira vez e dessa uni\u00e3o, teve dois filhos. Viveu em Valpara\u00edso entre 1943 e 1945, e voltou a Santiago, para cantar junto com seus filhos Isabel e \u00c1ngel. Em 1949 voltou a se casar e teve duas filhas dessa nova uni\u00e3o. <\/p>\n<p>Em 1952 come\u00e7ou a pesquisar as ra\u00edzes folcl\u00f3ricas chilenas e comp\u00f4s os primeiros temas musicais que a fariam famosa. Em 1954, quando j\u00e1 tinha o seu pr\u00f3prio programa de r\u00e1dio, come\u00e7ou um rigoroso estudo das manifesta\u00e7\u00f5es art\u00edsticas populares. Durante 1955 visitou a Uni\u00e3o Sovi\u00e9tica, Londres e Paris, cidade onde residiu dois anos. Realizou grava\u00e7\u00f5es para a BBC e os selos Ode\u00f3n e &#8220;Chant du Monde&#8221;. <\/p>\n<p>Em 1957 se radicou em Concepci\u00f3n, voltando a Santiago no ano seguinte para come\u00e7ar sua produ\u00e7\u00e3o pl\u00e1stica. Percorreu todo o pa\u00eds, recopilando e difundindo informa\u00e7\u00f5es sobre o folclore. Em 1961 mudou-se para a Argentina, onde fez grande sucesso com suas apresenta\u00e7\u00f5es. Voltou a Paris e ali permaneceu por tr\u00eas anos percorrendo varias cidades da Europa, destacando-se suas visitas a Genebra. <\/p>\n<p>Em 1965 voltou ao Chile, viajou para a Bol\u00edvia e ao seu regresso ao pa\u00eds, continuou suas apresenta\u00e7\u00f5es na tenda instalada na comunidade de La Reina; nesse lugar, a 5 de fevereiro 1967, suicidou-se.<\/p>\n","protected":false},"excerpt":{"rendered":"<p>Folclorista, tapeceira, pintora e ceramista, nasceu em 4 de outubro de 1917 em San Carlos, prov\u00edncia de \u00d1uble. Realizou seus estudos escolares at\u00e9 o segundo ano do secund\u00e1rio, abandonando-os em 1934, para trabalhar e cantar com seus irm\u00e3os em bares &hellip; <a href=\"https:\/\/blogs.utopia.org.br\/poesialatina\/biografias\/violeta-parra\/\">Continue lendo <span class=\"meta-nav\">&rarr;<\/span><\/a><\/p>\n","protected":false},"author":14,"featured_media":0,"parent":14,"menu_order":0,"comment_status":"open","ping_status":"open","template":"","meta":{"_monsterinsights_skip_tracking":false,"_monsterinsights_sitenote_active":false,"_monsterinsights_sitenote_note":"","_monsterinsights_sitenote_category":0,"ngg_post_thumbnail":0,"footnotes":""},"class_list":["post-549","page","type-page","status-publish","hentry"],"_links":{"self":[{"href":"https:\/\/blogs.utopia.org.br\/poesialatina\/wp-json\/wp\/v2\/pages\/549","targetHints":{"allow":["GET"]}}],"collection":[{"href":"https:\/\/blogs.utopia.org.br\/poesialatina\/wp-json\/wp\/v2\/pages"}],"about":[{"href":"https:\/\/blogs.utopia.org.br\/poesialatina\/wp-json\/wp\/v2\/types\/page"}],"author":[{"embeddable":true,"href":"https:\/\/blogs.utopia.org.br\/poesialatina\/wp-json\/wp\/v2\/users\/14"}],"replies":[{"embeddable":true,"href":"https:\/\/blogs.utopia.org.br\/poesialatina\/wp-json\/wp\/v2\/comments?post=549"}],"version-history":[{"count":3,"href":"https:\/\/blogs.utopia.org.br\/poesialatina\/wp-json\/wp\/v2\/pages\/549\/revisions"}],"predecessor-version":[{"id":586,"href":"https:\/\/blogs.utopia.org.br\/poesialatina\/wp-json\/wp\/v2\/pages\/549\/revisions\/586"}],"up":[{"embeddable":true,"href":"https:\/\/blogs.utopia.org.br\/poesialatina\/wp-json\/wp\/v2\/pages\/14"}],"wp:attachment":[{"href":"https:\/\/blogs.utopia.org.br\/poesialatina\/wp-json\/wp\/v2\/media?parent=549"}],"curies":[{"name":"wp","href":"https:\/\/api.w.org\/{rel}","templated":true}]}}