{"id":513,"date":"2009-02-18T13:40:40","date_gmt":"2009-02-18T16:40:40","guid":{"rendered":"http:\/\/blogs.utopia.org.br\/poesialatina\/?page_id=513"},"modified":"2009-02-20T09:13:12","modified_gmt":"2009-02-20T12:13:12","slug":"octavio-paz","status":"publish","type":"page","link":"https:\/\/blogs.utopia.org.br\/poesialatina\/biografias\/octavio-paz\/","title":{"rendered":"Octavio Paz"},"content":{"rendered":"<p><a href=\"https:\/\/blogs.utopia.org.br\/poesialatina\/files\/octavio_paz.jpg\"><img loading=\"lazy\" decoding=\"async\" src=\"https:\/\/blogs.utopia.org.br\/poesialatina\/files\/octavio_paz.jpg\" alt=\"\" width=\"145\" height=\"200\" class=\"alignleft size-full wp-image-514\" \/><\/a>Nasceu na Cidade do M\u00e9xico (M\u00e9xico) em 1914. Ganhou o Pr\u00eamio Nobel de Literatura em 1990. Foi poeta, ensa\u00edsta e ardente antifascista nos anos anteriores e durante a Segunda Guerra Mundial, nessa \u00e9poca escreveu a cole\u00e7\u00e3o de poemas &#8220;Bajo tu Clara Sombra&#8221;. <\/p>\n<p>Manteve contato com personalidades importantes como Pablo Neruda, Xavier, Albert Camus, entre outros. Cultivou o surrealismo e sua obra po\u00e9tica tem import\u00e2ncia, n\u00e3o s\u00f3 como poesia, mas como reflex\u00e3o sobre todo \u00e2mbito da ocupa\u00e7\u00e3o po\u00e9tica. Seu interesse pelas culturas primitivas levou-o em 1951 \u00e0 \u00cdndia, onde viveu durante anos, como embaixador. Renunciou em 1968, em sinal de protesto ao massacre na Pra\u00e7a das Tr\u00eas Culturas (Tlatelolco), quando o governo mexicano reprimiu \u00e0 bala manifesta\u00e7\u00e3o estudantil durante os Jogos Ol\u00edmpicos. <\/p>\n<p>Entre seus trabalhos po\u00e9ticos de fim de s\u00e9culo est\u00e3o: &#8220;La Llama Doble&#8221;; &#8220;Amor y Erotismo&#8221;; &#8220;Vislumbre de la India&#8221;. Nos \u00faltimos anos, de sua vida, publicou intensamente, interveio (n\u00e3o para a alegria de todos) nos rumos de seu pa\u00eds, organizou suas obras completas, acrescentou-lhe, poemas, ensaios e mem\u00f3rias. Morreu na capital mexicana em 1998. <\/p>\n","protected":false},"excerpt":{"rendered":"<p>Nasceu na Cidade do M\u00e9xico (M\u00e9xico) em 1914. Ganhou o Pr\u00eamio Nobel de Literatura em 1990. Foi poeta, ensa\u00edsta e ardente antifascista nos anos anteriores e durante a Segunda Guerra Mundial, nessa \u00e9poca escreveu a cole\u00e7\u00e3o de poemas &#8220;Bajo tu &hellip; <a href=\"https:\/\/blogs.utopia.org.br\/poesialatina\/biografias\/octavio-paz\/\">Continue lendo <span class=\"meta-nav\">&rarr;<\/span><\/a><\/p>\n","protected":false},"author":22,"featured_media":0,"parent":14,"menu_order":0,"comment_status":"open","ping_status":"open","template":"","meta":{"_monsterinsights_skip_tracking":false,"_monsterinsights_sitenote_active":false,"_monsterinsights_sitenote_note":"","_monsterinsights_sitenote_category":0,"ngg_post_thumbnail":0,"footnotes":""},"class_list":["post-513","page","type-page","status-publish","hentry"],"_links":{"self":[{"href":"https:\/\/blogs.utopia.org.br\/poesialatina\/wp-json\/wp\/v2\/pages\/513","targetHints":{"allow":["GET"]}}],"collection":[{"href":"https:\/\/blogs.utopia.org.br\/poesialatina\/wp-json\/wp\/v2\/pages"}],"about":[{"href":"https:\/\/blogs.utopia.org.br\/poesialatina\/wp-json\/wp\/v2\/types\/page"}],"author":[{"embeddable":true,"href":"https:\/\/blogs.utopia.org.br\/poesialatina\/wp-json\/wp\/v2\/users\/22"}],"replies":[{"embeddable":true,"href":"https:\/\/blogs.utopia.org.br\/poesialatina\/wp-json\/wp\/v2\/comments?post=513"}],"version-history":[{"count":5,"href":"https:\/\/blogs.utopia.org.br\/poesialatina\/wp-json\/wp\/v2\/pages\/513\/revisions"}],"predecessor-version":[{"id":558,"href":"https:\/\/blogs.utopia.org.br\/poesialatina\/wp-json\/wp\/v2\/pages\/513\/revisions\/558"}],"up":[{"embeddable":true,"href":"https:\/\/blogs.utopia.org.br\/poesialatina\/wp-json\/wp\/v2\/pages\/14"}],"wp:attachment":[{"href":"https:\/\/blogs.utopia.org.br\/poesialatina\/wp-json\/wp\/v2\/media?parent=513"}],"curies":[{"name":"wp","href":"https:\/\/api.w.org\/{rel}","templated":true}]}}