{"id":499,"date":"2009-02-17T22:57:58","date_gmt":"2009-02-18T01:57:58","guid":{"rendered":"http:\/\/blogs.utopia.org.br\/poesialatina\/?page_id=499"},"modified":"2009-02-20T09:12:09","modified_gmt":"2009-02-20T12:12:09","slug":"pablo-neruda","status":"publish","type":"page","link":"https:\/\/blogs.utopia.org.br\/poesialatina\/biografias\/pablo-neruda\/","title":{"rendered":"Pablo Neruda"},"content":{"rendered":"<p><img loading=\"lazy\" decoding=\"async\" src=\"https:\/\/blogs.utopia.org.br\/poesialatina\/files\/pablo_neruda1.jpg\" alt=\"\" width=\"145\" height=\"200\" class=\"alignleft size-full wp-image-505\" \/>Poeta chileno (12\/7\/1904-23\/9\/1973). Pr\u00eamio Nobel de Literatura de 1971, militante comunista, antifascista e anticlerical, \u00e9 considerado uma das maiores vozes da poesia latino-americana, autor de Vinte Poemas de Amor e uma Can\u00e7\u00e3o Desesperada (1924). Neft\u00e1li Ricardo Reyes nasceu em Parral. <\/p>\n<p>Demonstrou precoce talento para a poesia, mudou o nome para Pablo Neruda ainda na adolesc\u00eancia, em homenagem ao escritor tcheco Jan Neruda. Seu primeiro trabalho, os poemas de Crepuscul\u00e1rio &#8211; de inspira\u00e7\u00e3o rom\u00e2ntica, escritos em linguagem tradicional -, foram publicados em 1919. Em 1927, j\u00e1 famoso ap\u00f3s o lan\u00e7amento dos Vinte Poemas, ingressa no servi\u00e7o diplom\u00e1tico chileno. Em 1936 foi nomeado para trabalhar na Espanha, onde acompanhou de perto a Guerra Civil Espanhola. A guerra o deixou horrorizado e o converteu ao comunismo. <\/p>\n<p>Em 1945 volta ao Chile e foi eleito senador. A partir de 1947 passa a fazer poesia com engajamento pol\u00edtico. O ponto mais alto dessa fase \u00e9 o Canto Geral do Chile (1950). Seu \u00faltimo posto diplom\u00e1tico foi o de embaixador chileno em Paris, em 1970. De volta ao Chile em 1973, morreu em Santiago 12 dias ap\u00f3s o golpe militar que derrubou o amigo Salvador Allende da Presid\u00eancia da Rep\u00fablica.<\/p>\n","protected":false},"excerpt":{"rendered":"<p>Poeta chileno (12\/7\/1904-23\/9\/1973). Pr\u00eamio Nobel de Literatura de 1971, militante comunista, antifascista e anticlerical, \u00e9 considerado uma das maiores vozes da poesia latino-americana, autor de Vinte Poemas de Amor e uma Can\u00e7\u00e3o Desesperada (1924). Neft\u00e1li Ricardo Reyes nasceu em Parral. &hellip; <a href=\"https:\/\/blogs.utopia.org.br\/poesialatina\/biografias\/pablo-neruda\/\">Continue lendo <span class=\"meta-nav\">&rarr;<\/span><\/a><\/p>\n","protected":false},"author":22,"featured_media":0,"parent":14,"menu_order":0,"comment_status":"open","ping_status":"open","template":"","meta":{"_monsterinsights_skip_tracking":false,"_monsterinsights_sitenote_active":false,"_monsterinsights_sitenote_note":"","_monsterinsights_sitenote_category":0,"ngg_post_thumbnail":0,"footnotes":""},"class_list":["post-499","page","type-page","status-publish","hentry"],"_links":{"self":[{"href":"https:\/\/blogs.utopia.org.br\/poesialatina\/wp-json\/wp\/v2\/pages\/499","targetHints":{"allow":["GET"]}}],"collection":[{"href":"https:\/\/blogs.utopia.org.br\/poesialatina\/wp-json\/wp\/v2\/pages"}],"about":[{"href":"https:\/\/blogs.utopia.org.br\/poesialatina\/wp-json\/wp\/v2\/types\/page"}],"author":[{"embeddable":true,"href":"https:\/\/blogs.utopia.org.br\/poesialatina\/wp-json\/wp\/v2\/users\/22"}],"replies":[{"embeddable":true,"href":"https:\/\/blogs.utopia.org.br\/poesialatina\/wp-json\/wp\/v2\/comments?post=499"}],"version-history":[{"count":6,"href":"https:\/\/blogs.utopia.org.br\/poesialatina\/wp-json\/wp\/v2\/pages\/499\/revisions"}],"predecessor-version":[{"id":557,"href":"https:\/\/blogs.utopia.org.br\/poesialatina\/wp-json\/wp\/v2\/pages\/499\/revisions\/557"}],"up":[{"embeddable":true,"href":"https:\/\/blogs.utopia.org.br\/poesialatina\/wp-json\/wp\/v2\/pages\/14"}],"wp:attachment":[{"href":"https:\/\/blogs.utopia.org.br\/poesialatina\/wp-json\/wp\/v2\/media?parent=499"}],"curies":[{"name":"wp","href":"https:\/\/api.w.org\/{rel}","templated":true}]}}