{"id":449,"date":"2009-02-17T15:01:23","date_gmt":"2009-02-17T18:01:23","guid":{"rendered":"http:\/\/blogs.utopia.org.br\/poesialatina\/?page_id=449"},"modified":"2009-02-17T15:01:23","modified_gmt":"2009-02-17T18:01:23","slug":"marguerite-duras","status":"publish","type":"page","link":"https:\/\/blogs.utopia.org.br\/poesialatina\/biografias\/marguerite-duras\/","title":{"rendered":"Marguerite Duras"},"content":{"rendered":"<p><img loading=\"lazy\" decoding=\"async\" src=\"https:\/\/blogs.utopia.org.br\/poesialatina\/files\/marguerite_duras.jpg\" alt=\"\" width=\"145\" height=\"200\" class=\"alignleft size-full wp-image-450\" \/>Marguerite Duras (pseud\u00f4nimo de Marguerite Donnadieu) nasceu em 1914, em Gia Dihn, Indochina Francesa (hoje Vietn\u00e3) , onde passou sua inf\u00e2ncia e adolesc\u00eancia.<\/p>\n<p>Ap\u00f3s a morte do marido, em 1918, a m\u00e3e de Duras conseguiu uma pequena concess\u00e3o de terra no Camboja (ent\u00e3o col\u00f4nia francesa), mas o terreno se mostraria incultiv\u00e1vel e sua fam\u00edlia viria a perder quase tudo com a chegada das enchentes.<\/p>\n<p>Esses dias na \u00c1sia marcaram profundamente a vida de Duras. \u00c9 a respeito dessa \u00e9poca uma de suas obras mais importantes, Barragem Contra o Pac\u00edfico (1950).<\/p>\n<p>Aos 18 anos, muda-se para Paris, para concluir seus estudos. Em 1939, casa-se com o poeta Robert Antelme. Durante a Segunda Guerra, toma parte na Resist\u00eancia Francesa \u00e0 invas\u00e3o nazista. Muito tempo depois, em maio de 1968, participaria da a\u00e7\u00e3o revolucion\u00e1ria de estudantes e escritores da Sorbonne.<\/p>\n<p>Entre suas obras de maior destaque est\u00e3o O Amante (1984), que lhe rendeu o Pr\u00eamio Goncourt &#8211; o mais importante da literatura francesa -, O Deslumbramento (1964) e A Dor (1985).<\/p>\n<p>Depois do sucesso de Hiroshima Mon Amour (1960), passou a dirigir seus pr\u00f3prios roteiros cinematogr\u00e1ficos. Entre seus trabalhos mais importantes para o cinema est\u00e3o Nathalie Granger (1972) e Son Nom de Venise dans Calcuta D\u00e9sert (1976).<\/p>\n<p>Marguerite Duras morreu no dia 3 de mar\u00e7o de 1996, em Paris<\/p>\n","protected":false},"excerpt":{"rendered":"<p>Marguerite Duras (pseud\u00f4nimo de Marguerite Donnadieu) nasceu em 1914, em Gia Dihn, Indochina Francesa (hoje Vietn\u00e3) , onde passou sua inf\u00e2ncia e adolesc\u00eancia. Ap\u00f3s a morte do marido, em 1918, a m\u00e3e de Duras conseguiu uma pequena concess\u00e3o de terra &hellip; <a href=\"https:\/\/blogs.utopia.org.br\/poesialatina\/biografias\/marguerite-duras\/\">Continue lendo <span class=\"meta-nav\">&rarr;<\/span><\/a><\/p>\n","protected":false},"author":14,"featured_media":0,"parent":14,"menu_order":0,"comment_status":"open","ping_status":"open","template":"","meta":{"_monsterinsights_skip_tracking":false,"_monsterinsights_sitenote_active":false,"_monsterinsights_sitenote_note":"","_monsterinsights_sitenote_category":0,"ngg_post_thumbnail":0,"footnotes":""},"class_list":["post-449","page","type-page","status-publish","hentry"],"_links":{"self":[{"href":"https:\/\/blogs.utopia.org.br\/poesialatina\/wp-json\/wp\/v2\/pages\/449","targetHints":{"allow":["GET"]}}],"collection":[{"href":"https:\/\/blogs.utopia.org.br\/poesialatina\/wp-json\/wp\/v2\/pages"}],"about":[{"href":"https:\/\/blogs.utopia.org.br\/poesialatina\/wp-json\/wp\/v2\/types\/page"}],"author":[{"embeddable":true,"href":"https:\/\/blogs.utopia.org.br\/poesialatina\/wp-json\/wp\/v2\/users\/14"}],"replies":[{"embeddable":true,"href":"https:\/\/blogs.utopia.org.br\/poesialatina\/wp-json\/wp\/v2\/comments?post=449"}],"version-history":[{"count":2,"href":"https:\/\/blogs.utopia.org.br\/poesialatina\/wp-json\/wp\/v2\/pages\/449\/revisions"}],"predecessor-version":[{"id":452,"href":"https:\/\/blogs.utopia.org.br\/poesialatina\/wp-json\/wp\/v2\/pages\/449\/revisions\/452"}],"up":[{"embeddable":true,"href":"https:\/\/blogs.utopia.org.br\/poesialatina\/wp-json\/wp\/v2\/pages\/14"}],"wp:attachment":[{"href":"https:\/\/blogs.utopia.org.br\/poesialatina\/wp-json\/wp\/v2\/media?parent=449"}],"curies":[{"name":"wp","href":"https:\/\/api.w.org\/{rel}","templated":true}]}}