{"id":325,"date":"2009-02-11T09:31:29","date_gmt":"2009-02-11T11:31:29","guid":{"rendered":"http:\/\/blogs.utopia.org.br\/poesialatina\/?page_id=325"},"modified":"2009-02-14T09:59:24","modified_gmt":"2009-02-14T11:59:24","slug":"miguel-hernandez","status":"publish","type":"page","link":"https:\/\/blogs.utopia.org.br\/poesialatina\/biografias\/miguel-hernandez\/","title":{"rendered":"Miguel Hern\u00e1ndez"},"content":{"rendered":"<p><img loading=\"lazy\" decoding=\"async\" src=\"https:\/\/blogs.utopia.org.br\/poesialatina\/files\/miguel_hernandez.jpg\" alt=\"\" width=\"145\" height=\"200\" class=\"alignleft size-full wp-image-326\" \/> Nasceu em 30 de outubro de 1910 em Orihuela (Alicante), Espanha. Sua fam\u00edlia tinha poucas posses e Miguel, trabalhava como pastor e tratador de gado. Durante o prim\u00e1rio, Estudou nas &#8220;Escuelas Del Avemaria&#8221; e depois, como bolsista, no col\u00e9gio dos jesu\u00edtas at\u00e9 os 14 anos. Teve ent\u00e3o, que se dedicar ao trabalho e somente sua for\u00e7a de vontade o manteve perto dos livros que os amigos lhe emprestavam. <\/p>\n<p>Em 1931, partiu para Madrid com o intuito de fazer fortuna, mas logo regressou a sua cidade sem ter conseguido alcan\u00e7ar seu objetivo. Superada essa primeira etapa de sua vida, adotou ainda um estilo gongorino e barroco e fez uma nova viagem a Madrid, onde estabeleceu amizade com os poetas da gera\u00e7\u00e3o de 27 e 36. Quando se iniciou a Guerra Civil espanhola, alistou-se no ex\u00e9rcito republicano como comiss\u00e1rio de atividades culturais e de propaganda. <\/p>\n<p>Casou em 1937 com Josefina Manresa. Com a derrota da Rep\u00fablica, foi preso e condenado \u00e0 morte, mas teve sua pena trocada por trinta anos de pris\u00e3o. Tuberculoso, morreu na pris\u00e3o de Alicante em 28 de mar\u00e7o de 1942.<\/p>\n","protected":false},"excerpt":{"rendered":"<p>Nasceu em 30 de outubro de 1910 em Orihuela (Alicante), Espanha. Sua fam\u00edlia tinha poucas posses e Miguel, trabalhava como pastor e tratador de gado. Durante o prim\u00e1rio, Estudou nas &#8220;Escuelas Del Avemaria&#8221; e depois, como bolsista, no col\u00e9gio dos &hellip; <a href=\"https:\/\/blogs.utopia.org.br\/poesialatina\/biografias\/miguel-hernandez\/\">Continue lendo <span class=\"meta-nav\">&rarr;<\/span><\/a><\/p>\n","protected":false},"author":14,"featured_media":0,"parent":14,"menu_order":0,"comment_status":"open","ping_status":"open","template":"","meta":{"_monsterinsights_skip_tracking":false,"_monsterinsights_sitenote_active":false,"_monsterinsights_sitenote_note":"","_monsterinsights_sitenote_category":0,"ngg_post_thumbnail":0,"footnotes":""},"class_list":["post-325","page","type-page","status-publish","hentry"],"_links":{"self":[{"href":"https:\/\/blogs.utopia.org.br\/poesialatina\/wp-json\/wp\/v2\/pages\/325","targetHints":{"allow":["GET"]}}],"collection":[{"href":"https:\/\/blogs.utopia.org.br\/poesialatina\/wp-json\/wp\/v2\/pages"}],"about":[{"href":"https:\/\/blogs.utopia.org.br\/poesialatina\/wp-json\/wp\/v2\/types\/page"}],"author":[{"embeddable":true,"href":"https:\/\/blogs.utopia.org.br\/poesialatina\/wp-json\/wp\/v2\/users\/14"}],"replies":[{"embeddable":true,"href":"https:\/\/blogs.utopia.org.br\/poesialatina\/wp-json\/wp\/v2\/comments?post=325"}],"version-history":[{"count":5,"href":"https:\/\/blogs.utopia.org.br\/poesialatina\/wp-json\/wp\/v2\/pages\/325\/revisions"}],"predecessor-version":[{"id":349,"href":"https:\/\/blogs.utopia.org.br\/poesialatina\/wp-json\/wp\/v2\/pages\/325\/revisions\/349"}],"up":[{"embeddable":true,"href":"https:\/\/blogs.utopia.org.br\/poesialatina\/wp-json\/wp\/v2\/pages\/14"}],"wp:attachment":[{"href":"https:\/\/blogs.utopia.org.br\/poesialatina\/wp-json\/wp\/v2\/media?parent=325"}],"curies":[{"name":"wp","href":"https:\/\/api.w.org\/{rel}","templated":true}]}}