{"id":276,"date":"2009-02-07T20:30:34","date_gmt":"2009-02-07T22:30:34","guid":{"rendered":"http:\/\/blogs.utopia.org.br\/poesialatina\/?page_id=276"},"modified":"2023-05-23T13:15:09","modified_gmt":"2023-05-23T16:15:09","slug":"mario-benedetti","status":"publish","type":"page","link":"https:\/\/blogs.utopia.org.br\/poesialatina\/biografias\/mario-benedetti\/","title":{"rendered":"Mario Benedetti"},"content":{"rendered":"<p><img loading=\"lazy\" decoding=\"async\" class=\"alignleft size-full wp-image-277\" src=\"https:\/\/blogs.utopia.org.br\/poesialatina\/files\/mario_benedetti.jpg\" alt=\"\" width=\"145\" height=\"200\" \/><\/p>\n<p>Nasceu em 14 de setembro de 1920 em Tacuaremb\u00f3, Uruguai. Em 1945 integrou a reda\u00e7\u00e3o do seman\u00e1rio Marcha e, em 1949, publicou seu primeiro livro de contos Esta Man\u00e3na. Um ano mais tarde aparecem os poemas S\u00f3lo Mientras Tanto.<\/p>\n<p>\u00c9 em 1960, com a publica\u00e7\u00e3o de La tregua, que alcan\u00e7a transcend\u00eancia internacional, com mais de uma centena de edi\u00e7\u00f5es traduzidas em 19 idiomas e levada ao cinema, ao teatro, ao r\u00e1dio e \u00e0 televis\u00e3o.<\/p>\n<p>Em 1973 teve que abandonar seu pa\u00eds por raz\u00f5es pol\u00edticas; viveu na Argentina, Cuba, Peru e Espanha. Sua vasta produ\u00e7\u00e3o liter\u00e1ria abrange todos os g\u00eaneros, incluindo famosas letras de can\u00e7\u00f5es.<\/p>\n<p>Muitos poemas de Mario Benedetti est\u00e3o na boca das pessoas, que os recordam de mem\u00f3ria, os repetem ao ouvido da pessoa amada, os citam em suas declara\u00e7\u00f5es rom\u00e2nticas ou os t\u00eam em mente na hora de rascunhar um verso; outros se converteram em can\u00e7\u00f5es e formam parte das frases cotidianas de quem tem transitado por seus versos.<\/p>\n<p>Poucos poetas h\u00e3o logrado estabelecer semelhante la\u00e7o com o p\u00fablico. A poesia de Benedetti renova a linguagem dos sentimentos, diz com uma voz original aquilo que \u00e9 patrim\u00f4nio de todos.<\/p>\n<p>Com a sa\u00fade debilitada e ap\u00f3s v\u00e1rias interna\u00e7\u00f5es, faleceu em 17 de maio de 2009, aos 88 anos, em sua casa, em Montevid\u00e9u.<\/p>\n<h4><a href=\"http:\/\/pt.wikipedia.org\/wiki\/Mario_Benedetti\" target=\"_blank\" rel=\"noopener\">\u00bb Mario Benedetti na Wikip\u00e9dia<\/a><\/h4>\n","protected":false},"excerpt":{"rendered":"<p>Nasceu em 14 de setembro de 1920 em Tacuaremb\u00f3, Uruguai. Em 1945 integrou a reda\u00e7\u00e3o do seman\u00e1rio Marcha e, em 1949, publicou seu primeiro livro de contos Esta Man\u00e3na. Um ano mais tarde aparecem os poemas S\u00f3lo Mientras Tanto. \u00c9 &hellip; <a href=\"https:\/\/blogs.utopia.org.br\/poesialatina\/biografias\/mario-benedetti\/\">Continue lendo <span class=\"meta-nav\">&rarr;<\/span><\/a><\/p>\n","protected":false},"author":14,"featured_media":0,"parent":14,"menu_order":0,"comment_status":"open","ping_status":"open","template":"","meta":{"_monsterinsights_skip_tracking":false,"_monsterinsights_sitenote_active":false,"_monsterinsights_sitenote_note":"","_monsterinsights_sitenote_category":0,"ngg_post_thumbnail":0,"footnotes":""},"class_list":["post-276","page","type-page","status-publish","hentry"],"_links":{"self":[{"href":"https:\/\/blogs.utopia.org.br\/poesialatina\/wp-json\/wp\/v2\/pages\/276","targetHints":{"allow":["GET"]}}],"collection":[{"href":"https:\/\/blogs.utopia.org.br\/poesialatina\/wp-json\/wp\/v2\/pages"}],"about":[{"href":"https:\/\/blogs.utopia.org.br\/poesialatina\/wp-json\/wp\/v2\/types\/page"}],"author":[{"embeddable":true,"href":"https:\/\/blogs.utopia.org.br\/poesialatina\/wp-json\/wp\/v2\/users\/14"}],"replies":[{"embeddable":true,"href":"https:\/\/blogs.utopia.org.br\/poesialatina\/wp-json\/wp\/v2\/comments?post=276"}],"version-history":[{"count":11,"href":"https:\/\/blogs.utopia.org.br\/poesialatina\/wp-json\/wp\/v2\/pages\/276\/revisions"}],"predecessor-version":[{"id":1602,"href":"https:\/\/blogs.utopia.org.br\/poesialatina\/wp-json\/wp\/v2\/pages\/276\/revisions\/1602"}],"up":[{"embeddable":true,"href":"https:\/\/blogs.utopia.org.br\/poesialatina\/wp-json\/wp\/v2\/pages\/14"}],"wp:attachment":[{"href":"https:\/\/blogs.utopia.org.br\/poesialatina\/wp-json\/wp\/v2\/media?parent=276"}],"curies":[{"name":"wp","href":"https:\/\/api.w.org\/{rel}","templated":true}]}}