{"id":217,"date":"2009-02-05T10:40:04","date_gmt":"2009-02-05T12:40:04","guid":{"rendered":"http:\/\/blogs.utopia.org.br\/poesialatina\/?page_id=217"},"modified":"2009-02-20T14:31:53","modified_gmt":"2009-02-20T17:31:53","slug":"antonio-machado","status":"publish","type":"page","link":"https:\/\/blogs.utopia.org.br\/poesialatina\/biografias\/antonio-machado\/","title":{"rendered":"Antonio Machado"},"content":{"rendered":"<p><img loading=\"lazy\" decoding=\"async\" src=\"https:\/\/blogs.utopia.org.br\/poesialatina\/files\/antonio_machado_a.jpg\" alt=\"\" width=\"145\" height=\"200\" class=\"alignleft size-full wp-image-588\" \/><\/a>Nasceu em 26 de julho de 1875 em Sevilha e aos oito anos mudou-se para Madrid. Poeta e prosista, pertenceu ao movimento liter\u00e1rio conhecido como &#8220;gera\u00e7\u00e3o de 98&#8221;. Provavelmente, ainda \u00e9 o poeta de sua \u00e9poca mais lido. <\/p>\n<p>Em 1893 publicou seus primeiros escritos em prosa, enquanto que seus primeiros poemas apareceram em 1901. Em 1899, viajou \u00e0 Paris, cidade que voltaria a visitar em 1902, ano em que conheceu Rub\u00e9n Dar\u00edo, que seria seu grande amigo por toda a vida. Em Madrid, por essa mesma \u00e9poca, conheceu Unamuno, Valle-Incl\u00e1n, Juan Ram\u00f3n Jimenez e outros destacados escritores com os quais manteve uma estreita amizade. Foi catedr\u00e1tico em franc\u00eas, e se casou com Leonor Izquierdo, que morreu em 1912. <\/p>\n<p>Em 1927 foi eleito membro da Real Academia Espa\u00f1ola. Durante os anos vinte e trinta, escreveu teatro em companhia de seu irm\u00e3o, tamb\u00e9m poeta, Manuel, estreando v\u00e1rias obras entre as quais se destacam: La Lola se va a los puertos, de 1929 e La Duquesa de Benameji, de 1931. Quando estourou a Guerra Civil espanhola, estava em Madrid. Posteriormente mudou-se para Valencia e Barcelona, e em janeiro de 1939 exilou-se em Colliure, Fran\u00e7a, onde morreu em 22 de fevereiro do mesmo ano.<\/p>\n<h4><a href=\"http:\/\/es.wikipedia.org\/wiki\/Antonio_Machado\" target=\"_self\">&#187; Antonio Machado<\/a><\/h4>\n","protected":false},"excerpt":{"rendered":"<p>Nasceu em 26 de julho de 1875 em Sevilha e aos oito anos mudou-se para Madrid. Poeta e prosista, pertenceu ao movimento liter\u00e1rio conhecido como &#8220;gera\u00e7\u00e3o de 98&#8221;. Provavelmente, ainda \u00e9 o poeta de sua \u00e9poca mais lido. Em 1893 &hellip; <a href=\"https:\/\/blogs.utopia.org.br\/poesialatina\/biografias\/antonio-machado\/\">Continue lendo <span class=\"meta-nav\">&rarr;<\/span><\/a><\/p>\n","protected":false},"author":14,"featured_media":0,"parent":14,"menu_order":0,"comment_status":"open","ping_status":"open","template":"","meta":{"_monsterinsights_skip_tracking":false,"_monsterinsights_sitenote_active":false,"_monsterinsights_sitenote_note":"","_monsterinsights_sitenote_category":0,"ngg_post_thumbnail":0,"footnotes":""},"class_list":["post-217","page","type-page","status-publish","hentry"],"_links":{"self":[{"href":"https:\/\/blogs.utopia.org.br\/poesialatina\/wp-json\/wp\/v2\/pages\/217","targetHints":{"allow":["GET"]}}],"collection":[{"href":"https:\/\/blogs.utopia.org.br\/poesialatina\/wp-json\/wp\/v2\/pages"}],"about":[{"href":"https:\/\/blogs.utopia.org.br\/poesialatina\/wp-json\/wp\/v2\/types\/page"}],"author":[{"embeddable":true,"href":"https:\/\/blogs.utopia.org.br\/poesialatina\/wp-json\/wp\/v2\/users\/14"}],"replies":[{"embeddable":true,"href":"https:\/\/blogs.utopia.org.br\/poesialatina\/wp-json\/wp\/v2\/comments?post=217"}],"version-history":[{"count":9,"href":"https:\/\/blogs.utopia.org.br\/poesialatina\/wp-json\/wp\/v2\/pages\/217\/revisions"}],"predecessor-version":[{"id":229,"href":"https:\/\/blogs.utopia.org.br\/poesialatina\/wp-json\/wp\/v2\/pages\/217\/revisions\/229"}],"up":[{"embeddable":true,"href":"https:\/\/blogs.utopia.org.br\/poesialatina\/wp-json\/wp\/v2\/pages\/14"}],"wp:attachment":[{"href":"https:\/\/blogs.utopia.org.br\/poesialatina\/wp-json\/wp\/v2\/media?parent=217"}],"curies":[{"name":"wp","href":"https:\/\/api.w.org\/{rel}","templated":true}]}}