{"id":2,"date":"2009-02-03T11:40:55","date_gmt":"2009-02-03T14:40:55","guid":{"rendered":""},"modified":"2023-05-22T22:57:04","modified_gmt":"2023-05-23T01:57:04","slug":"sobre","status":"publish","type":"page","link":"https:\/\/blogs.utopia.org.br\/poesialatina\/sobre\/","title":{"rendered":"<b>Sobre&nbsp;o&nbsp;blog<\/b>"},"content":{"rendered":"<p>Nosso projeto, que teve in\u00edcio em sala de aula, evoluiu e tornou-se algo mais significativo. Por meio da poesia e da m\u00fasica latina, buscamos transmitir a ess\u00eancia do povo latino, caracterizada por seu esp\u00edrito de liberdade e sua alma sempre apaixonada.<\/p>\n<p>\u00c9 nosso desejo que todos os visitantes do nosso blog experimentem o mesmo prazer que n\u00f3s sentimos ao cri\u00e1-lo. Ficamos ansiosos para receber seus coment\u00e1rios e convidamos voc\u00eas a conferirem nossas \u00faltimas atualiza\u00e7\u00f5es.<\/p>\n","protected":false},"excerpt":{"rendered":"<p>Nosso projeto, que teve in\u00edcio em sala de aula, evoluiu e tornou-se algo mais significativo. Por meio da poesia e da m\u00fasica latina, buscamos transmitir a ess\u00eancia do povo latino, caracterizada por seu esp\u00edrito de liberdade e sua alma sempre &hellip; <a href=\"https:\/\/blogs.utopia.org.br\/poesialatina\/sobre\/\">Continue lendo <span class=\"meta-nav\">&rarr;<\/span><\/a><\/p>\n","protected":false},"author":3,"featured_media":0,"parent":0,"menu_order":4,"comment_status":"open","ping_status":"closed","template":"","meta":{"_monsterinsights_skip_tracking":false,"_monsterinsights_sitenote_active":false,"_monsterinsights_sitenote_note":"","_monsterinsights_sitenote_category":0,"ngg_post_thumbnail":0,"footnotes":""},"class_list":["post-2","page","type-page","status-publish","hentry"],"_links":{"self":[{"href":"https:\/\/blogs.utopia.org.br\/poesialatina\/wp-json\/wp\/v2\/pages\/2","targetHints":{"allow":["GET"]}}],"collection":[{"href":"https:\/\/blogs.utopia.org.br\/poesialatina\/wp-json\/wp\/v2\/pages"}],"about":[{"href":"https:\/\/blogs.utopia.org.br\/poesialatina\/wp-json\/wp\/v2\/types\/page"}],"author":[{"embeddable":true,"href":"https:\/\/blogs.utopia.org.br\/poesialatina\/wp-json\/wp\/v2\/users\/3"}],"replies":[{"embeddable":true,"href":"https:\/\/blogs.utopia.org.br\/poesialatina\/wp-json\/wp\/v2\/comments?post=2"}],"version-history":[{"count":8,"href":"https:\/\/blogs.utopia.org.br\/poesialatina\/wp-json\/wp\/v2\/pages\/2\/revisions"}],"predecessor-version":[{"id":1568,"href":"https:\/\/blogs.utopia.org.br\/poesialatina\/wp-json\/wp\/v2\/pages\/2\/revisions\/1568"}],"wp:attachment":[{"href":"https:\/\/blogs.utopia.org.br\/poesialatina\/wp-json\/wp\/v2\/media?parent=2"}],"curies":[{"name":"wp","href":"https:\/\/api.w.org\/{rel}","templated":true}]}}