{"id":186,"date":"2009-02-04T23:09:02","date_gmt":"2009-02-05T02:09:02","guid":{"rendered":"http:\/\/blogs.utopia.org.br\/poesialatina\/?page_id=186"},"modified":"2023-05-23T16:56:02","modified_gmt":"2023-05-23T19:56:02","slug":"autores","status":"publish","type":"page","link":"https:\/\/blogs.utopia.org.br\/poesialatina\/autores\/","title":{"rendered":"<b>Autores<\/b>"},"content":{"rendered":"\n<figure class=\"wp-block-table\"><table><tbody><tr><td>Alessio de Sensi<\/td><td>It\u00e1lia<\/td><td>&#8211;<\/td><\/tr><tr><td><a href=\"..\/biografias\/alfonsina-storni\/\">Alfonsina Storni<\/a><\/td><td>Argentina<\/td><td>1892-1938<\/td><\/tr><tr><td>Alfredo Garc\u00eda Segura<\/td><td>Espanha<\/td><td>1928-2008<\/td><\/tr><tr><td><a href=\"..\/biografias\/antonio-machado\/\">Antonio Machado<\/a><\/td><td>Andaluzia, Espanha<\/td><td>1875-1939<\/td><\/tr><tr><td>Carlos Enrique Ungo<\/td><td>El Salvador<\/td><td>1963<\/td><\/tr><tr><td><a href=\"..\/biografias\/cesar-vallejo\/\">C\u00e9sar Vallejo<\/a><\/td><td>Peru<\/td><td>1899-1936<\/td><\/tr><tr><td>Cristina Peri Rossi<\/td><td>Uruguai<\/td><td>1941<\/td><\/tr><tr><td>Diana Bellessi<\/td><td>Argentina<\/td><td>1946<\/td><\/tr><tr><td><a href=\"..\/biografias\/dolores-veintimilla\/\">Dolores Veintimilla<\/a><\/td><td>Equador<\/td><td>1829-1857<\/td><\/tr><tr><td>Elvio Romero<\/td><td>Paraguai<\/td><td>1926<\/td><\/tr><tr><td>Ernesto Cardenal<\/td><td>Nicar\u00e1gua<\/td><td>1925<\/td><\/tr><tr><td>Eugenio Montejo<\/td><td>Venezuela<\/td><td>1938-2008<\/td><\/tr><tr><td><a href=\"..\/biografias\/federico-garcia-lorca\/\">Federico Garcia Lorca<\/a><\/td><td>Andaluzia, Espanha<\/td><td>1899-1936<\/td><\/tr><tr><td>Feliciana Enr\u00edquez de Guzm\u00e1n<\/td><td>Espanha<\/td><td>1580-1639<\/td><\/tr><tr><td>Felix Luna<\/td><td>Argentina<\/td><td>1925<\/td><\/tr><tr><td>Francisco de Quevedo<\/td><td>Espanha<\/td><td>1580-1645<\/td><\/tr><tr><td>Francisco Matos Paoli<\/td><td>Porto Rico<\/td><td>1915-2000<\/td><\/tr><tr><td><a href=\"..\/biografias\/gabriela-mistral\/\">Gabriela Mistral<\/a><\/td><td>Chile<\/td><td>1889-1957<\/td><\/tr><tr><td>Germ\u00e1n Carrasco<\/td><td>Chile<\/td><td>1971<\/td><\/tr><tr><td>Gioconda Belli<\/td><td>Nicar\u00e1gua<\/td><td>1948<\/td><\/tr><tr><td>Gloria Estefan<\/td><td>Cuba<\/td><td>1957<\/td><\/tr><tr><td>Homero Exp\u00f3sito<\/td><td>Argentina<\/td><td>1918-1987<\/td><\/tr><tr><td>Issac Felipe Azofeifa<\/td><td>Costa Rica<\/td><td>1909-1997<\/td><\/tr><tr><td>Joan Manuel Serrat<\/td><td>Catalunha, Espanha<\/td><td>1943<\/td><\/tr><tr><td><a href=\"..\/biografias\/jorge-luis-borges\/\">Jorge Luis Borges<\/a><\/td><td>Argentina<\/td><td>1899-1986<\/td><\/tr><tr><td>Jose Angel Buesa<\/td><td>Cuba<\/td><td>1910-1982<\/td><\/tr><tr><td>Jos\u00e9 Luis Appleyard<\/td><td>Paraguai<\/td><td>1927-1998<\/td><\/tr><tr><td>Juan Andr\u00e9s Leiwir<\/td><td>Argentina<\/td><td>&#8211;<\/td><\/tr><tr><td>Juana de Ibarbourou<\/td><td>Uruguai<\/td><td>1892-1979<\/td><\/tr><tr><td>Leon Gieco<\/td><td>Argentina<\/td><td>1951<\/td><\/tr><tr><td><a href=\"..\/biografias\/louise-labe\/\">Louise Lab\u00e9<\/a><\/td><td>Fran\u00e7a<\/td><td>1526-1566<\/td><\/tr><tr><td>Luigi Tenco<\/td><td>It\u00e1lia<\/td><td>1938-1967<\/td><\/tr><tr><td>Luiz Cernuda<\/td><td>Espanha<\/td><td>1902-1963<\/td><\/tr><tr><td>Manuel Alejandro<\/td><td>Espanha<\/td><td>1933<\/td><\/tr><tr><td>Manuel Machado<\/td><td>Espanha<\/td><td>1874-1947<\/td><\/tr><tr><td><a href=\"..\/biografias\/marguerite-duras\/\">Marguerite Duras<\/a><\/td><td>Fran\u00e7a<\/td><td>1914-1996<\/td><\/tr><tr><td>Marilina Ross<\/td><td>Argentina<\/td><td>1943<\/td><\/tr><tr><td><a href=\"..\/biografias\/mario-benedetti\/\">Mario Benedetti<\/a><\/td><td>Uruguai<\/td><td>1920-2009<\/td><\/tr><tr><td>Miguel Angel Asturias<\/td><td>Guatemala<\/td><td>1899-1974<\/td><\/tr><tr><td><a href=\"..\/biografias\/miguel-hernandez\/\">Miguel Hern\u00e1ndez<\/a><\/td><td>Val\u00eancia, Espanha<\/td><td>1910-1942<\/td><\/tr><tr><td>Miguel Huezo Mixco<\/td><td>El Salvador<\/td><td>1954<\/td><\/tr><tr><td><a href=\"..\/biografias\/octavio-paz\/\">Octavio Paz<\/a><\/td><td>M\u00e9xico<\/td><td>1914-1998<\/td><\/tr><tr><td>Oscar Acosta<\/td><td>Honduras<\/td><td>1933<\/td><\/tr><tr><td>Oscar Cerruto<\/td><td>Bol\u00edvia<\/td><td>1912-1981<\/td><\/tr><tr><td>Otto Ren\u00e9 Castillo<\/td><td>Guatemala<\/td><td>1936-1967<\/td><\/tr><tr><td><a href=\"..\/biografias\/pablo-neruda\/\">Pablo Neruda<\/a><\/td><td>Chile<\/td><td>1904-1973<\/td><\/tr><tr><td>Paolo Satta<\/td><td>It\u00e1lia<\/td><td>1955-1999<\/td><\/tr><tr><td>Rafael Alberti<\/td><td>Andaluzia, Espanha<\/td><td>1902-1999<\/td><\/tr><tr><td>Rafael Icaza Diaz<\/td><td>Equador<\/td><td>1925<\/td><\/tr><tr><td>Rafael Ferro Garcia<\/td><td>Espanha<\/td><td>1943-2010<\/td><\/tr><tr><td>Rei Juan II de Castilla<\/td><td>Espanha<\/td><td>1405-1454<\/td><\/tr><tr><td>Ricardo Mir\u00f3<\/td><td>Panam\u00e1<\/td><td>1883-1940<\/td><\/tr><tr><td>Roberto Juarroz<\/td><td>Argentina<\/td><td>1925-1995<\/td><\/tr><tr><td><a href=\"..\/biografias\/rosalia-de-castro\/\">Rosal\u00eda de Castro <\/a><\/td><td>Gal\u00edcia, Espanha<\/td><td>1837-1885<\/td><\/tr><tr><td>Rub\u00e9n Dar\u00edo<\/td><td>Nicar\u00e1gua<\/td><td>1867-1916<\/td><\/tr><tr><td>Salom\u00e9 de Henr\u00edquez Ure\u00f1a<\/td><td>Rep\u00fablica Dominicana<\/td><td>1850-1897<\/td><\/tr><tr><td>Victor Jara<\/td><td>Chile<\/td><td>1932-1973<\/td><\/tr><tr><td><a href=\"..\/biografias\/violeta-parra\/\">Violeta Parra<\/a><\/td><td>Chile<\/td><td>1917-1967<\/td><\/tr><tr><td>Yolanda Bedregal<\/td><td>Bol\u00edvia<\/td><td>1916-1999<\/td><\/tr><\/tbody><\/table><\/figure>\n","protected":false},"excerpt":{"rendered":"<p>Alessio de Sensi It\u00e1lia &#8211; Alfonsina Storni Argentina 1892-1938 Alfredo Garc\u00eda Segura Espanha 1928-2008 Antonio Machado Andaluzia, Espanha 1875-1939 Carlos Enrique Ungo El Salvador 1963 C\u00e9sar Vallejo Peru 1899-1936 Cristina Peri Rossi Uruguai 1941 Diana Bellessi Argentina 1946 Dolores Veintimilla &hellip; <a href=\"https:\/\/blogs.utopia.org.br\/poesialatina\/autores\/\">Continue lendo <span class=\"meta-nav\">&rarr;<\/span><\/a><\/p>\n","protected":false},"author":14,"featured_media":0,"parent":0,"menu_order":2,"comment_status":"open","ping_status":"closed","template":"","meta":{"_monsterinsights_skip_tracking":false,"_monsterinsights_sitenote_active":false,"_monsterinsights_sitenote_note":"","_monsterinsights_sitenote_category":0,"ngg_post_thumbnail":0,"footnotes":""},"class_list":["post-186","page","type-page","status-publish","hentry"],"_links":{"self":[{"href":"https:\/\/blogs.utopia.org.br\/poesialatina\/wp-json\/wp\/v2\/pages\/186","targetHints":{"allow":["GET"]}}],"collection":[{"href":"https:\/\/blogs.utopia.org.br\/poesialatina\/wp-json\/wp\/v2\/pages"}],"about":[{"href":"https:\/\/blogs.utopia.org.br\/poesialatina\/wp-json\/wp\/v2\/types\/page"}],"author":[{"embeddable":true,"href":"https:\/\/blogs.utopia.org.br\/poesialatina\/wp-json\/wp\/v2\/users\/14"}],"replies":[{"embeddable":true,"href":"https:\/\/blogs.utopia.org.br\/poesialatina\/wp-json\/wp\/v2\/comments?post=186"}],"version-history":[{"count":154,"href":"https:\/\/blogs.utopia.org.br\/poesialatina\/wp-json\/wp\/v2\/pages\/186\/revisions"}],"predecessor-version":[{"id":1607,"href":"https:\/\/blogs.utopia.org.br\/poesialatina\/wp-json\/wp\/v2\/pages\/186\/revisions\/1607"}],"wp:attachment":[{"href":"https:\/\/blogs.utopia.org.br\/poesialatina\/wp-json\/wp\/v2\/media?parent=186"}],"curies":[{"name":"wp","href":"https:\/\/api.w.org\/{rel}","templated":true}]}}