{"id":11,"date":"2009-02-03T12:18:06","date_gmt":"2009-02-03T14:18:06","guid":{"rendered":"http:\/\/blogs.utopia.org.br\/poesialatina\/?page_id=11"},"modified":"2009-02-06T23:42:50","modified_gmt":"2009-02-07T01:42:50","slug":"alfonsina-storni","status":"publish","type":"page","link":"https:\/\/blogs.utopia.org.br\/poesialatina\/biografias\/alfonsina-storni\/","title":{"rendered":"Alfonsina Storni"},"content":{"rendered":"<p><img loading=\"lazy\" decoding=\"async\" src=\"https:\/\/blogs.utopia.org.br\/poesialatina\/files\/alfonsinastorni.jpg\" alt=\"Alfonsina Storni\" width=\"145\" height=\"200\" class=\"alignleft size-full wp-image-37\" \/><\/p>\n<p>Nasceu na Su\u00ed\u00e7a italiana em 29 de maio de 1892. Imigrou com os seus pais para a prov\u00edncia de San Juan na Argentina em 1896. Em 1901 mudou-se para a cidade de Rosario (Santa F\u00e9), onde levou uma vida muito dif\u00edcil tendo que trabalhar para o sustento da fam\u00edlia como costureira, oper\u00e1ria, atriz e professora, depois de estudar por dois anos (1909-1910) coincidindo com as suas primeiras publica\u00e7\u00f5es.<\/p>\n<p>Aos 20 anos \u00e9 m\u00e3e de quem ser\u00e1 seu \u00fanico filho, Alejandro, sendo seu companheiro insepar\u00e1vel.\u00a0Em 1916 publica: &#8221; La Inquietud del Rosal&#8221; continua sua obra cultivando diferentes g\u00eaneros: novela breve, cuento, teatro, poesia e cr\u00edtica. Em 1918 publica &#8220;El Dulce Da\u00f1o&#8221;; em 1919, &#8220;Irremediablemente&#8221;; em 1920, &#8220;Languidez&#8221;, obtendo o pr\u00eamio Municipal de Poesia e o segundo pr\u00eamio Nacional do mesmo g\u00eanero. Em 1925 publica &#8220;Ocre&#8221;; em 1934, &#8220;Mundo de Siete Pozos&#8221;; em 1938, ano da sua morte, publica &#8220;Mascarilla y Tr\u00e9bol&#8221;.<\/p>\n<p>Em 1935 os m\u00e9dicos descobrem um tumor no seio esquerdo do qual \u00e9 operada e seu estado an\u00edmico a leva a procurar seus velhos amigos: Horacio Quiroga, Estrella Gutierrez, Enrique Amor\u00edn, Fernandez Moreno. O suic\u00eddio de Horacio Quiroga em 1937 a abalou profundamente e ao mesmo tempo funciona como uma antecipa\u00e7\u00e3o; tr\u00eas dias antes da sua morte, acossada pela dor, envia de um solit\u00e1rio hotel de Mar del Plata, seu soneto &#8220;Voy a Dormir&#8221;.<\/p>\n<p>Logo depois&#8230; numa noite, se deita ao mar, <em>leit-motiv<\/em> em toda a sua obra. Seu corpo \u00e9 resgatado na manh\u00e3 seguinte, era uma ter\u00e7a-feira, 25 de outubro de 1938.<\/p>\n<h4><a href=\"http:\/\/pt.wikipedia.org\/wiki\/Alfonsina_Storni\" target=\"_self\">&#187; Alfonsina Storni na Wikip\u00e9dia<\/a><\/h4>\n","protected":false},"excerpt":{"rendered":"<p>Nasceu na Su\u00ed\u00e7a italiana em 29 de maio de 1892. Imigrou com os seus pais para a prov\u00edncia de San Juan na Argentina em 1896. Em 1901 mudou-se para a cidade de Rosario (Santa F\u00e9), onde levou uma vida muito &hellip; <a href=\"https:\/\/blogs.utopia.org.br\/poesialatina\/biografias\/alfonsina-storni\/\">Continue lendo <span class=\"meta-nav\">&rarr;<\/span><\/a><\/p>\n","protected":false},"author":14,"featured_media":0,"parent":14,"menu_order":0,"comment_status":"open","ping_status":"open","template":"","meta":{"_monsterinsights_skip_tracking":false,"_monsterinsights_sitenote_active":false,"_monsterinsights_sitenote_note":"","_monsterinsights_sitenote_category":0,"ngg_post_thumbnail":0,"footnotes":""},"class_list":["post-11","page","type-page","status-publish","hentry"],"_links":{"self":[{"href":"https:\/\/blogs.utopia.org.br\/poesialatina\/wp-json\/wp\/v2\/pages\/11","targetHints":{"allow":["GET"]}}],"collection":[{"href":"https:\/\/blogs.utopia.org.br\/poesialatina\/wp-json\/wp\/v2\/pages"}],"about":[{"href":"https:\/\/blogs.utopia.org.br\/poesialatina\/wp-json\/wp\/v2\/types\/page"}],"author":[{"embeddable":true,"href":"https:\/\/blogs.utopia.org.br\/poesialatina\/wp-json\/wp\/v2\/users\/14"}],"replies":[{"embeddable":true,"href":"https:\/\/blogs.utopia.org.br\/poesialatina\/wp-json\/wp\/v2\/comments?post=11"}],"version-history":[{"count":19,"href":"https:\/\/blogs.utopia.org.br\/poesialatina\/wp-json\/wp\/v2\/pages\/11\/revisions"}],"predecessor-version":[{"id":19,"href":"https:\/\/blogs.utopia.org.br\/poesialatina\/wp-json\/wp\/v2\/pages\/11\/revisions\/19"}],"up":[{"embeddable":true,"href":"https:\/\/blogs.utopia.org.br\/poesialatina\/wp-json\/wp\/v2\/pages\/14"}],"wp:attachment":[{"href":"https:\/\/blogs.utopia.org.br\/poesialatina\/wp-json\/wp\/v2\/media?parent=11"}],"curies":[{"name":"wp","href":"https:\/\/api.w.org\/{rel}","templated":true}]}}