{"id":2,"date":"2009-01-03T17:37:15","date_gmt":"2009-01-03T20:37:15","guid":{"rendered":""},"modified":"2023-04-02T19:37:21","modified_gmt":"2023-04-02T22:37:21","slug":"sobre","status":"publish","type":"page","link":"https:\/\/blogs.utopia.org.br\/panela\/sobre\/","title":{"rendered":"Sobre"},"content":{"rendered":"<p><img decoding=\"async\" style=\"margin-right: 20px;\" src=\"https:\/\/blogs.utopia.org.br\/panela\/files\/panela-banner.jpg\" alt=\"Banner Panela da Zez\u00e9\" width=\"100%\" align=\"center\" vspace=\"2\"><\/p>\n<h3><img decoding=\"async\" style=\"margin-right: 20px;\" src=\"https:\/\/blogs.utopia.org.br\/panela\/files\/zezepina-1.jpg\" alt=\"Zez\u00e9 Pina\" width=\"200\" align=\"left\" vspace=\"2\">Sobre este blog<\/h3>\n<p>Neste blog publico algumas de minhas receitas, todas devidamente testadas e adaptadas.<\/p>\n<p>Todas as receitas s\u00e3o ilustradas com fotos, produzidas por mim. Algumas delas est\u00e3o ilustradas sonoramente com \u00e1udios que gravei.<\/p>\n<p class=\"header2\"><span style=\"color: #ff0000; font-size: 24pt; vertical-align: middle;\"><strong>&#x2709;<\/strong><\/span>&nbsp; Para entrar em contato escreva para <strong><a href=\"mailto:zezepina@gmail.com\" target=\"_blank\" rel=\"noopener\">zezepina@gmail.com<\/a><\/strong><\/p>\n<hr size=\"1\">\n","protected":false},"excerpt":{"rendered":"<p>Sobre este blog Neste blog publico algumas de minhas receitas, todas devidamente testadas e adaptadas. Todas as receitas s\u00e3o ilustradas com fotos, produzidas por mim. Algumas delas est\u00e3o ilustradas sonoramente com \u00e1udios que gravei. &#x2709;&nbsp; Para entrar em contato escreva para zezepina@gmail.com<\/p>\n","protected":false},"author":14,"featured_media":0,"parent":0,"menu_order":6,"comment_status":"open","ping_status":"closed","template":"","meta":{"_monsterinsights_skip_tracking":false,"_monsterinsights_sitenote_active":false,"_monsterinsights_sitenote_note":"","_monsterinsights_sitenote_category":0,"ngg_post_thumbnail":0,"footnotes":""},"class_list":["post-2","page","type-page","status-publish","hentry"],"_links":{"self":[{"href":"https:\/\/blogs.utopia.org.br\/panela\/wp-json\/wp\/v2\/pages\/2","targetHints":{"allow":["GET"]}}],"collection":[{"href":"https:\/\/blogs.utopia.org.br\/panela\/wp-json\/wp\/v2\/pages"}],"about":[{"href":"https:\/\/blogs.utopia.org.br\/panela\/wp-json\/wp\/v2\/types\/page"}],"author":[{"embeddable":true,"href":"https:\/\/blogs.utopia.org.br\/panela\/wp-json\/wp\/v2\/users\/14"}],"replies":[{"embeddable":true,"href":"https:\/\/blogs.utopia.org.br\/panela\/wp-json\/wp\/v2\/comments?post=2"}],"version-history":[{"count":48,"href":"https:\/\/blogs.utopia.org.br\/panela\/wp-json\/wp\/v2\/pages\/2\/revisions"}],"predecessor-version":[{"id":1852,"href":"https:\/\/blogs.utopia.org.br\/panela\/wp-json\/wp\/v2\/pages\/2\/revisions\/1852"}],"wp:attachment":[{"href":"https:\/\/blogs.utopia.org.br\/panela\/wp-json\/wp\/v2\/media?parent=2"}],"curies":[{"name":"wp","href":"https:\/\/api.w.org\/{rel}","templated":true}]}}