{"id":461,"date":"2008-09-25T03:03:21","date_gmt":"2008-09-25T06:03:21","guid":{"rendered":"http:\/\/blogs.utopia.org.br\/levi\/?page_id=461"},"modified":"2008-09-26T01:28:43","modified_gmt":"2008-09-26T04:28:43","slug":"outras-palavras","status":"publish","type":"page","link":"https:\/\/blogs.utopia.org.br\/levi\/outras-palavras\/","title":{"rendered":"OUTRAS PALAVRAS"},"content":{"rendered":"<p>Sinopse de livros divulgados atrav\u00e9s do Programa &#8220;Outras Palavras&#8221; na R\u00e1dio Cultura Brasil, antes R\u00e1dio Cultura AM, apresentado por Levi Ferrari.<\/p>\n<p><a href=\"http:\/\/blogs.utopia.org.br\/levi\/category\/estante\/\">Leia<\/a> as sinopses e <a href=\"http:\/\/audioblog.utopia.com.br\/index.php?cat=OutrasPalavras\">conhe\u00e7a<\/a> o programa.<\/p>\n","protected":false},"excerpt":{"rendered":"<p>Sinopse de livros divulgados atrav\u00e9s do Programa &#8220;Outras Palavras&#8221; na R\u00e1dio Cultura Brasil, antes R\u00e1dio Cultura AM, apresentado por Levi Ferrari. Leia as sinopses e conhe\u00e7a o programa.<\/p>\n","protected":false},"author":2,"featured_media":0,"parent":0,"menu_order":9,"comment_status":"open","ping_status":"open","template":"","meta":{"_monsterinsights_skip_tracking":false,"_monsterinsights_sitenote_active":false,"_monsterinsights_sitenote_note":"","_monsterinsights_sitenote_category":0,"ngg_post_thumbnail":0,"footnotes":""},"class_list":["post-461","page","type-page","status-publish","hentry"],"_links":{"self":[{"href":"https:\/\/blogs.utopia.org.br\/levi\/wp-json\/wp\/v2\/pages\/461","targetHints":{"allow":["GET"]}}],"collection":[{"href":"https:\/\/blogs.utopia.org.br\/levi\/wp-json\/wp\/v2\/pages"}],"about":[{"href":"https:\/\/blogs.utopia.org.br\/levi\/wp-json\/wp\/v2\/types\/page"}],"author":[{"embeddable":true,"href":"https:\/\/blogs.utopia.org.br\/levi\/wp-json\/wp\/v2\/users\/2"}],"replies":[{"embeddable":true,"href":"https:\/\/blogs.utopia.org.br\/levi\/wp-json\/wp\/v2\/comments?post=461"}],"version-history":[{"count":13,"href":"https:\/\/blogs.utopia.org.br\/levi\/wp-json\/wp\/v2\/pages\/461\/revisions"}],"predecessor-version":[{"id":514,"href":"https:\/\/blogs.utopia.org.br\/levi\/wp-json\/wp\/v2\/pages\/461\/revisions\/514"}],"wp:attachment":[{"href":"https:\/\/blogs.utopia.org.br\/levi\/wp-json\/wp\/v2\/media?parent=461"}],"curies":[{"name":"wp","href":"https:\/\/api.w.org\/{rel}","templated":true}]}}