{"id":446,"date":"2008-09-25T02:12:13","date_gmt":"2008-09-25T05:12:13","guid":{"rendered":"http:\/\/blogs.utopia.org.br\/levi\/?page_id=446"},"modified":"2008-10-02T22:29:35","modified_gmt":"2008-10-03T01:29:35","slug":"trajetoria","status":"publish","type":"page","link":"https:\/\/blogs.utopia.org.br\/levi\/about\/trajetoria\/","title":{"rendered":"FORMA\u00c7\u00c3O"},"content":{"rendered":"<p><strong>FORMA\u00c7\u00c3O ACAD\u00caMICA<\/strong><\/p>\n<p><strong>Gradua\u00e7\u00e3o<\/strong><\/p>\n<p>Licenciado em Ci\u00eancias Sociais pela Fac. de Filosofia, Ci\u00eancias e Letras de Mar\u00edlia, UNESP, 1967.<\/p>\n<p><strong>Mestrado<\/strong><\/p>\n<p>Mestre em Ci\u00eancias Sociais (Pol\u00edtica) &#8211; Pontif\u00edcia Universidade Cat\u00f3lica de S\u00e3o Paulo, 1981.<br \/>\nDisserta\u00e7\u00e3o: <em>&#8220;Burocratas e Burocracias&#8221;<\/em><br \/>\nOrientador: Prof. Dr. Bol\u00edvar Lamounier<\/p>\n<p><strong>Doutorado<\/strong><\/p>\n<p>Ci\u00eancias Sociais (Pol\u00edtica) &#8211; Pontif\u00edcia Universidade Cat\u00f3lica de S\u00e3o PauloOrientador: Prof. Dr. Bol\u00edvar Lamounier<br \/>\nObs. Cr\u00e9ditos conclu\u00eddos, curso interrompido faltando a elabora\u00e7\u00e3o e defesa de tese.<\/p>\n<p><strong>Outros Cursos<\/strong><\/p>\n<p>Educa\u00e7\u00e3o na Inglaterra &#8211; University of London &#8211; Institute of Education, Londres, Inglaterra, de 8 a 28.01.72.<\/p>\n<p>Est\u00e1gio em Manejo de Parques e \u00c1reas de Preserva\u00e7\u00e3o Ambiental em Costa Rica, Estados Unidos e Canad\u00e1, sob responsabilidade dos Minist\u00e9rios do Meio Ambiente e Servi\u00e7os Nacionais de Parques destes pa\u00edses, de 11.02 a 03.03.88.<\/p>\n<p>Diversos cursos de extens\u00e3o e atualiza\u00e7\u00e3o nas \u00e1reas de: Sociologia; Ci\u00eancia Pol\u00edtica; Economia; Meio Ambiente; Planejamento Urbano; Pol\u00edticas Governamentais; Educa\u00e7\u00e3o T\u00e9cnica; Forma\u00e7\u00e3o Profissional; Administra\u00e7\u00e3o de Recursos Humanos; Administra\u00e7\u00e3o P\u00fablica; Reforma Administrativa; e L\u00ednguas Estrangeiras.<\/p>\n<p><strong>ATIVIDADES DOCENTES<\/strong><\/p>\n<p>UNINOVE \u2013 Centro Universit\u00e1rio Nove de julho &#8211; Disciplinas: Introdu\u00e7\u00e3o \u00e0 Ci\u00eancia Pol\u00edtica; Sociologia; Sociologia do Turismo; Sociologia da Comunica\u00e7\u00e3o; Sociologia Aplicada \u00e0 Administra\u00e7\u00e3o; e Cultura e Realidade Brasileiras. Desde mar\u00e7o de 2000.<\/p>\n<p>PUC-SP \u2013 Pontif\u00edcia Universidade Cat\u00f3lica de S\u00e3o Paulo \u2013 Fac. de Economia e Administra\u00e7\u00e3o \u2013 Disciplina: Sociologia aplicada Administra\u00e7\u00e3o. De agosto de 2002 a fevereiro de 2003.<\/p>\n<p>UNISANTOS &#8211; Universidade Cat\u00f3lica de Santos, Faculdade de Arquitetura e Urbanismo, Disciplina: Estudos Sociais\/Sociologia Urbana, de mar\u00e7o de 1996 a mar\u00e7o de 2000.<\/p>\n<p>Faculdade de Belas Artes de S\u00e3o Paulo, Curso de Arquitetura e Urbanismo, Disciplinas: Estudos Sociais\/Sociologia Urbana, de 1982 a 1986.<\/p>\n<p>FUNDAP &#8211; Funda\u00e7\u00e3o do Desenvolvimento Administrativo, Ciclo de Forma\u00e7\u00e3o em Administra\u00e7\u00e3o P\u00fablica, Disciplina: Administra\u00e7\u00e3o de Recursos Humanos, 1979.<\/p>\n<p>USP &#8211; Universidade de S\u00e3o Paulo, Faculdade de Biblioteconomia e Documenta\u00e7\u00e3o, Semin\u00e1rio sobre Administra\u00e7\u00e3o P\u00fablica para p\u00f3s-graduandos em Biblioteconomia, 1985.<\/p>\n<p>CENAFOR &#8211; Funda\u00e7\u00e3o Centro Nacional de Aperfei\u00e7oamento de Pessoal para a Forma\u00e7\u00e3o Profissional do Minist\u00e9rio de Educa\u00e7\u00e3o e Cultura: Diversos Cursos para Profissionais de Administra\u00e7\u00e3o e Desenvolvimento de Recursos Humanos, de 1978 a 1981.<\/p>\n<p>Faculdade Ideal de S\u00e3o Paulo, Curso de Ci\u00eancias Sociais, Disciplinas: Sociologia, 1974.<\/p>\n<p>Faculdades Santana, Curso de Ci\u00eancias Sociais, Disciplinas: Hist\u00f3ria Econ\u00f4mica e Social do Brasil, 1973.<\/p>\n<p>II Gin\u00e1sio Estadual de Vila Industrial, Diretor de Ensino Secund\u00e1rio, 1970\/71.<\/p>\n<p>Diversas Institui\u00e7\u00f5es P\u00fablicas e Privadas de Ensino de 1o. e 2o. Graus, Disciplinas: Hist\u00f3ria; Geografia; Economia; e Sociologia, 1965 a 1969.<\/p>\n<p><strong>CARGOS E FUN\u00c7OES N\u00c3O DOCENTES<\/strong><\/p>\n<p>PMSP \u2013 Prefeitura do Munic\u00edpio de S\u00e3o Paulo: Chefe de Gabinete da Subprefeitura da Casa Verde (de mar\u00e7o de 2003 a dez. 2004)<br \/>\nFUNDA\u00c7AO ULYSSES GUIMAR\u00c3ES\/SP: Secret\u00e1rio-Executivo (Nov.\/2001 a fev.2003).<\/p>\n<p>CESP &#8211; Cia. Energ\u00e9tica de S\u00e3o Paulo: Chefe do Servi\u00e7o de Estudos e Pesquisas Sociais dos N\u00facleos Urbanos de Urubupung\u00e1 (1968\/69); Assessor da Diretoria de Distribui\u00e7\u00e3o para Quest\u00f5es Ambientais (1989\/91); e Membro do Grupo de Trabalho de Terceiriza\u00e7\u00e3o dos Servi\u00e7os P\u00fablicos da Cidade de Primavera (1995\/96).<\/p>\n<p>SAMSP &#8211; Secretaria de Administra\u00e7\u00e3o e Moderniza\u00e7\u00e3o do Servi\u00e7o P\u00fablico do Estado de S\u00e3o Paulo: Assessor T\u00e9cnico (1987\/88); e Coordenador de Projetos Especiais (1992\/1995).<\/p>\n<p>SMA &#8211; Secretaria do Meio Ambiente do Estado de S\u00e3o Paulo: Coordenador da Prote\u00e7\u00e3o dos Recursos Naturais (1985\/87).<\/p>\n<p>PMSP &#8211; Prefeitura do Munic\u00edpio de S\u00e3o Paulo: Administrador Regional de Santana-Tucuruvi (1983\/1985).<\/p>\n<p>FUNDAP \u2013 Funda\u00e7\u00e3o do Desenvolvimento Administrativo: T\u00e9cnico S\u00eanior em Planejamento e Gest\u00e3o; Coordenador de Projetos de Reforma Administrativa e Desburocratiza\u00e7\u00e3o; Coordenador e Docente de cursos de Administra\u00e7\u00e3o P\u00fablica e Recursos Humanos (1976\/1983; 1986\/1987).<\/p>\n<p>CENAFOR &#8211; Centro Nacional de Aperfei\u00e7oamento de Pessoal para a Forma\u00e7\u00e3o Profissional (hoje).<\/p>\n<p>FDE &#8211; (Funda\u00e7\u00e3o para o Desenvolvimento da Educa\u00e7\u00e3o): T\u00e9cnico em Planejamento e Coordena\u00e7\u00e3o de Cursos de Forma\u00e7\u00e3o; e Diretor da Divis\u00e3o de Opera\u00e7\u00f5es, respons\u00e1vel por Conv\u00eanios com o PNUD &#8211; Programa das Na\u00e7\u00f5es Unidas para o Desenvolvimento; Minist\u00e9rio da Educa\u00e7\u00e3o; Universidades; Escolas T\u00e9cnicas Federais; SENAI, SENAC e Empresas (1972 a 1976).<\/p>\n<p><strong>PESQUISAS<\/strong><\/p>\n<p><em>Avalia\u00e7\u00e3o de Impacto de Novas Tecnologias Sociais<\/em> \u2013 Conv\u00eanio Funda\u00e7\u00e3o Banco do Brasil e IPSO \u2013 Instituto de Projetos e Pesquisas Sociais e Tecnol\u00f3gicas. Desde 2002.<br \/>\n<em><br \/>\nRecursos Naturais e Soberania nos Quadros da Nova Ordem Mundial<\/em> \u2013 Estudos preliminares: IPSO \u2013, de 1999 a 2003.<br \/>\n<em><br \/>\nImpacto da Tecnologia no Emprego e nas Rela\u00e7\u00f5es Sociais: <\/em>IPSO, de 1993 a 1999.<br \/>\n<em><br \/>\nParticipa\u00e7\u00e3o Popular e Administra\u00e7\u00e3o Local no Munic\u00edpio de S\u00e3o Paulo<\/em>: IDESP &#8211; Instituto de Estudos Econ\u00f4micos, Sociais e Pol\u00edticos, 1984 a 1985.<br \/>\n<em><br \/>\nMecanismos de Participa\u00e7\u00e3o na Administra\u00e7\u00e3o P\u00fablica do Estado de S\u00e3o Paulo<\/em>: FUNDAP &#8211; Funda\u00e7\u00e3o do Desenvolvimento Administrativo &#8211; 1981 a 1983.<br \/>\n<em><br \/>\nAtitudes e Comportamento do Funcion\u00e1rio P\u00fablico Paulista &#8211; um estudo qualitativo<\/em>: FUNDAP &#8211; GEAP &#8211; Grupo de Estudos de Administra\u00e7\u00e3o de Pessoal, 1976 a 1977.<br \/>\n<em><br \/>\nDiagn\u00f3stico e Alternativas de Solu\u00e7\u00e3o para os Problemas de Pessoal do Governo do Estado de S\u00e3o Paulo<\/em>: FUNDAP &#8211; GEAP, 1977 a 1978.<br \/>\n<em><br \/>\nAspectos Pol\u00edtico-Institucionais da Forma\u00e7\u00e3o Profissional no Brasil<\/em>: CENAFOR, 1975 a 1976.<br \/>\n<em><br \/>\nCenso e Pesquisa de Opini\u00e3o dos Trabalhadores e Fam\u00edlias nas Obras de Urubupung\u00e1<\/em>: CESP &#8211; Cia. Energ\u00e9tica de S\u00e3o Paulo S.A., 1967 a 1968.<\/p>\n<p><strong>TRABALHOS PUBLICADOS<\/strong><\/p>\n<p><strong>Livros<\/strong><\/p>\n<p><em>O inimigo <\/em>(S\u00e3o Paulo, Ed. Limiar, 2003)<\/p>\n<p><em>O seq\u00fcestro do senhor empres\u00e1rio<\/em> (S\u00e3o Paulo, Publisher Brasil Ed., 1998). Pr\u00eamio Revela\u00e7\u00e3o de Autor 1998 da APCA, Associa\u00e7\u00e3o Paulista de Cr\u00edticos de Arte.<\/p>\n<p><em>A Portovelhaca e as Outras<\/em> (S\u00e3o Paulo, Paubrasil Editora, 1984).<\/p>\n<p><em>\u00d4nibus 307- Jardim Para\u00edso<\/em> (S\u00e3o Paulo, Muro das Artes, 1983).<\/p>\n<p><em>Burocratas e Burocracias<\/em> (S\u00e3o Paulo, Editora Semente, 1981).<\/p>\n<p><strong>Artigos<\/strong><\/p>\n<p>\u201cDe Muitas Gl\u00f3rias\u201d in Eduardo Len e Ot\u00e1vio Nazareth (orgs.) <em>O futuro do livro,<\/em> S\u00e3o Paulo, Ed. Olhares e Ipsis Grafica e Ed., 2007.<\/p>\n<p>&#8220;Capitu Cibern\u00e9tica&#8221; in <em>Suplemento Liter\u00e1rio <\/em>&#8211; Secretaria de Estado da Cultura de Minas Gerais, n\u00ba 83, maio de 2002.<\/p>\n<p>\u201cA Guerra do Brasil\u201d in F\u00e1bio Lucas e Luiz Gonzaga Belluzzo (orgs.) <em>A Guerra do Brasil<\/em>, S\u00e3o Paulo, Textonovo Ed., 2000.<\/p>\n<p>&#8220;O Custo da Verdade&#8221; in Muito Mais \u2013 <em>Jornal de Id\u00e9ias e Cultura<\/em>, n\u00ba 27, setembro de 1999.<\/p>\n<p>\u201cBrasil em Debate\u201d in IPSO (org.), <em>A Causa Nacional: O futuro da Na\u00e7\u00e3o Brasileira<\/em>, S\u00e3o Paulo, Ed. Senac,1998.<\/p>\n<p>\u201cEmprego e Trabalho: A Persist\u00eancia das Ilus\u00f5es\u201d in <em>Cadernos MHD<\/em>, N\u00ba 01\/96, Novembro, 96.<\/p>\n<p>\u201cNeoliberalismo, Comunica\u00e7\u00e3o Social e Senso Comum\u201d in <em>Anais da 48\u00aa Reuni\u00e3o Anual da SBPC<\/em> &#8211; Sociedade Brasileira para o Progresso da Ci\u00eancia, Vol. I, pg. 499 a 501, 1996.<\/p>\n<p>\u201cGlobaliza\u00e7\u00e3o, Neoliberalismo e a Quest\u00e3o Social\u201d in <em>O Estado de S\u00e3o Paulo<\/em>, 05.10.95, pg. 02.<\/p>\n<p>&#8220;Revolu\u00e7\u00e3o Tecnol\u00f3gica e Estado&#8221; in IPSO &#8211; Instituto de Pesquisas e Projetos Sociais e Tecnol\u00f3gicos (org.) &#8211; <em>A Revolu\u00e7\u00e3o Tecnol\u00f3gica e os Novos Paradigmas da Sociedade<\/em> (Belo Horizonte, Oficina de Livros Ltda., 1993).<\/p>\n<p>&#8220;Revolu\u00e7\u00e3o Tecnol\u00f3gica e Estado&#8221; in <em>O Estado de S\u00e3o Paulo<\/em>, Caderno de Economia, 18.01.93.<\/p>\n<p>&#8220;Uma An\u00e1lise da Campanha&#8221; in Maria Tereza A. Sadek (org.) &#8211; <em>Elei\u00e7\u00f5es\/1986<\/em> (S\u00e3o Paulo, Edi\u00e7\u00f5es V\u00e9rtice\/Revista dos Tribunais, 1989). Co-autoria com Prof. Dr. Vicente da Costa.<\/p>\n<p>&#8220;Rela\u00e7\u00f5es de Poder na Administra\u00e7\u00e3o P\u00fablica&#8221; in <em>Cadernos Fundap <\/em>Ano VII, No. 14 (S\u00e3o Paulo, FUNDAP, 1987).<\/p>\n<p>&#8220;Guerra \u00e9 Guerra: Aspectos da Campanha&#8221; in Bol\u00edvar Lamounier (Org.) &#8211; <em>1985: O Voto em S\u00e3o Paulo<\/em> (S\u00e3o Paulo, IDESP, 1985).<\/p>\n<p>&#8220;Conselhos Populares na Cidade de S\u00e3o Paulo\u201d in <em>Revista Lua Nova<\/em>, No. 2, S\u00e3o Paulo, 1984.<\/p>\n<p>&#8220;A Busca de uma Coer\u00eancia entre Pol\u00edtica, Planejamento e Administra\u00e7\u00e3o de Recursos Humanos&#8221; in <em>Cadernos Fundap<\/em>, No. 01 (S\u00e3o Paulo, FUNDAP, 1981).<\/p>\n<p><strong>Colet\u00e2neas Liter\u00e1rias<\/strong><\/p>\n<p>Participou da Colet\u00e2nea <em>Corpos<\/em> (S.Paulo, Ed. Limiar, 2001) com o conto \u201cIrm\u00e3s\u201d.<\/p>\n<p>Participou da Colet\u00e2nea <em>III Pr\u00eamio Escriba de Contos<\/em> (Piracicaba, Prefeitura Municipal, 2001) com o conto \u201cOlhos de Gata\u201d.<\/p>\n<p>Desde mar\u00e7o de 2004 escreve quadrimestralmente o editorial da Revista \u201cO Escritor\u201d da Uni\u00e3o Brasileira de Escritores e outros eventuais artigos sobre Literatura e Cultura no mesmo peri\u00f3dico.<\/p>\n<p><strong>CONGRESSOS, CONFER\u00caNCIAS E DEBATES<\/strong><\/p>\n<p>Participante convidado do <em>I World Justice Forum<\/em> realizado pelo World Justice Projet em Viena \u2013 junho de 2008.<\/p>\n<p>Palestra sobre <em>Interc\u00e2mbio Liter\u00e1rio entre Brasil e Sic\u00edlia<\/em>, feita para escritores sicilianos e organizada pelo \u201c<em>Assessorato alla Cultura della Provincia Regionale di Palermo<\/em>\u201d.<\/p>\n<p>Palestras sobre temas liter\u00e1rios no <em>I e II encontro Internacional de Poesia de Dois C\u00f3rregos<\/em><strong> <\/strong>\u2013 2006 e 2008.<\/p>\n<p>Expositor em Mesa Redonda sobre <em>Literatura Ficcional e Confessional<\/em><strong> <\/strong>organzidado pela Secretaria de Estado da Cultura, S\u00e3o Paulo setembro de 2007.<\/p>\n<p>Expositor em Mesa Redonda sobre <em>Literatura sul \u2013 americana<\/em><strong> <\/strong>organizado pela UBE e IPSO, com patroc\u00ednio da Secretaria de Estado da Cultura, 2006.<\/p>\n<p>Expositor em mesa de abertura da <em>Semana de Las Letras Hispano-Brasile\u00f1as<\/em> organizado pelo Instituto Cervantes, S\u00e3o Paulo, 8 a 12 de novembro de 2004.<\/p>\n<p>Palestra sobre \u201cO romance e a identidade cultural brasileira\u201d no <em>1\u00ba Congresso Mundial de Gest\u00e3o Coletiva do Direito Autoral<\/em><strong> <\/strong>\u2013 promovido por Organiza\u00e7\u00e3o Mundial da Propriedade Intelectual (\u00f3rg\u00e3o da ONU) e Academia Paulista de Magistrados entre outros. S\u00e3o Paulo, 13 a 15 de setembro de 2004.<\/p>\n<p>Expositor no Ciclo de Debates sobre as elei\u00e7\u00f5es de 2002 promovido pelo Instituto da Cidadania na Assembl\u00e9ia Legislativa de S\u00e3o Paulo (agosto- outubro de 2002)<\/p>\n<p>Expositor em Mesa Redonda sobre <em>Leitura, Biblioteca e Inform\u00e1tica<\/em> promovida pelo Col\u00e9gio de S\u00e3o Paulo e pela Escola do Futuro da USP (S\u00e3o Paulo, outubro de 2002).<\/p>\n<p>Conferencista no <em>Simp\u00f3sio de Bagd\u00e1 sobre Globaliza\u00e7\u00e3o e seus efeitos nas economias dos paises \u00e1rabes<\/em> promovido por \u201cBeit Al Hikma\u201d -Casa da Sabedoria do Iraque (Bagd\u00e1, abril de 2002).<\/p>\n<p>Conferencista no Programa <em>O Escritor nas Bibliotecas<\/em> promovido pela Secretaria Municipal de Cultura de S\u00e3o Paulo (S\u00e3o Paulo, Setembro de 2000 e Outubro de 2004).<\/p>\n<p>Expositor em Mesa Redonda sobre <em>Cultura e Amaz\u00f4nia<\/em> em Semin\u00e1rio promovido pela ESG \u2013 Escola Superior de Guerra (Rio de Janeiro, dezembro de 1999).<\/p>\n<p>Coordenou e participou como expositor em mesa redonda do <em>II Semin\u00e1rio sobre a Causa Nacional<\/em> promovido pelo Instituto de Economia da UNICAMP e outros (Campinas, 1998).<\/p>\n<p>Coordenou e participou do <em>Semin\u00e1rio Causa Nacional<\/em> promovido pelo IPSO, Instituto de Projetos e Pesquisas Sociais e Tecnol\u00f3gicas (S\u00e3o Paulo, 1997).<\/p>\n<p>Coordenador de Mesa Redonda sobre &#8220;Democracia e Hegemonia Pol\u00edtica\u201d, <em>IX Congresso Estadual dos Soci\u00f3logos<\/em>, S. Paulo, USP, 28 a 30.08.97.<\/p>\n<p>Conferencista em Simp\u00f3sio sobre \u201cO Neoliberalismo no Brasil\u201d durante a <em>48a. Reuni\u00e3o Anual da SBPC &#8211; <\/em>Sociedade Brasileira para o Progresso da Ci\u00eancia &#8220;, S\u00e3o Paulo, PUC, 08 a 12.07.96.<\/p>\n<p>Coordenador da Mesa de Abertura do <em>VIII Congresso Estadual dos Soci\u00f3logos <\/em>sobre \u201cGlobaliza\u00e7\u00e3o, Neoliberalismo e a Quest\u00e3o Social\u201d, S\u00e3o Paulo, PUC, 07 a 11.10.95.<\/p>\n<p>Conferencista e Coordenador de Mesa Redonda sobre &#8220;Revolu\u00e7\u00e3o Tecnol\u00f3gica, Sociedade e Estado&#8221;, <em>VII Congresso Estadual dos Soci\u00f3logos<\/em>, Campinas, UNICAMP, 27 a 29.09.93.<\/p>\n<p>Conferencista e Coordenador de Mesa Redonda sobre &#8220;Socialismo e Liberalismo no Limiar do S\u00e9culo XXI&#8221; (com participa\u00e7\u00e3o do Prof. Dr. Florestan Fernandes), <em>9o. Congresso Nacional dos Soci\u00f3logos e Semin\u00e1rio Latino Americano de Sociologia<\/em>, S\u00e3o Paulo, USP, 25 a 29.08.92.<\/p>\n<p>Conferencista na Mesa Redonda sobre &#8220;Partidos, Elei\u00e7\u00f5es e Comunica\u00e7\u00e3o Social&#8221; do <em>9o. Congresso Nacional dos Soci\u00f3logos,<\/em> S\u00e3o Paulo, USP, 25 a 29.09.92.<\/p>\n<p>Palestra sobre <em>Aspectos Pol\u00edticos da Quest\u00e3o Ambiental<\/em>, Semana da Biologia, UNESP, Instituto de Bioci\u00eancias, Botucatu, 21.08.92.<\/p>\n<p>Palestra sobre <em>Compara\u00e7\u00e3o das Teorias de Comportamento Administrativo,<\/em> FGV\/SP, 1988.<\/p>\n<p>Palestra sobre <em>Compreens\u00e3o Pol\u00edtica da Administra\u00e7\u00e3o P\u00fablica<\/em>, PUC\/SP, 1990.<\/p>\n<p>Participou como entrevistado e debatedor em diversos Programas de R\u00e1dio e Televis\u00e3o.<\/p>\n<p><strong>PARTICIPA\u00c7\u00c3O S\u00d3CIO-CULTURAL<\/strong><\/p>\n<p>Presidente da UBE &#8211; Uni\u00e3o Brasileira de Escritores \u2013 desde mar\u00e7o de 2004. Foi tesoureiro-geral de 2000 a 2004.<\/p>\n<p>Fundador e atual Presidente do IPSO \u2013 Instituto de Pesquisas e Projetos Sociais e Tecnol\u00f3gico. Foi Diretor Administratvio e Financeiro desde junho de 2002.<\/p>\n<p>Membro da CSLLL \u2013 C\u00e2mara Brasileira do Livro, Leitura e Literatura do Minist\u00e9rio da Cultura \u2013 desde sua cria\u00e7\u00e3o em 2005.<\/p>\n<p>Membro do Conselho Curador da Funda\u00e7\u00e3o Padre Anchieta \u2013 R\u00e1dio e Televis\u00e3o Cultura, desde mar\u00e7o de 2004.<\/p>\n<p>Membro vital\u00edcio da Accademia Siculo-Normanna di Cultura di Palermo e Monreale. Palermo \u2013 desde julho de 2008<\/p>\n<p>Membro do Conselho Fiscal do Sindicato dos Escritores do Estado de S\u00e3o Paulo \u2013 2008<\/p>\n<p>Presidente da ASESP &#8211; Associa\u00e7\u00e3o dos Soci\u00f3logos do Estado de S\u00e3o Paulo, de 1986 a 1987 e de 1991 a 1995. Diretor desde 1981 e Membro do Conselho Fiscal de 1995 at\u00e9 1999.<\/p>\n<p>Diretor do Sindicato dos Soci\u00f3logos do Estado de S. Paulo, de 1986 a 2006.<\/p>\n<p>Membro das Comiss\u00f5es Cient\u00edfica e Organizadora do VIII Congresso Estadual dos Soci\u00f3logos, S\u00e3o Paulo, PUC, 07 a 11.10.95.<\/p>\n<p>Presidente da Comiss\u00e3o Organizadora e membro da Comiss\u00e3o Cient\u00edfica do VII Congresso Estadual dos Soci\u00f3logos, Campinas, UNICAMP, 27 a 29.09.93.<\/p>\n<p>Membro do Conselho Consultivo e da Comiss\u00e3o Organizadora do 9o. Congresso Nacional dos Soci\u00f3logos e Semin\u00e1rio Latino Americano de Sociologia, S\u00e3o Paulo, USP, 25 a 29.08.92.<\/p>\n<p>Apresentador do Programa Radiof\u00f4nico \u201cOutras Palavras\u201d (divulga\u00e7\u00e3o liter\u00e1ria) na R\u00e1dio Brasil Cultura desde 2006.<\/p>\n<p>Apresentador do Programa de Televis\u00e3o \u201cOutras Palavras\u201d (entrevistas com escritores), TV C\u00e2mara S\u00e3o Paulo, de 2005 a 2006.<\/p>\n<p>Apresentador do Quadro \u201cPonto de Vista\u201d (an\u00e1lises sociais, econ\u00f4micas e pol\u00edticas) na R\u00e1dio Imprensa FM, de dezembro de 94 a julho de 95.<\/p>\n<p>Respons\u00e1vel por coluna mensal exclusiva no Jornal \u201cDebate e Desenvolvimento\u201d sobre assuntos sociais, pol\u00edticos, urbanos, ambientais e econ\u00f4micos, de fevereiro de 1997 a setembro de 1998.<\/p>\n<p>Membro do CONSEMA &#8211; Conselho Estadual do Meio Ambiente de S\u00e3o Paulo, de mar\u00e7o de 1987 a janeiro de 1989.<\/p>\n<p>Membro do Conselho de Administra\u00e7\u00e3o da CETESB &#8211; Cia. Estadual de Tecnologia e Saneamento Ambiental, de mar\u00e7o de 1987 a novembro de 1988.<\/p>\n<p>Membro do Comit\u00ea Coordenador do Conselho Estadual de Recursos H\u00eddricos de S\u00e3o Paulo, de novembro de 1987 a mar\u00e7o de 1989.<\/p>\n<p>Representante do Estado de S\u00e3o Paulo na XVII Assembl\u00e9ia Geral da Uni\u00e3o Internacional para a Conserva\u00e7\u00e3o da Natureza e dos Recursos Naturais em San Jose, Costa Rica, de 01 a 10.02.88.<\/p>\n<p>Coordenador T\u00e9cnico do Programa de Desburocratiza\u00e7\u00e3o do Estado de S\u00e3o Paulo, 1979 a 1980.<\/p>\n<p>Coordenador do Projeto de Estrutura\u00e7\u00e3o Administrativa do Estado de Rond\u00f4nia (quando de sua cria\u00e7\u00e3o) 1980\/81.<\/p>\n<p>Membro da Comiss\u00e3o Bilateral Brasil-Espanha de Tecnologia Educacional, MEC, Bras\u00edlia, 1975.<\/p>\n<p>Presidente do Centro Acad\u00eamico XV de Mar\u00e7o da Faculdade de Filosofia, Ci\u00eancias e Letras de Mar\u00edlia, 1964 a 1965.<\/p>\n<p>Participa\u00e7\u00e3o em comiss\u00f5es julgadoras dos seguintes concursos liter\u00e1rios :<\/p>\n<p>&#8211; I Pr\u00eamio UBE\/Scortecci (2006)<\/p>\n<p>&#8211; II Pr\u00eamio UBE\/Scortecci (2008)<\/p>\n<p>&#8211; I Concurso de Poesia do SESI (2007)<\/p>\n<p>&#8211; II Concurso de Poesia do SESI (2008)<\/p>\n<p>&#8211; Concursos Liter\u00e1rios do Club Athletico Paulistano \u2013 diversos.<\/p>\n<p><strong>PR\u00caMIOS E HONRARIAS<br \/>\n<\/strong><br \/>\n<strong>Medalha Jorge Amado<\/strong> comemorativa do Jubileu de Ouro da Uni\u00e3o Brasileira de Escritores &#8211; UBE-RJ por relevantes servi\u00e7os prestados \u00e0 Cultura \u2013 edi\u00e7\u00e3o \u00fanica \u2013 agosto de 2008.<\/p>\n<p><strong>Medalha N. Turrisi Colonna<\/strong> oferecida pelo <em>Assessorato alla Cultura della Provincia Regionale di Palermo<\/em>. Jullho de 2008.<\/p>\n<p>S\u00e3o Paulo, setembro de 2008.<\/p>\n<h1 style=\"text-align: left\"><span style=\"font-size: 11pt;font-family: &quot;Times New Roman&quot;,&quot;serif&quot;color: windowtext\"> <\/span><\/h1>\n<h1 style=\"text-align: left\"><span style=\"font-size: 12pt;font-family: &quot;Times New Roman&quot;,&quot;serif&quot;color: windowtext;font-weight: normal\" lang=\"PT\"> <\/span><\/h1>\n<p class=\"MsoNormal\"><span style=\"font-size: 11pt\"> <\/span><\/p>\n<p class=\"MsoNormal\">\n<p class=\"MsoNormal\">\n","protected":false},"excerpt":{"rendered":"<p>FORMA\u00c7\u00c3O ACAD\u00caMICA Gradua\u00e7\u00e3o Licenciado em Ci\u00eancias Sociais pela Fac. de Filosofia, Ci\u00eancias e Letras de Mar\u00edlia, UNESP, 1967. Mestrado Mestre em Ci\u00eancias Sociais (Pol\u00edtica) &#8211; Pontif\u00edcia Universidade Cat\u00f3lica de S\u00e3o Paulo, 1981. Disserta\u00e7\u00e3o: &#8220;Burocratas e Burocracias&#8221; Orientador: Prof. Dr. Bol\u00edvar &hellip; <a href=\"https:\/\/blogs.utopia.org.br\/levi\/about\/trajetoria\/\">Continue lendo <span class=\"meta-nav\">&rarr;<\/span><\/a><\/p>\n","protected":false},"author":2,"featured_media":0,"parent":2,"menu_order":0,"comment_status":"open","ping_status":"open","template":"","meta":{"_monsterinsights_skip_tracking":false,"_monsterinsights_sitenote_active":false,"_monsterinsights_sitenote_note":"","_monsterinsights_sitenote_category":0,"ngg_post_thumbnail":0,"footnotes":""},"class_list":["post-446","page","type-page","status-publish","hentry"],"_links":{"self":[{"href":"https:\/\/blogs.utopia.org.br\/levi\/wp-json\/wp\/v2\/pages\/446","targetHints":{"allow":["GET"]}}],"collection":[{"href":"https:\/\/blogs.utopia.org.br\/levi\/wp-json\/wp\/v2\/pages"}],"about":[{"href":"https:\/\/blogs.utopia.org.br\/levi\/wp-json\/wp\/v2\/types\/page"}],"author":[{"embeddable":true,"href":"https:\/\/blogs.utopia.org.br\/levi\/wp-json\/wp\/v2\/users\/2"}],"replies":[{"embeddable":true,"href":"https:\/\/blogs.utopia.org.br\/levi\/wp-json\/wp\/v2\/comments?post=446"}],"version-history":[{"count":19,"href":"https:\/\/blogs.utopia.org.br\/levi\/wp-json\/wp\/v2\/pages\/446\/revisions"}],"predecessor-version":[{"id":802,"href":"https:\/\/blogs.utopia.org.br\/levi\/wp-json\/wp\/v2\/pages\/446\/revisions\/802"}],"up":[{"embeddable":true,"href":"https:\/\/blogs.utopia.org.br\/levi\/wp-json\/wp\/v2\/pages\/2"}],"wp:attachment":[{"href":"https:\/\/blogs.utopia.org.br\/levi\/wp-json\/wp\/v2\/media?parent=446"}],"curies":[{"name":"wp","href":"https:\/\/api.w.org\/{rel}","templated":true}]}}