{"id":294,"date":"2008-09-22T23:56:40","date_gmt":"2008-09-23T02:56:40","guid":{"rendered":"http:\/\/blogs.utopia.org.br\/levi\/?page_id=294"},"modified":"2010-01-13T08:39:54","modified_gmt":"2010-01-13T11:39:54","slug":"livros","status":"publish","type":"page","link":"https:\/\/blogs.utopia.org.br\/levi\/livros\/","title":{"rendered":"LIVROS"},"content":{"rendered":"<p><strong>Livros<\/strong><\/p>\n<p><em><a href=\"http:\/\/blogs.utopia.org.br\/levi\/livros\/o-inimigo\/\">O inimigo<\/a> <\/em>(S\u00e3o Paulo, Ed. Limiar, 2003)<\/p>\n<p><a href=\"http:\/\/blogs.utopia.org.br\/levi\/livros\/o-sequestro-do-senhor-empresario\/\"><em>O seq\u00fcestro do senhor empres\u00e1rio<\/em> <\/a>(S\u00e3o Paulo, Publisher Brasil Ed., 1998). Pr\u00eamio Revela\u00e7\u00e3o de Autor 1998 da APCA, Associa\u00e7\u00e3o Paulista de Cr\u00edticos de Arte.<\/p>\n<p><a href=\"http:\/\/blogs.utopia.org.br\/levi\/tag\/portovelhaca\/\"><em>A Portovelhaca e as Outras<\/em><\/a> (S\u00e3o Paulo, Paubrasil Editora, 1984).<\/p>\n<p><em>\u00d4nibus 307- Jardim Para\u00edso<\/em> (S\u00e3o Paulo, Muro das Artes, 1983).<\/p>\n<p><a href=\"http:\/\/blogs.utopia.org.br\/levi\/livros\/burocratas-burocracias\/\"><em>Burocratas e Burocracias<\/em> <\/a>(S\u00e3o Paulo, Editora Semente, 1981).<\/p>\n<p><strong>Artigos<\/strong><\/p>\n<p>\u201cDe Muitas Gl\u00f3rias\u201d in Eduardo Len e Ot\u00e1vio Nazareth (orgs.) <em>O futuro do livro,<\/em> S\u00e3o Paulo, Ed. Olhares e Ipsis Grafica e Ed., 2007.<\/p>\n<p>&#8220;Capitu Cibern\u00e9tica&#8221; in <em>Suplemento Liter\u00e1rio <\/em>&#8211; Secretaria de Estado da Cultura de Minas Gerais, n\u00ba 83, maio de 2002.<\/p>\n<p>\u201cA Guerra do Brasil\u201d in F\u00e1bio Lucas e Luiz Gonzaga Belluzzo (orgs.) <em>A Guerra do Brasil<\/em>, S\u00e3o Paulo, Textonovo Ed., 2000.<\/p>\n<p>&#8220;O Custo da Verdade&#8221; in Muito Mais \u2013 <em>Jornal de Id\u00e9ias e Cultura<\/em>, n\u00ba 27, setembro de 1999.<\/p>\n<p>\u201cBrasil em Debate\u201d in IPSO (org.), <em>A Causa Nacional: O futuro da Na\u00e7\u00e3o Brasileira<\/em>, S\u00e3o Paulo, Ed. Senac,1998.<\/p>\n<p>\u201c<a href=\"http:\/\/blogs.utopia.org.br\/levi\/1996\/07\/12\/emprego-e-trabalho-a-persistencia-das-ilusoes\/\">Emprego e Trabalho: A Persist\u00eancia das Ilus\u00f5es<\/a>\u201d in <em>Cadernos MHD<\/em>, N\u00ba 01\/96, Novembro, 96.<\/p>\n<p>\u201c<a href=\"http:\/\/blogs.utopia.org.br\/levi\/1996\/07\/09\/188\/\">Neoliberalismo, Comunica\u00e7\u00e3o Social e Senso Comum<\/a>\u201d in <em>Anais da 48\u00aa Reuni\u00e3o Anual da SBPC<\/em> &#8211; Sociedade Brasileira para o Progresso da Ci\u00eancia, Vol. I, pg. 499 a 501, 1996.<\/p>\n<p>\u201cGlobaliza\u00e7\u00e3o, Neoliberalismo e a Quest\u00e3o Social\u201d in <em>O Estado de S\u00e3o Paulo<\/em>, 05.10.95, pg. 02.<\/p>\n<p>&#8220;<a href=\"http:\/\/blogs.utopia.org.br\/levi\/1994\/09\/18\/revolucao-tecnologica-e-estado\/\">Revolu\u00e7\u00e3o Tecnol\u00f3gica e Estado<\/a>&#8221; in IPSO &#8211; Instituto de Pesquisas e Projetos Sociais e Tecnol\u00f3gicos (org.) &#8211; <em>A Revolu\u00e7\u00e3o Tecnol\u00f3gica e os Novos Paradigmas da Sociedade<\/em> (Belo Horizonte, Oficina de Livros Ltda., 1993).<\/p>\n<p>&#8220;Revolu\u00e7\u00e3o Tecnol\u00f3gica e Estado&#8221; in <em>O Estado de S\u00e3o Paulo<\/em>, Caderno de Economia, 18.01.93.<\/p>\n<p>&#8220;Uma An\u00e1lise da Campanha&#8221; in Maria Tereza A. Sadek (org.) &#8211; <em>Elei\u00e7\u00f5es\/1986<\/em> (S\u00e3o Paulo, Edi\u00e7\u00f5es V\u00e9rtice\/Revista dos Tribunais, 1989). Co-autoria com Prof. Dr. Vicente da Costa.<\/p>\n<p><a href=\"http:\/\/www.fundap.sp.gov.br\/publicacoes\/cadernos\/cad14\/Fundap14\/AS%20RELACOES%20DE%20PODER%20NA%20ADMINISTRACAO%20PUBLICA.pdf\">&#8220;Rela\u00e7\u00f5es de Poder na Administra\u00e7\u00e3o P\u00fablica&#8221; <\/a>in <em>Cadernos Fundap <\/em>Ano VII, No. 14 (S\u00e3o Paulo, FUNDAP, 1987).<\/p>\n<p>&#8220;Guerra \u00e9 Guerra: Aspectos da Campanha&#8221; in Bol\u00edvar Lamounier (Org.) &#8211; <em>1985: O Voto em S\u00e3o Paulo<\/em> (S\u00e3o Paulo, IDESP, 1985).<\/p>\n<p>&#8220;<a href=\"http:\/\/books.google.com.br\/books?id=E1BG1flEt3AC&amp;pg=PA94&amp;dq=%22Conselhos+Populares+na+Cidade+de+S%C3%A3o+Paulo%22+Levi&amp;sig=ACfU3U22ZaKLlfZTsB-_zCV4o2d6O0PNfw\">Conselhos Populares na Cidade de S\u00e3o Paulo<\/a>\u201d in <em>Revista Lua Nova<\/em>, No. 2, S\u00e3o Paulo, 1984.<\/p>\n<p>&#8220;<a href=\"http:\/\/www.fundap.sp.gov.br\/publicacoes\/cadernos\/cad01\/Fundap01\/ARTIGO%20A%20BUSCA%20DE%20U,A%20COERENCIA%20ENTRE%20POLITICA,PLANEJAMENTO%20.pdf\">A Busca de uma Coer\u00eancia entre Pol\u00edtica, Planejamento e Administra\u00e7\u00e3o de Recursos Humanos<\/a>&#8221; in <em>Cadernos Fundap<\/em>, No. 01 (S\u00e3o Paulo, FUNDAP, 1981).<\/p>\n<p><strong>Colet\u00e2neas Liter\u00e1rias<\/strong><\/p>\n<p>Participou da Colet\u00e2nea <a href=\"http:\/\/blogs.utopia.org.br\/levi\/livros\/corpos-contos-eroticos-coletanea\/\"><em>Corpos<\/em><\/a> (S.Paulo, Ed. Limiar, 2001) com o conto \u201cIrm\u00e3s\u201d.<\/p>\n<p>Participou da Colet\u00e2nea <em>III Pr\u00eamio Escriba de Contos<\/em> (Piracicaba, Prefeitura Municipal, 2001) com o conto <a href=\"http:\/\/blogs.utopia.org.br\/levi\/2003\/09\/30\/olhos-de-gata\/\">\u201cOlhos de Gata\u201d<\/a>.<\/p>\n<h4>Desde mar\u00e7o de 2004 escreve quadrimestralmente o <a href=\"http:\/\/blogs.utopia.org.br\/levi\/tag\/o-escritor\/\">editorial da Revista \u201cO Escritor\u201d<\/a> da Uni\u00e3o Brasileira de Escritores e outros eventuais artigos sobre Literatura e Cultura no mesmo peri\u00f3dico.<\/h4>\n<pre><em><\/em><em><strong>\r\n<\/strong><\/em><\/pre>\n<h4><em>Os livros mencionados podem ser encontrados nas principais livrarias ou a pre\u00e7os promocionais atrav\u00e9s do link: <\/em><\/h4>\n<h4><em>http:\/\/www.estantevirtual.com.br\/buscaporautor\/Ferrari+Levi+Bucalem<\/em><\/h4>\n","protected":false},"excerpt":{"rendered":"<p>Livros O inimigo (S\u00e3o Paulo, Ed. Limiar, 2003) O seq\u00fcestro do senhor empres\u00e1rio (S\u00e3o Paulo, Publisher Brasil Ed., 1998). Pr\u00eamio Revela\u00e7\u00e3o de Autor 1998 da APCA, Associa\u00e7\u00e3o Paulista de Cr\u00edticos de Arte. A Portovelhaca e as Outras (S\u00e3o Paulo, Paubrasil &hellip; <a href=\"https:\/\/blogs.utopia.org.br\/levi\/livros\/\">Continue lendo <span class=\"meta-nav\">&rarr;<\/span><\/a><\/p>\n","protected":false},"author":4,"featured_media":0,"parent":0,"menu_order":0,"comment_status":"open","ping_status":"open","template":"","meta":{"_monsterinsights_skip_tracking":false,"_monsterinsights_sitenote_active":false,"_monsterinsights_sitenote_note":"","_monsterinsights_sitenote_category":0,"ngg_post_thumbnail":0,"footnotes":""},"class_list":["post-294","page","type-page","status-publish","hentry"],"_links":{"self":[{"href":"https:\/\/blogs.utopia.org.br\/levi\/wp-json\/wp\/v2\/pages\/294","targetHints":{"allow":["GET"]}}],"collection":[{"href":"https:\/\/blogs.utopia.org.br\/levi\/wp-json\/wp\/v2\/pages"}],"about":[{"href":"https:\/\/blogs.utopia.org.br\/levi\/wp-json\/wp\/v2\/types\/page"}],"author":[{"embeddable":true,"href":"https:\/\/blogs.utopia.org.br\/levi\/wp-json\/wp\/v2\/users\/4"}],"replies":[{"embeddable":true,"href":"https:\/\/blogs.utopia.org.br\/levi\/wp-json\/wp\/v2\/comments?post=294"}],"version-history":[{"count":22,"href":"https:\/\/blogs.utopia.org.br\/levi\/wp-json\/wp\/v2\/pages\/294\/revisions"}],"predecessor-version":[{"id":503,"href":"https:\/\/blogs.utopia.org.br\/levi\/wp-json\/wp\/v2\/pages\/294\/revisions\/503"}],"wp:attachment":[{"href":"https:\/\/blogs.utopia.org.br\/levi\/wp-json\/wp\/v2\/media?parent=294"}],"curies":[{"name":"wp","href":"https:\/\/api.w.org\/{rel}","templated":true}]}}