{"id":256,"date":"2008-09-20T01:53:33","date_gmt":"2008-09-20T04:53:33","guid":{"rendered":"http:\/\/blogs.utopia.org.br\/levi\/?page_id=256"},"modified":"2009-03-18T17:08:15","modified_gmt":"2009-03-18T20:08:15","slug":"o-inimigo","status":"publish","type":"page","link":"https:\/\/blogs.utopia.org.br\/levi\/livros\/o-inimigo\/","title":{"rendered":"O INIMIGO"},"content":{"rendered":"<p><a href=\"http:\/\/blogs.utopia.org.br\/levi\/files\/livro2levi2.jpg\"><img loading=\"lazy\" decoding=\"async\" class=\"alignleft size-medium wp-image-257\" src=\"http:\/\/blogs.utopia.org.br\/levi\/files\/livro2levi2.jpg\" alt=\"\" width=\"111\" height=\"158\" \/><\/a><strong>Levi Bucalem Ferrari<br \/>\nEditora Limiar (2003)<\/strong><\/p>\n<p>Livro de bolso contendo 12 contos divididos em 3 partes: da guerra que se foi; da guerra que vem; e do amor e suas guerras.<\/p>\n<p>Na primeira, o pano de fundo \u00e9 o longo per\u00edodo ditatorial vivido pelo Brasil de 1964 a 1985. Agentes da repress\u00e3o, apoiadores e opositores do regime, inclusive guerrilheiros, comp\u00f5e algumas das personagens principais. Na segunda parte, o autor imagina a Amaz\u00f4nia internacionalizada e ocupada por tropas da OTAN.\u00a0 Duas hist\u00f3rias t\u00eam como cen\u00e1rio as principais cidades da Amaz\u00f4nia (Manaus e Bel\u00e9m) e salientam os conflitos entre ocupantes e a popula\u00e7\u00e3o local.<br \/>\nNa terceira parte est\u00e3o contos que tem no centro as rela\u00e7\u00f5es amorosas e seus conflitos tendo como cen\u00e1rio regi\u00f5es diversas do Brasil do final do s\u00e9culo XX.<\/p>\n<p>Todas as tramas mesclam fic\u00e7\u00e3o com acontecimentos hist\u00f3ricos, realidade com fantasia. Os doze contos mant\u00e9m, cada um, estrutura pr\u00f3pria, narrativa definida, mas bem poderiam ser cap\u00edtulos de um \u00fanico romance.<\/p>\n<p>\u00c0 medida que se avan\u00e7a na leitura, v\u00e3o-se identificando personagens e situa\u00e7\u00f5es: do garoto que descobre a possibilidade de vingar-se de um amor roubado; da inicia\u00e7\u00e3o de jovens na guerrilha urbana; dos sonhos desfeitos, da descoberta do sexo; da dela\u00e7\u00e3o e da solidariedade; dos novos e antigos companheiros de pris\u00e3o; da utopia n\u00e3o-realizada e de seu eterno retorno.<\/p>\n<p>A cada novo elemento somam-se outros, criados pela pr\u00f3pria intera\u00e7\u00e3o do leitor, que completa lacunas propositalmente deixadas no caminho. Cabe a ele decifrar as pequenas charadas propostas ao longo dos contos. Seja em situa\u00e7\u00f5es de guerra ou de paz, o ser humano, suas ambi\u00e7\u00f5es e fraquezas, suas necessidades mais banais e sentimentos comuns ou inconfess\u00e1veis conduzem a a\u00e7\u00e3o.<\/p>\n<p>O autor descreve, com a mesma naturalidade, do amor rom\u00e2ntico ao assassinato por ci\u00fame; da descoberta do sexo \u00e0 insinua\u00e7\u00e3o de incesto; da tortura a presos pol\u00edticos ao dia a dia dos oper\u00e1rios de uma grande obra. E tra\u00e7a, desta forma, um rico panorama da sociedade brasileira numa linguagem repleta de humor e eleg\u00e2ncia; crueza e lirismo.<\/p>\n<p><strong>Excerto de &#8220;O inimigo&#8221;<\/strong><\/p>\n<p><em>\u201cTomei as informa\u00e7\u00f5es necess\u00e1rias \u00e0 confirma\u00e7\u00e3o da suspeita. Contratei um profissional que obteve, al\u00e9m de informa\u00e7\u00f5es, muitas fotos. E n\u00e3o agi como um chantagista qualquer.<\/em><\/p>\n<p><em>Inicialmente, em troca de meu sil\u00eancio e dos negativos em meu poder, exigi do antigo rival rid\u00edculas quantias a serem depositadas a cada vez numa diferente conta banc\u00e1ria. Isso durou algum tempo. Fui aos poucos aumentando os valores enquanto mandava fotos mais comprometedoras. As piores, que causariam frenesi na pol\u00edcia pol\u00edtica, alvoro\u00e7o em qualquer \u00f3rg\u00e3o de repress\u00e3o, foram-lhe enviadas h\u00e1 uma semana. Ontem ele cometeu sucic\u00eddio.<\/em><\/p>\n<p><em>Encontro em seu vel\u00f3rio muitos dos velhos conhecidos de inf\u00e2ncia, um deles estranha como algu\u00e9m com tantas d\u00edvidas, praticamente falido, fazia tamanhas doa\u00e7\u00f5es a um sem-n\u00famero de entidades filantr\u00f3picas.\u201d<br \/>\n<\/em><strong><br \/>\n<\/strong><\/p>\n<p><strong>O INIMIGO: uma recria\u00e7\u00e3o de realidades e devaneios<\/strong><br \/>\nDirce Lorimier Fernandes*<\/p>\n<p>O escritor e soci\u00f3logo Levi Bucalem Ferrari \u00e9 autor de <em>Burocratas e Burocracias<\/em> (1981), <em>\u00d4nibus 307 &#8211; Jardim Para\u00edso <\/em> (1983), <em>A Portovelhaca e as outras<\/em> (1984). Foi premiado como autor revela\u00e7\u00e3o pela Associa\u00e7\u00e3o Paulista de Cr\u00edticos de Arte (APCA), em 1998, pela obra <em>O seq\u00fcestro do senhor empres\u00e1rio<\/em>. Reaparece, em 2003, com sua obra <em>O inimigo <\/em>(Limiar, 100 p), numa edi\u00e7\u00e3o pequenina, para o bolso, como as raras fragr\u00e2ncias; de suas p\u00e1ginas, por\u00e9m, v\u00e3o ressurgindo um passado recente, e a mem\u00f3ria de um menino que cresceu, mas n\u00e3o perdeu de vista as suas agrad\u00e1veis fantasias. <em>O inimigo<\/em> \u00e9 um livro, sem d\u00favida, masculino.<\/p>\n<p>A morte de Get\u00falio, as not\u00edcias captadas pelo r\u00e1dio, n\u00e3o havia televis\u00e3o, a aventura de Gagarin, a s\u00e9rie <em>Jer\u00f4nimo do Sert\u00e3o<\/em>, e a exuber\u00e2ncia de Sofia Loren na tela do pequeno cinema da prov\u00edncia, extasiando os meninos com seus <em>olhos de gata<\/em>, d\u00e3o a certeza de que estamos diante de uma reconstru\u00e7\u00e3o hist\u00f3rica. Traz de volta reminisc\u00eancias da inf\u00e2ncia, a transi\u00e7\u00e3o menino\/homem e juventude com seu modo peculiar de expressar-se.<\/p>\n<p>Dialogando magistralmente com a Hist\u00f3ria e a fantasia, e com o leitor presumido, Levi invoca os por\u00f5es do DEOPS na metr\u00f3pole e o povoa com seus alcag\u00fcetes, gritos, ang\u00fastias, e lembra que havia tamb\u00e9m solidariedade. Nas ruas, prostitutas aliciando suspeitos de &#8220;subvers\u00e3o&#8221; para oferecer servi\u00e7os e trai\u00e7\u00e3o; <em>cambur\u00f5es<\/em> v\u00e3o recolhendo os denunciados, para <em>simples averigua\u00e7\u00f5es<\/em>.\u00a0 Seus contos, que parecem puxados por um mesmo narrador, retomam personagens, fazendo que, no conto seguinte, o presumido <em>inimigo<\/em> tenha o destino que mereceu, para j\u00fabilo de seu desconhecido desafeto. O <em>inimigo<\/em> sem nome que aparece no primeiro conto \u00e9 morto em circunst\u00e2ncias estranhas no segundo conto, suas fotos em trajes pouco recomend\u00e1veis s\u00e3o procuradas pelo delegado no terceiro conto, que p\u00f5e em d\u00favida o suposto suic\u00eddio, ao constatar que seu alvo estava morto. Dentro das mesmas intrigas, Dentinho aparece na p\u00e1gina 18, no primeiro conto, d\u00e1 nome ao terceiro conto, <em>tempo dos generais presidentes<\/em>, \u00e9 &#8220;dedo duro&#8221; da repress\u00e3o, a servi\u00e7o do mesmo delegado.<\/p>\n<p>O <em>inimigo<\/em> transita entre o bem e o mal e leva o leitor a refletir sobre o car\u00e1ter do ser humano. Pass\u00edvel de trai\u00e7\u00f5es, as lembran\u00e7as s\u00e3o capazes de <em>fazer vicejar <\/em>qualquer <em>\u00f3dio enraizado<\/em>.<\/p>\n<p>N\u00e3o s\u00f3 o governo militar tem papel importante nesta obra: governo que criou o A.I.5 e &#8220;domesticou o caudaloso Paran\u00e1 pela ci\u00eancia e trabalho dos homens, entre os quais Jo\u00e3o e Jos\u00e9, interferindo na natureza e na vida de Rosa&#8221; (personagens-pretexto para a constru\u00e7\u00e3o do conto). A mulher executa na obra v\u00e1rios pap\u00e9is: \u00e9 a prostituta, que tirada da Zona, para ela volta, sob o olhar complacente do narrador que justifica sua inf\u00e2ncia infeliz. Na p\u00e1gina 24, a prostituta remete o leitor \u00e0 &#8220;Trag\u00e9dia Brasileira&#8221; criada por Manuel Bandeira, cuja personagem Maria Elvira \u00e9 encontrada morta em dec\u00fabito dorsal, porque o marido n\u00e3o conseguira recuper\u00e1-la do v\u00edcio. Contudo, o narrador de <em>O inimigo <\/em>n\u00e3o mata suas mulheres da Zona. Elas voltam para l\u00e1. O transitar do bem e do mal nos contos de Levi reedifica a mulher que retoma o seu sentido b\u00edblico de serpente sedutora, mas tamb\u00e9m h\u00e1bil, passiva. Mas nociva ao homem.<\/p>\n<p>H\u00e1 momentos suaves neste livro. Movido por um sublime impulso, o menino se deixa seduzir pelo olhar da mulher objeto. Ao contr\u00e1rio de Machado de Assis, cujas personagens t\u00eam <em>olhos de ressaca<\/em>, as mulheres de Levi t\u00eam<em> olhos de gata<\/em>.<\/p>\n<p>Nesta obra, os contos dialogam entre si; ocorrem encontros e desencontros; com muita sutileza, o autor deixa transparecer suas pr\u00f3prias viv\u00eancias como em <em>barrageiros<\/em>, conto que fecha o c\u00edrculo mnem\u00f4nico, por onde, na verdade, come\u00e7am as aventuras desse escritor. Neste conto, o narrador muda o seu enfoque. Ao distanciar-se do objeto, como um fot\u00f3grafo, al\u00e9m de narrar a intrigante aventura triangular, informa sobre a constru\u00e7\u00e3o da barragem de Itaipu, de cujas implica\u00e7\u00f5es talvez poucos brasileiros se lembrem.<\/p>\n<p>Apesar desse retorno, os contos s\u00e3o alegres, Levi revigora o mal com a sua agrad\u00e1vel ironia e, acima de tudo, o seu j\u00e1 consagrado talento liter\u00e1rio, indiscut\u00edvel, se observarmos a forma pela qual constr\u00f3i o desfecho desses contos. Reler esse trabalho constitui um agrad\u00e1vel exerc\u00edcio, uma reminisc\u00eancia que engrandece; este autor n\u00e3o joga simplesmente com as palavras; ao aproximar-se da verdade, esta obra n\u00e3o choca, ao contr\u00e1rio, pelo irrefut\u00e1vel estilo do autor, e pelo seu compromisso social, ela transporta o que foi desagrad\u00e1vel para a Literatura. E o que j\u00e1 \u00e9 em si agrad\u00e1vel? Ah! Isto o Levi transforma em poesia.<\/p>\n<p>* Doutora em Hist\u00f3ria da Cultura, pela USP, membro da APCA e da UBE, autora, entre outros de <em>A Literatura Infantil<\/em> (S\u00e3o Paulo, Loyola, 2003) e <em>A inquisi\u00e7\u00e3o na Am\u00e9rica<\/em>. (S\u00e3o Paulo, Ark\u00e9, 2004).<\/p>\n<blockquote><p><strong>The Enemy \u2013 Love and war short stories<\/strong><br \/>\n<strong>Levi Bucalem Ferrari<br \/>\nLimiar Publisher, S\u00e3o Paulo, 2003<br \/>\n<\/strong><br \/>\nPocket book containing 12 short stories divided into 3 parts: about the war that is gone; about the war that is about to come; and about love and its own wars.<\/p>\n<p>In the first, the background scenery is the long dictatorial period lived in Brazil from 1964 to 1985. Repression agents, regime supporters and opponents, including guerrilla fighters, constitute some of the main characters. In the second part, the author imagines an internationalized Amazon Forest, occupied by NATO troops. Both stories have their scenery in the most important Amazon cities (Manaus e Bel\u00e9m) and highlight the conflicts between the occupiers and local population. In the third part are some short stories that focus on love relationships and their conflicts having as scenery several regions of Brazil at the end of the twentieth century.<\/p>\n<p>All plots merge fiction with historical events, reality and fantasy. The twelve short stories maintain, each one, their own structure and narrative set, even though they could be chapters of a single novel.<\/p>\n<p>As the reader moves forward the story, characters and situations become known: the boy who discovers the possibility of revenge on a stolen love; the initiation of young people in the urban guerrillas; about broken dreams; the discovery of sex; about denunciation and solidarity; about new and old comrades of prison; the non-accomplished utopia and its eternal return.<\/p>\n<p>To each new element presented, many others are added, created by the reader&#8217;s own interaction with the book when completing gaps purposely left in the path. It&#8217;s up to the reader to decipher the little riddles proposed through the stories. Whether in war or peace situations, the human being, with its ambitions and weaknesses, his most banal necessities and ordinary or secret feelings lead the action.<\/p>\n<p>The author describes, with the same wit, romantic love and murder caused by jealousy; the discovery of sex and the incest insinuation; the torture of political prisoners and the workers daily life in a huge reservoir construction. And traces thus a rich panorama of the Brazilian society in a language plenty of humor and elegance; crudity and lyricism.<\/p>\n<p><strong>Excerpt taken from \u201cThe enemy\u201d <\/strong><\/p>\n<p>&#8220;I took all necessary information that could confirm the suspicion. I hired a professional who collected, besides information, many photos. And I hadn&#8217;t at all acted as an ordinary blackmailer.<\/p>\n<p>Initially, in exchange for my silence and the original photos in my hands, I required the old rival ridiculous amounts to be paid every time in a different bank account. That lasted for some time. I went little by little increasing the values while I sent more compromising photos. The worst, that would cause frenzy in the political police and excitement in any repression organ, were sent him a week ago. Yesterday he committed suicide.<\/p>\n<p>I meet in his wake many of my old acquaintances from childhood; one of them finds it strange how someone, with so many debts, virtually bankrupt, could make so many\u00a0 tremendous gifts to a number of non-philanthropic entities.<\/p><\/blockquote>\n","protected":false},"excerpt":{"rendered":"<p>Levi Bucalem Ferrari Editora Limiar (2003) Livro de bolso contendo 12 contos divididos em 3 partes: da guerra que se foi; da guerra que vem; e do amor e suas guerras. Na primeira, o pano de fundo \u00e9 o longo &hellip; <a href=\"https:\/\/blogs.utopia.org.br\/levi\/livros\/o-inimigo\/\">Continue lendo <span class=\"meta-nav\">&rarr;<\/span><\/a><\/p>\n","protected":false},"author":2,"featured_media":0,"parent":294,"menu_order":0,"comment_status":"open","ping_status":"open","template":"","meta":{"_monsterinsights_skip_tracking":false,"_monsterinsights_sitenote_active":false,"_monsterinsights_sitenote_note":"","_monsterinsights_sitenote_category":0,"ngg_post_thumbnail":0,"footnotes":""},"class_list":["post-256","page","type-page","status-publish","hentry"],"_links":{"self":[{"href":"https:\/\/blogs.utopia.org.br\/levi\/wp-json\/wp\/v2\/pages\/256","targetHints":{"allow":["GET"]}}],"collection":[{"href":"https:\/\/blogs.utopia.org.br\/levi\/wp-json\/wp\/v2\/pages"}],"about":[{"href":"https:\/\/blogs.utopia.org.br\/levi\/wp-json\/wp\/v2\/types\/page"}],"author":[{"embeddable":true,"href":"https:\/\/blogs.utopia.org.br\/levi\/wp-json\/wp\/v2\/users\/2"}],"replies":[{"embeddable":true,"href":"https:\/\/blogs.utopia.org.br\/levi\/wp-json\/wp\/v2\/comments?post=256"}],"version-history":[{"count":12,"href":"https:\/\/blogs.utopia.org.br\/levi\/wp-json\/wp\/v2\/pages\/256\/revisions"}],"predecessor-version":[{"id":280,"href":"https:\/\/blogs.utopia.org.br\/levi\/wp-json\/wp\/v2\/pages\/256\/revisions\/280"}],"up":[{"embeddable":true,"href":"https:\/\/blogs.utopia.org.br\/levi\/wp-json\/wp\/v2\/pages\/294"}],"wp:attachment":[{"href":"https:\/\/blogs.utopia.org.br\/levi\/wp-json\/wp\/v2\/media?parent=256"}],"curies":[{"name":"wp","href":"https:\/\/api.w.org\/{rel}","templated":true}]}}