{"id":1205,"date":"2008-10-22T22:37:23","date_gmt":"2008-10-23T01:37:23","guid":{"rendered":"http:\/\/blogs.utopia.org.br\/levi\/?page_id=1205"},"modified":"2008-10-22T23:15:48","modified_gmt":"2008-10-23T02:15:48","slug":"onibus-307-jardim-paraiso","status":"publish","type":"page","link":"https:\/\/blogs.utopia.org.br\/levi\/livros\/onibus-307-jardim-paraiso\/","title":{"rendered":"\u00d4NIBUS 307"},"content":{"rendered":"<p><a href=\"http:\/\/blogs.utopia.org.br\/levi\/files\/onibus.jpg\"><img loading=\"lazy\" decoding=\"async\" class=\"alignnone size-medium wp-image-1290\" src=\"http:\/\/blogs.utopia.org.br\/levi\/files\/onibus.jpg\" alt=\"\" width=\"294\" height=\"140\" \/><\/a><\/p>\n<p><strong>\u00d4NIBUS 307 &#8211; JARDIM PARA\u00cdSO<\/strong><br \/>\n<strong>Levi Bucalem Ferrari<br \/>\nMuro das Artes (1983)<\/strong><\/p>\n<p>Excertos:<\/p>\n<p><strong>CENTRO EXPANDIDO<\/strong><\/p>\n<p>no pr\u00e9dio in da faria lima<br \/>\na senhora orienta a decora\u00e7\u00e3o do escrit\u00f3rio<br \/>\no executivo olha a secret\u00e1ria<br \/>\ncomo se pedisse desculpas<br \/>\num office boy excitado<br \/>\nhesita<br \/>\nentre um par de coxas jovens e um decote finamente decorado<\/p>\n<p>os \u00f4nibus transportam bundas discretamentes acess\u00edveis<\/p>\n<p><strong>S\u00c9<\/strong><\/p>\n<p>a catedral<br \/>\ne o cardeal<br \/>\nrestauram esperan\u00e7as subdesenvolvidas<\/p>\n<p><strong>PARQUE D. PEDRO<\/strong><\/p>\n<p>o sonho da periferia \u00e9 contudo um sonho perif\u00e9rico<br \/>\npondera o b\u00eabado de plant\u00e3o<\/p>\n<p>os \u00f4nibus transportam malandros trabalhadores<br \/>\ne rela\u00e7\u00f5es de produ\u00e7\u00e3o<\/p>\n<p><strong>JARDIM PARA\u00cdSO<\/strong><\/p>\n<p>os \u00f4nibus transportam todos os cheiros do cansa\u00e7o<\/p>\n<p>e no ponto findal de cada um<br \/>\n\u00f4nibus trem homem mulher<br \/>\na ironia imobili\u00e1ria<br \/>\nproliferou em parques e jardins de nomes on\u00edricos<br \/>\njardim para\u00edso por exemplo<\/p>\n<p><strong>POR EXEMPLO<\/strong><\/p>\n<p>nos carros<br \/>\nmo\u00e7as pobres<br \/>\nouvem promessas e insist\u00eancias de homens maduros<\/p>\n<p>aglomera\u00e7\u00f5es<br \/>\nde sal\u00e1rio e creche<br \/>\ntentam justificar o otimismo das esquerdas<\/p>\n<p>nos terrenos baldios<br \/>\nos ratos e a rota<br \/>\ndevoram lixos e adolescentes.<\/p>\n","protected":false},"excerpt":{"rendered":"<p>\u00d4NIBUS 307 &#8211; JARDIM PARA\u00cdSO Levi Bucalem Ferrari Muro das Artes (1983) Excertos: CENTRO EXPANDIDO no pr\u00e9dio in da faria lima a senhora orienta a decora\u00e7\u00e3o do escrit\u00f3rio o executivo olha a secret\u00e1ria como se pedisse desculpas um office boy &hellip; <a href=\"https:\/\/blogs.utopia.org.br\/levi\/livros\/onibus-307-jardim-paraiso\/\">Continue lendo <span class=\"meta-nav\">&rarr;<\/span><\/a><\/p>\n","protected":false},"author":2,"featured_media":0,"parent":294,"menu_order":0,"comment_status":"open","ping_status":"open","template":"","meta":{"_monsterinsights_skip_tracking":false,"_monsterinsights_sitenote_active":false,"_monsterinsights_sitenote_note":"","_monsterinsights_sitenote_category":0,"ngg_post_thumbnail":0,"footnotes":""},"class_list":["post-1205","page","type-page","status-publish","hentry"],"_links":{"self":[{"href":"https:\/\/blogs.utopia.org.br\/levi\/wp-json\/wp\/v2\/pages\/1205","targetHints":{"allow":["GET"]}}],"collection":[{"href":"https:\/\/blogs.utopia.org.br\/levi\/wp-json\/wp\/v2\/pages"}],"about":[{"href":"https:\/\/blogs.utopia.org.br\/levi\/wp-json\/wp\/v2\/types\/page"}],"author":[{"embeddable":true,"href":"https:\/\/blogs.utopia.org.br\/levi\/wp-json\/wp\/v2\/users\/2"}],"replies":[{"embeddable":true,"href":"https:\/\/blogs.utopia.org.br\/levi\/wp-json\/wp\/v2\/comments?post=1205"}],"version-history":[{"count":9,"href":"https:\/\/blogs.utopia.org.br\/levi\/wp-json\/wp\/v2\/pages\/1205\/revisions"}],"predecessor-version":[{"id":1315,"href":"https:\/\/blogs.utopia.org.br\/levi\/wp-json\/wp\/v2\/pages\/1205\/revisions\/1315"}],"up":[{"embeddable":true,"href":"https:\/\/blogs.utopia.org.br\/levi\/wp-json\/wp\/v2\/pages\/294"}],"wp:attachment":[{"href":"https:\/\/blogs.utopia.org.br\/levi\/wp-json\/wp\/v2\/media?parent=1205"}],"curies":[{"name":"wp","href":"https:\/\/api.w.org\/{rel}","templated":true}]}}