{"id":89,"date":"2010-05-03T00:13:29","date_gmt":"2010-05-03T03:13:29","guid":{"rendered":"http:\/\/blogs.utopia.org.br\/direitosdopublico\/?page_id=89"},"modified":"2010-05-05T23:39:27","modified_gmt":"2010-05-06T02:39:27","slug":"apresentacao","status":"publish","type":"page","link":"https:\/\/blogs.utopia.org.br\/direitosdopublico\/apresentacao\/","title":{"rendered":"Apresenta\u00e7\u00e3o"},"content":{"rendered":"<p><strong>Textos sobre os Direitos do P\u00fablico<\/strong><\/p>\n<p>Os textos indicados abaixo s\u00e3o de fundamental import\u00e2ncia para subsidiar o debate e o entendimento acerca dos Direitos do P\u00fablico, desde a dimens\u00e3o hist\u00f3rica &#8211; dada pela Carta de Tabor &#8211; at\u00e9 as discuss\u00f5es atuais acerca desta importante quest\u00e3o, que afeta diretamente a democracia na chamada &#8220;era do conhecimento&#8221;.<\/p>\n<h3>\u00bb <a href=\"http:\/\/blogs.utopia.org.br\/direitosdopublico\/apresentacao\/carta-de-tabor\/\"> Carta de Tabor <\/a><\/h3>\n<p><img decoding=\"async\" src=\"http:\/\/blogs.utopia.org.br\/direitosdopublico\/files\/2010\/05\/quixotinho.gif\" alt=\"\" title=\"\" width=\"37\" class=\"alignleft size-full wp-image-118\" \/> Em 18 de setembro de 1987 a Federa\u00e7\u00e3o Internacional de Cineclubes durante seu Congresso em Tabor, consciente das profundas mudan\u00e7as no campo audiovisual, que geram uma desumaniza\u00e7\u00e3o na comunica\u00e7\u00e3o aprovou por unanimidade uma Carta dos Direitos do P\u00fablico<\/p>\n<h3>\u00bb <a href=\"http:\/\/blogs.utopia.org.br\/direitosdopublico\/apresentacao\/leitura-carta\/\"> Uma leitura da Carta de Tabor <\/a><\/h3>\n<p> <img decoding=\"async\" src=\"http:\/\/blogs.utopia.org.br\/direitosdopublico\/files\/2010\/05\/quixotinho.gif\" alt=\"\" title=\"\" width=\"37\" class=\"alignleft size-full wp-image-118\" \/> Embora tenha suscitado bastante agita\u00e7\u00e3o e sido objeto de discuss\u00f5es em alguns pa\u00edses, al\u00e9m de apresentada em encontros e reuni\u00f5es importantes, com autoridades da Uni\u00e3o Europ\u00e9ia, a grande campanha por esses direitos pouco compreendidos n\u00e3o prosperou. Por qu\u00ea? <\/p>\n<h3>\u00bb <a href=\"http:\/\/blogs.utopia.org.br\/direitosdopublico\/apresentacao\/carta-angel\/\"> Carta de San Ang\u00e9l <\/a><\/h3>\n<p><img decoding=\"async\" src=\"http:\/\/blogs.utopia.org.br\/direitosdopublico\/files\/2010\/05\/quixotinho.gif\" alt=\"\" title=\"\" width=\"37\" class=\"alignleft size-full wp-image-118\" \/> Reunidos na Cidade do M\u00e9xico, M\u00e9xico, representantes de cineclubes e federa\u00e7\u00f5es cineclubistas de v\u00e1rios pa\u00edses, lan\u00e7aram a Carta de San \u00c1ngel de Direitos do P\u00fablico durante o 5\u00ba Festival Internacional de Cinema Contempor\u00e2neo da Cidade do M\u00e9xico em fevereiro de 2008.<\/p>\n<h3>\u00bb <a href=\"http:\/\/blogs.utopia.org.br\/direitosdopublico\/apresentacao\/carta-atibaia\/\"> Carta de Atibaia <\/a><\/h3>\n<p><img decoding=\"async\" src=\"http:\/\/blogs.utopia.org.br\/direitosdopublico\/files\/2010\/05\/quixotinho.gif\" alt=\"\" title=\"\" width=\"37\" class=\"alignleft size-full wp-image-118\" \/> Durante o 5\u00ba Festival Atibaia Internacional do Audiovisual, em 16 de janeiro de 2010, representantes de entidades culturais da Am\u00e9rica do Sul e Europa, promoveram o 1\u00ba Encontro Internacional dos Direitos do P\u00fablico.<\/p>\n<h3>\u00bb <a href=\"http:\/\/blogs.utopia.org.br\/direitosdopublico\/apresentacao\/como-participar\/\"> Como participar <\/a><\/h3>\n<p><img decoding=\"async\" src=\"http:\/\/blogs.utopia.org.br\/direitosdopublico\/files\/2010\/05\/quixotinho.gif\" alt=\"\" title=\"\" width=\"37\" class=\"alignleft size-full wp-image-118\" \/> N\u00e3o ser\u00e1 uma luta f\u00e1cil, pois os interesse contr\u00e1rios, como j\u00e1 sabemos, s\u00e3o muito fortes. Mas \u00e9 a boa luta, a luta pelos direitos da maioria, praticamente a totalidade da popula\u00e7\u00e3o, que quer ser sujeito da comunica\u00e7\u00e3o, da cultura e da sua pr\u00f3pria hist\u00f3ria.<\/p>\n","protected":false},"excerpt":{"rendered":"<p>Textos sobre os Direitos do P\u00fablico Os textos indicados abaixo s\u00e3o de fundamental import\u00e2ncia para subsidiar o debate e o entendimento acerca dos Direitos do P\u00fablico, desde a dimens\u00e3o hist\u00f3rica &#8211; dada pela Carta de Tabor &#8211; at\u00e9 as discuss\u00f5es &hellip; <a href=\"https:\/\/blogs.utopia.org.br\/direitosdopublico\/apresentacao\/\">Continue lendo <span class=\"meta-nav\">&rarr;<\/span><\/a><\/p>\n","protected":false},"author":19,"featured_media":0,"parent":0,"menu_order":0,"comment_status":"open","ping_status":"open","template":"","meta":{"_monsterinsights_skip_tracking":false,"_monsterinsights_sitenote_active":false,"_monsterinsights_sitenote_note":"","_monsterinsights_sitenote_category":0,"ngg_post_thumbnail":0,"footnotes":""},"class_list":["post-89","page","type-page","status-publish","hentry"],"_links":{"self":[{"href":"https:\/\/blogs.utopia.org.br\/direitosdopublico\/wp-json\/wp\/v2\/pages\/89","targetHints":{"allow":["GET"]}}],"collection":[{"href":"https:\/\/blogs.utopia.org.br\/direitosdopublico\/wp-json\/wp\/v2\/pages"}],"about":[{"href":"https:\/\/blogs.utopia.org.br\/direitosdopublico\/wp-json\/wp\/v2\/types\/page"}],"author":[{"embeddable":true,"href":"https:\/\/blogs.utopia.org.br\/direitosdopublico\/wp-json\/wp\/v2\/users\/19"}],"replies":[{"embeddable":true,"href":"https:\/\/blogs.utopia.org.br\/direitosdopublico\/wp-json\/wp\/v2\/comments?post=89"}],"version-history":[{"count":35,"href":"https:\/\/blogs.utopia.org.br\/direitosdopublico\/wp-json\/wp\/v2\/pages\/89\/revisions"}],"predecessor-version":[{"id":216,"href":"https:\/\/blogs.utopia.org.br\/direitosdopublico\/wp-json\/wp\/v2\/pages\/89\/revisions\/216"}],"wp:attachment":[{"href":"https:\/\/blogs.utopia.org.br\/direitosdopublico\/wp-json\/wp\/v2\/media?parent=89"}],"curies":[{"name":"wp","href":"https:\/\/api.w.org\/{rel}","templated":true}]}}