{"id":42,"date":"2010-05-02T19:15:37","date_gmt":"2010-05-02T22:15:37","guid":{"rendered":"http:\/\/blogs.utopia.org.br\/direitosdopublico\/?page_id=42"},"modified":"2010-06-21T10:46:39","modified_gmt":"2010-06-21T13:46:39","slug":"localizacao","status":"publish","type":"page","link":"https:\/\/blogs.utopia.org.br\/direitosdopublico\/localizacao\/","title":{"rendered":"Organiza\u00e7\u00e3o"},"content":{"rendered":"<p><em>Dire\u00e7\u00e3o Geral<\/em><br \/>\nNicole Kubli<\/p>\n<p><em>Coordena\u00e7\u00e3o Geral<\/em><br \/>\nJo\u00e3o Batista Pimentel Neto<br \/>\nAntonio Claudino de Jesus<\/p>\n<p><em>Produ\u00e7\u00e3o Executiva<\/em><br \/>\nBeth Verdegay<br \/>\nCalebe Pimentel<\/p>\n<p><em>Secretaria e Receptivo<\/em><br \/>\nSilvana Missi B. Martins<br \/>\nAndrea Greco Fanganiillo<br \/>\nMariana Bergo<br \/>\nIngrid Bergman de Lima<\/p>\n<p><em>Assist\u00eancia de Produ\u00e7\u00e3o<\/em><br \/>\nVinicius Roberto de Souza<\/p>\n<p><em>Produ\u00e7\u00e3o Gr\u00e1fica<\/em><br \/>\nAndr\u00e9 Las-casas Novaes<\/p>\n<p><em>Registro<\/em><br \/>\nTV Cidade Livre \u2013 Rio Claro<br \/>\nEber Novo Weber<br \/>\nEder Gerez Cardoso<\/p>\n<p><em>Blog<\/em><br \/>\nZez\u00e9 Pina<\/p>\n<p><strong>LOCALIZA\u00c7\u00c3O<\/strong><\/p>\n<p>O evento ocorrer\u00e1 no hotel <strong>Gran Roca<\/strong>, situado \u00e0 Avenida Walter Engracia de Oliveira 229, Atibaia, SP, 12942-140. O telefone do hotel \u00e9 (11) 4414-7777\u200e. Veja a localiza\u00e7\u00e3o no mapa abaixo:<\/p>\n<p>[HTML2]<\/p>\n<p>Veja no mapa acima a localiza\u00e7\u00e3o e use as ferramentas de zoom para aproximar e de localiza\u00e7\u00e3o para ver como chegar.<\/p>\n<p><\/p>\n<hr size=\"1\"><\/p>\n","protected":false},"excerpt":{"rendered":"<p>Dire\u00e7\u00e3o Geral Nicole Kubli Coordena\u00e7\u00e3o Geral Jo\u00e3o Batista Pimentel Neto Antonio Claudino de Jesus Produ\u00e7\u00e3o Executiva Beth Verdegay Calebe Pimentel Secretaria e Receptivo Silvana Missi B. Martins Andrea Greco Fanganiillo Mariana Bergo Ingrid Bergman de Lima Assist\u00eancia de Produ\u00e7\u00e3o Vinicius &hellip; <a href=\"https:\/\/blogs.utopia.org.br\/direitosdopublico\/localizacao\/\">Continue lendo <span class=\"meta-nav\">&rarr;<\/span><\/a><\/p>\n","protected":false},"author":3,"featured_media":0,"parent":0,"menu_order":0,"comment_status":"open","ping_status":"open","template":"","meta":{"_monsterinsights_skip_tracking":false,"_monsterinsights_sitenote_active":false,"_monsterinsights_sitenote_note":"","_monsterinsights_sitenote_category":0,"ngg_post_thumbnail":0,"footnotes":""},"class_list":["post-42","page","type-page","status-publish","hentry"],"_links":{"self":[{"href":"https:\/\/blogs.utopia.org.br\/direitosdopublico\/wp-json\/wp\/v2\/pages\/42","targetHints":{"allow":["GET"]}}],"collection":[{"href":"https:\/\/blogs.utopia.org.br\/direitosdopublico\/wp-json\/wp\/v2\/pages"}],"about":[{"href":"https:\/\/blogs.utopia.org.br\/direitosdopublico\/wp-json\/wp\/v2\/types\/page"}],"author":[{"embeddable":true,"href":"https:\/\/blogs.utopia.org.br\/direitosdopublico\/wp-json\/wp\/v2\/users\/3"}],"replies":[{"embeddable":true,"href":"https:\/\/blogs.utopia.org.br\/direitosdopublico\/wp-json\/wp\/v2\/comments?post=42"}],"version-history":[{"count":20,"href":"https:\/\/blogs.utopia.org.br\/direitosdopublico\/wp-json\/wp\/v2\/pages\/42\/revisions"}],"predecessor-version":[{"id":399,"href":"https:\/\/blogs.utopia.org.br\/direitosdopublico\/wp-json\/wp\/v2\/pages\/42\/revisions\/399"}],"wp:attachment":[{"href":"https:\/\/blogs.utopia.org.br\/direitosdopublico\/wp-json\/wp\/v2\/media?parent=42"}],"curies":[{"name":"wp","href":"https:\/\/api.w.org\/{rel}","templated":true}]}}