{"id":84,"date":"2009-02-20T14:43:49","date_gmt":"2009-02-20T17:43:49","guid":{"rendered":"http:\/\/blogs.utopia.org.br\/cineclubessp\/?page_id=84"},"modified":"2009-03-18T21:48:56","modified_gmt":"2009-03-19T00:48:56","slug":"como-organizar-um-cineclube","status":"publish","type":"page","link":"https:\/\/blogs.utopia.org.br\/cineclubessp\/como-organizar-um-cineclube\/","title":{"rendered":"Como organizar um cineclube"},"content":{"rendered":"<p>No documento anexo apresentamos sugest\u00f5es e orienta\u00e7\u00f5es objetivas de como organizar um cineclube:<\/p>\n<p>a)\taspectos conceituais e legais da organiza\u00e7\u00e3o de um cineclube;<br \/>\nb)\tcomo organizar e resolver problemas concretos: programa\u00e7\u00e3o, divulga\u00e7\u00e3o, debate, etc;<br \/>\nc)\tsustentabilidade da atividade;<br \/>\nd)\tmodelo de estatuto, e<br \/>\ne)\tcomo registrar a entidade<\/p>\n<p>Os textos seguintes s\u00e3o de Felipe Macedo e podem ser copiados e divulgados desde que sem finalidade lucrativa e com cita\u00e7\u00e3o da fonte e autoria.<\/p>\n<p><a href=\"http:\/\/cineclubes.org.br\/tiki\/tiki-download_file.php?fileId=285\" target=\"_blank\">Clique aqui e baixe o documento completo<\/a><\/p>\n<h3>Entender Cineclube<\/h3>\n<p>Os cineclubes existem desde a segunda d\u00e9cada do s\u00e9culo passado. Surgiram como uma rea\u00e7\u00e3o a um cinema &#8220;domesticado&#8221;, na express\u00e3o de Fl\u00e1via Cesarino Costa, que reprime o pluralismo e a diversidade, esmagando as diferentes express\u00f5es audiovisuais em todo o mundo e relegando o p\u00fablico ao papel de plat\u00e9ia passiva, de espectador submisso, de consumidor desprovido de interesses e intelig\u00eancia, mero objeto e nunca sujeito do processo de comunica\u00e7\u00e3o.<br \/>\nO p\u00fablico \u00e9 o \u00fanico segmento do processo de comunica\u00e7\u00e3o que n\u00e3o est\u00e1 presente nas diversas inst\u00e2ncias de representa\u00e7\u00e3o da sociedade civil nos \u00f3rg\u00e3os p\u00fablicos. De fato, no plano acad\u00eamico e institucional, o espectador s\u00f3 come\u00e7ou a ser &#8220;descoberto&#8221;, reconhecido e estudado como elemento essencial do processo cinematogr\u00e1fico por volta dos anos 70, quando Jauss e Hall enunciaram o \u00f3bvio: que os espectadores t\u00eam rela\u00e7\u00f5es diferentes com as obras, dependendo de sua hist\u00f3ria pessoal, origem de classe, g\u00eanero, etc. E que \u00e9 nessa rela\u00e7\u00e3o entre a obre e o espectador que o cinema adquire sentido. At\u00e9 ent\u00e3o, o cinema era apenas compreendido em suas rela\u00e7\u00f5es internas de linguagem &#8211; a semiologia &#8211; e o p\u00fablico visto como um arqu\u00e9tipo psicanal\u00edtico geral.<br \/>\nAt\u00e9 muito recentemente, entender o cinema era pensar apenas a cria\u00e7\u00e3o e a produ\u00e7\u00e3o. Tamb\u00e9m \u00e9 da mesma \u00e9poca o reconhecimento inicial dos direitos coletivos ou difusos &#8211; os commons como muitos dizem atualmente -, entre os quais se inscrevem os direitos do p\u00fablico.<br \/>\nOs cineclubes foram, desde seu in\u00edcio, as \u00fanicas institui\u00e7\u00f5es que se propunham a representar o p\u00fablico do cinema &#8211; atualmente do audiovisual.<br \/>\nDos cineclubes derivam praticamente todas as institui\u00e7\u00f5es que promovem, preservam e defendem os cinemas nacionais, a mem\u00f3ria audiovisual, a reflex\u00e3o cr\u00edtica e independente, a acessibilidade \u00e0 informa\u00e7\u00e3o, \u00e0 cultura, \u00e0 arte.<br \/>\nNos cineclubes surgiram a cr\u00edtica e a imprensa cr\u00edtica de cinema, as cinematecas, os festivais de cinema. Em torno dos cineclubes surgiram ou se organizam os cinemas nacionais da maior parte dos pa\u00edses do mundo, nos cineclubes se formam, desde sempre, os maiores nomes da cinematografia mundial. Do movimento do p\u00fablico organizado, o cineclubismo, surgiram as maiores transforma\u00e7\u00f5es do cinema: desde as vanguardas europ\u00e9ias dos anos 20 do s\u00e9culo passado, at\u00e9 o Cinema Novo brasileiro, passando pelo Neo- Realismo e pela Nouvelle Vague francesa.<\/p>\n<h3>Por que Organizar um Cineclube<\/h3>\n<p>O cinema n\u00e3o chega a mais de 90% dos brasileiros, a distribui\u00e7\u00e3o audiovisual est\u00e1 segmentada em estratos muito diferenciados de consumo &#8211; em que a quase totalidade da popula\u00e7\u00e3o representa os exclu\u00eddos, os prolet\u00e1rios do processo de comunica\u00e7\u00e3o: apenas 8% dos munic\u00edpios brasileiros t\u00eam alguma sala de cinema, menos de 10% da popula\u00e7\u00e3o &#8220;v\u00e3o pelo menos uma vez por ano ao cinema&#8221;, 5% possuem tev\u00ea por assinatura, 10% conseguem acesso \u00e0 internet&#8230;<br \/>\nReflexo dessa verdadeira ideologia que atribui ao p\u00fablico a mera fun\u00e7\u00e3o de objeto e consumidor de produtos audiovisuais, a id\u00e9ia de forma\u00e7\u00e3o de plat\u00e9ias que est\u00e1 presente em grande parte (n\u00e3o todas) das propostas e programas, p\u00fablicos e privados, de promo\u00e7\u00e3o da circula\u00e7\u00e3o de filmes, encara o p\u00fablico como uma esp\u00e9cie de conclus\u00e3o da cria\u00e7\u00e3o e produ\u00e7\u00e3o audiovisual. Face \u00e0 indig\u00eancia cultural nacional, \u00e0 inexist\u00eancia de um modelo econ\u00f4mico que sustente nossa produ\u00e7\u00e3o cinematogr\u00e1fica &#8211; mantida praticamente apenas pelo subs\u00eddio p\u00fablico &#8211; a &#8220;forma\u00e7\u00e3o de p\u00fablico&#8221; aparece como um paliativo para a exclus\u00e3o sist\u00eamica, um \u00e1libi para o fomento da produ\u00e7\u00e3o a fundo perdido, para as centenas de filmes que praticamente n\u00e3o s\u00e3o exibidos.<\/p>\n<p>Ainda que atenda a essa necessidade, justa ali\u00e1s, do cinema brasileiro encontrar p\u00fablico, o cineclubismo n\u00e3o se limita nem se enquadra nessa vis\u00e3o. Muito mais que reunir plat\u00e9ia para qualquer produto, os cineclubes pretendem organizar o p\u00fablico para que opine, participe, decida sobre o cinema, sobre o audiovisual em geral, como sujeito principal do processo de comunica\u00e7\u00e3o.<br \/>\nO cineclube \u00e9 uma forma e uma institui\u00e7\u00e3o de organiza\u00e7\u00e3o do p\u00fablico, com vistas a assegurar a pluralidade e a democracia na circula\u00e7\u00e3o dos bens culturais, no acesso \u00e0 informa\u00e7\u00e3o, a cultura, ao conhecimento.<\/p>\n<p><!--[if gte mso 10]&gt; &lt;!   \/* Style Definitions *\/  table.MsoNormalTable \t{mso-style-name:\"Tabela normal\"; \tmso-tstyle-rowband-size:0; \tmso-tstyle-colband-size:0; \tmso-style-noshow:yes; \tmso-style-parent:\"\"; \tmso-padding-alt:0cm 5.4pt 0cm 5.4pt; \tmso-para-margin:0cm; \tmso-para-margin-bottom:.0001pt; \tmso-pagination:widow-orphan; \tfont-size:10.0pt; \tfont-family:\"Times New Roman\"; \tmso-ansi-language:#0400; \tmso-fareast-language:#0400; \tmso-bidi-language:#0400;} --> <!--[endif]--><\/p>\n","protected":false},"excerpt":{"rendered":"<p>No documento anexo apresentamos sugest\u00f5es e orienta\u00e7\u00f5es objetivas de como organizar um cineclube: a) aspectos conceituais e legais da organiza\u00e7\u00e3o de um cineclube; b) como organizar e resolver problemas concretos: programa\u00e7\u00e3o, divulga\u00e7\u00e3o, debate, etc; c) sustentabilidade da atividade; d) modelo &hellip; <a href=\"https:\/\/blogs.utopia.org.br\/cineclubessp\/como-organizar-um-cineclube\/\">Continue lendo <span class=\"meta-nav\">&rarr;<\/span><\/a><\/p>\n","protected":false},"author":3,"featured_media":0,"parent":0,"menu_order":2,"comment_status":"open","ping_status":"open","template":"","meta":{"_monsterinsights_skip_tracking":false,"_monsterinsights_sitenote_active":false,"_monsterinsights_sitenote_note":"","_monsterinsights_sitenote_category":0,"ngg_post_thumbnail":0,"footnotes":""},"class_list":["post-84","page","type-page","status-publish","hentry"],"_links":{"self":[{"href":"https:\/\/blogs.utopia.org.br\/cineclubessp\/wp-json\/wp\/v2\/pages\/84","targetHints":{"allow":["GET"]}}],"collection":[{"href":"https:\/\/blogs.utopia.org.br\/cineclubessp\/wp-json\/wp\/v2\/pages"}],"about":[{"href":"https:\/\/blogs.utopia.org.br\/cineclubessp\/wp-json\/wp\/v2\/types\/page"}],"author":[{"embeddable":true,"href":"https:\/\/blogs.utopia.org.br\/cineclubessp\/wp-json\/wp\/v2\/users\/3"}],"replies":[{"embeddable":true,"href":"https:\/\/blogs.utopia.org.br\/cineclubessp\/wp-json\/wp\/v2\/comments?post=84"}],"version-history":[{"count":4,"href":"https:\/\/blogs.utopia.org.br\/cineclubessp\/wp-json\/wp\/v2\/pages\/84\/revisions"}],"predecessor-version":[{"id":99,"href":"https:\/\/blogs.utopia.org.br\/cineclubessp\/wp-json\/wp\/v2\/pages\/84\/revisions\/99"}],"wp:attachment":[{"href":"https:\/\/blogs.utopia.org.br\/cineclubessp\/wp-json\/wp\/v2\/media?parent=84"}],"curies":[{"name":"wp","href":"https:\/\/api.w.org\/{rel}","templated":true}]}}