{"id":2,"date":"2008-09-17T16:07:15","date_gmt":"2008-09-17T19:07:15","guid":{"rendered":""},"modified":"2009-03-05T16:09:53","modified_gmt":"2009-03-05T19:09:53","slug":"sobre","status":"publish","type":"page","link":"https:\/\/blogs.utopia.org.br\/cineclubessp\/sobre\/","title":{"rendered":"Sobre a Federa\u00e7\u00e3o"},"content":{"rendered":"<p class=\"MsoNormal\" style=\"text-align: center\" align=\"center\"><strong><span style=\"font-family: Arial\">Federa\u00e7\u00e3o de Cineclubes do Estado de S\u00e3o Paulo<\/span><\/strong><\/p>\n<p style=\"text-align: center\"><strong><span style=\"font-family: Arial\">O espa\u00e7o do p\u00fablico do audiovisual<\/span><\/strong><\/p>\n<p class=\"MsoNormal\" style=\"text-align: justify\"><span style=\"font-family: Arial\">A Federa\u00e7\u00e3o descende do Centro dos Cineclubes, primeira entidade representativa do nosso movimento cultural e social, fundado em 1956. Em 1975, o Centro dos Cineclubes promoveu uma mudan\u00e7a radical em sua organiza\u00e7\u00e3o e passou a chamar-se Federa\u00e7\u00e3o Paulista de Cineclubes. Em 2007, por raz\u00f5es puramente burocr\u00e1ticas, assumimos a denomina\u00e7\u00e3o formal de Federa\u00e7\u00e3o de Cineclubes do Estado de S\u00e3o Paulo, mas muitos ainda nos referimos \u00e0 nossa entidade pelo nome anterior.<\/span><\/p>\n<p class=\"MsoNormal\" style=\"text-align: justify\"><span style=\"font-family: Arial\"> <\/span><\/p>\n<p class=\"MsoNormal\" style=\"text-align: justify\"><span style=\"font-family: Arial\">A Federa\u00e7\u00e3o re\u00fane atualmente cerca de 50 cineclubes de todas as regi\u00f5es do estado e que atuam em comunidades de bairros na capital e outras cidades grandes; est\u00e3o presentes nas cidades m\u00e9dias e pequenas, onde j\u00e1 n\u00e3o h\u00e1 cinema, e em escolas e faculdades, ou junto a variadas associa\u00e7\u00f5es, com formas de atua\u00e7\u00e3o e programa\u00e7\u00f5es bem diversificadas.<\/span><\/p>\n<p class=\"MsoNormal\" style=\"text-align: justify\"><span style=\"font-family: Arial\"> <\/span><\/p>\n<p class=\"MsoNormal\" style=\"text-align: justify\"><span style=\"font-family: Arial\">Como todos os cineclubes que a constituem, a Federa\u00e7\u00e3o \u00e9 uma associa\u00e7\u00e3o que se caracteriza pela organiza\u00e7\u00e3o democr\u00e1tica e pelo trabalho coletivo, n\u00e3o tendo finalidade lucrativa. Trabalha pela auto-organiza\u00e7\u00e3o do p\u00fablico, pelo reconhecimento dos seus direitos, pela conquista de pol\u00edticas p\u00fablicas que permitam o acesso da maioria da popula\u00e7\u00e3o \u00e0 cultura, \u00e0 arte, ao conhecimento e \u00e0 informa\u00e7\u00e3o correta, tendo como principal suporte as diferentes modalidades de comunica\u00e7\u00e3o audiovisual. Ou seja, as formas contempor\u00e2neas do cinema. <\/span><\/p>\n<p class=\"MsoNormal\" style=\"text-align: justify\"><span style=\"font-family: Arial\"> <\/span><\/p>\n<p class=\"MsoNormal\" style=\"text-align: justify\"><span style=\"font-family: Arial\">No Brasil \u2013 como na grande maioria dos pa\u00edses &#8211; a produ\u00e7\u00e3o de poucas grandes corpora\u00e7\u00f5es comerciais domina completamente o mercado, impondo n\u00e3o apenas um modelo est\u00e9tico muito pobre e limitado, mas que aniquila a express\u00e3o cultural cinematogr\u00e1fica brasileira, assim como a diversidade, excluindo igualmente as cinematografias de todo o mundo. <\/span><\/p>\n<p class=\"MsoNormal\" style=\"text-align: justify\"><span style=\"font-family: Arial\"> <\/span><\/p>\n<p class=\"MsoNormal\" style=\"text-align: justify\"><span style=\"font-family: Arial\">Ao estabelecer um mercado voltado exclusivamente para o neg\u00f3cio de Hollywood, gerou um cinema alienado, excludente, elitista, a que mais de 90% da popula\u00e7\u00e3o brasileira n\u00e3o tem acesso. Nessa realidade, o p\u00fablico do audiovisual \u00e9 encarado e relegado ao papel de <strong>plat\u00e9ia<\/strong> passiva, de <strong>espectador<\/strong> submisso, de <strong>consumidor<\/strong><strong> <\/strong>desprovido de interesses e intelig\u00eancia, mero <strong>objeto<\/strong> e nunca sujeito do processo de comunica\u00e7\u00e3o.<\/span><\/p>\n<p class=\"MsoNormal\" style=\"text-align: justify\"><span style=\"font-family: Arial\"> <\/span><\/p>\n<p class=\"MsoNormal\" style=\"text-align: justify\"><span style=\"font-family: Arial\">Nossa Federa\u00e7\u00e3o defende a valoriza\u00e7\u00e3o do cinema brasileiro \u2013 e, em especial o de produ\u00e7\u00e3o independente \u2013 e a promo\u00e7\u00e3o do pluralismo cultural. <\/span><\/p>\n<p class=\"MsoNormal\" style=\"text-align: justify\"><span style=\"font-family: Arial\"> <\/span><\/p>\n<p class=\"MsoNormal\" style=\"text-align: justify\"><span style=\"font-family: Arial\">Os cineclubes paulistas, como os de todo o pa\u00eds, representam exatamente o esfor\u00e7o, e sobretudo o exemplo, para a cria\u00e7\u00e3o de um outro modelo de audiovisual no Brasil, em que o p\u00fablico \u00e9 o sujeito: consciente, organizado, capaz e livre para se expressar. <\/span><\/p>\n<p><a href=\"http:\/\/groups.yahoo.com\/group\/cineclubes_sp\/join\"><\/p>\n<p>Clique aqui para cadastrar-se na lista de discuss\u00e3o cineclubes_sp<\/p>\n<p><\/a><\/p>\n","protected":false},"excerpt":{"rendered":"<p>Federa\u00e7\u00e3o de Cineclubes do Estado de S\u00e3o Paulo O espa\u00e7o do p\u00fablico do audiovisual A Federa\u00e7\u00e3o descende do Centro dos Cineclubes, primeira entidade representativa do nosso movimento cultural e social, fundado em 1956. Em 1975, o Centro dos Cineclubes promoveu &hellip; <a href=\"https:\/\/blogs.utopia.org.br\/cineclubessp\/sobre\/\">Continue lendo <span class=\"meta-nav\">&rarr;<\/span><\/a><\/p>\n","protected":false},"author":3,"featured_media":0,"parent":0,"menu_order":1,"comment_status":"open","ping_status":"open","template":"","meta":{"_monsterinsights_skip_tracking":false,"_monsterinsights_sitenote_active":false,"_monsterinsights_sitenote_note":"","_monsterinsights_sitenote_category":0,"ngg_post_thumbnail":0,"footnotes":""},"class_list":["post-2","page","type-page","status-publish","hentry"],"_links":{"self":[{"href":"https:\/\/blogs.utopia.org.br\/cineclubessp\/wp-json\/wp\/v2\/pages\/2","targetHints":{"allow":["GET"]}}],"collection":[{"href":"https:\/\/blogs.utopia.org.br\/cineclubessp\/wp-json\/wp\/v2\/pages"}],"about":[{"href":"https:\/\/blogs.utopia.org.br\/cineclubessp\/wp-json\/wp\/v2\/types\/page"}],"author":[{"embeddable":true,"href":"https:\/\/blogs.utopia.org.br\/cineclubessp\/wp-json\/wp\/v2\/users\/3"}],"replies":[{"embeddable":true,"href":"https:\/\/blogs.utopia.org.br\/cineclubessp\/wp-json\/wp\/v2\/comments?post=2"}],"version-history":[{"count":6,"href":"https:\/\/blogs.utopia.org.br\/cineclubessp\/wp-json\/wp\/v2\/pages\/2\/revisions"}],"predecessor-version":[{"id":9,"href":"https:\/\/blogs.utopia.org.br\/cineclubessp\/wp-json\/wp\/v2\/pages\/2\/revisions\/9"}],"wp:attachment":[{"href":"https:\/\/blogs.utopia.org.br\/cineclubessp\/wp-json\/wp\/v2\/media?parent=2"}],"curies":[{"name":"wp","href":"https:\/\/api.w.org\/{rel}","templated":true}]}}