{"id":100,"date":"2010-08-14T02:21:10","date_gmt":"2010-08-14T02:21:10","guid":{"rendered":"http:\/\/blogs.utopia.org.br\/cbc\/"},"modified":"2010-09-18T14:20:53","modified_gmt":"2010-09-18T14:20:53","slug":"programacao","status":"publish","type":"page","link":"https:\/\/blogs.utopia.org.br\/cbc\/programacao\/","title":{"rendered":"<b>Programa<\/b>"},"content":{"rendered":"<h3>Programa\u00e7\u00e3o do <br \/>8\u00ba Congresso Brasileiro de Cinema e Audiovisual<\/h3>\n<table width=\"450\" cellpadding=\"6\" cellspacing=\"0\" border=\"0\">\n<tr bgcolor=\"#eaeaea\">\n<th colspan=\"2\" height=\"42\"><font color=\"#306754\" size=\"3\">\u00bb DIA 12 DE SETEMBRO, DOMINGO:<\/font><\/th>\n<\/tr>\n<tr bgcolor=\"#fafafa\">\n<td valign=\"top\" width=\"100\">12h00 \u00e0s 18h30<\/td>\n<td valign=\"top\"><i>Credenciamento<\/i><\/td>\n<\/tr>\n<tr bgcolor=\"#eaeaea\">\n<td valign=\"top\">19h00<\/td>\n<td valign=\"top\"><strong>Abertura do 8\u00ba Congresso<\/strong><\/p>\n<tr bgcolor=\"#fafafa\">\n<td valign=\"top\" width=\"100\">20h30<\/td>\n<td valign=\"top\"><i>Homenagem a Nelson Pereira dos Santos &#8211; Presidente de Honra do 8\u00ba CBC<\/i><\/td>\n<\/tr>\n<\/td>\n<\/tr>\n<tr bgcolor=\"#eaeaea\">\n<th colspan=\"2\" height=\"42\"><font color=\"#306754\" size=\"3\">\u00bb DIA 13 DE SETEMBRO, SEGUNDA-FEIRA:<\/font><\/th>\n<\/tr>\n<tr bgcolor=\"#fafafa\">\n<td valign=\"top\">8h30 \u00e0s 12h30<\/td>\n<td valign=\"top\"><strong>Grupos de trabalho<\/strong><br \/>\n  GT1: Infraestrutura e Produ\u00e7\u00e3o <br \/>\n  GT2: Distribui\u00e7\u00e3o, Exibi\u00e7\u00e3o e Difus\u00e3o Cultural<br \/>\n  GT3: Forma\u00e7\u00e3o, Pesquisa, Preserva\u00e7\u00e3o e Cr\u00edtica<br \/>\n  GT4: TVs, Novas M\u00eddias e Converg\u00eancias Digitais <br \/>\n  GT5: Direito Autoral, Direitos do P\u00fablico e Gest\u00e3o Coletiva <br \/>\n  GT6: Pol\u00edticas P\u00fablicas, Arranjos Produtivos e A\u00e7\u00f5es Estrat\u00e9gicas \n  <\/td>\n<\/tr>\n<tr bgcolor=\"#eaeaea\">\n<td valign=\"top\">12h30<\/td>\n<td valign=\"top\"><i>Almo\u00e7o<\/i><\/td>\n<\/tr>\n<tr bgcolor=\"#fafafa\">\n<td valign=\"top\">14h30 \u00e0s 16h00<\/td>\n<td valign=\"top\"><strong>Grupos de trabalho<\/strong> (continua\u00e7\u00e3o)<\/td>\n<\/tr>\n<tr bgcolor=\"#eaeaea\">\n<td valign=\"top\">16h15 \u00e0s 19h00<\/td>\n<td valign=\"top\"><strong>Painel de Abertura<\/strong> O audiovisual no Brasil hoje: Pol\u00edticas P\u00fablicas, Arranjos Produtivos e A\u00e7\u00f5es Estrat\u00e9gicas, com modera\u00e7\u00e3o de Rosemberg Cariry<br \/>\n<strong>Painelistas: <\/strong> Newton Cannito (SAV), Manoel Rangel (ANCINE), Paula Alves (MRE), e Jorge Moreno (APBA)<\/td>\n<\/tr>\n<tr bgcolor=\"#fafafa\">\n<td valign=\"top\">21h00<\/td>\n<td valign=\"top\"><i>Jantar<\/i><\/td>\n<\/tr>\n<tr bgcolor=\"#eaeaea\">\n<td valign=\"top\">22h00<\/td>\n<td valign=\"top\"><i>Programa\u00e7\u00e3o cultural<\/i><\/td>\n<\/tr>\n<\/td>\n<\/tr>\n<tr bgcolor=\"#fafafa\">\n<th colspan=\"2\" height=\"42\"><font color=\"#306754\" size=\"3\">\u00bb DIA 14 DE SETEMBRO, TER\u00c7A-FEIRA:<\/font><\/th>\n<\/tr>\n<tr bgcolor=\"#eaeaea\">\n<td valign=\"top\">8h30 \u00e0s 10h30<\/td>\n<td valign=\"top\"><strong>Painel 1<\/strong> O audiovisual no Brasil hoje: Infraestrutura e Produ\u00e7\u00e3o, com modera\u00e7\u00e3o de Geraldo Veloso (AMC)<br \/>\n<strong>Painelistas:<\/strong> Ana Paulo Dourado (SAV), Jo\u00e3o Daniel Tikhominoff (APRO), Alain Fresnot (APACI), Geraldo Ribeiro (UNINFRA), Celso Gon\u00e7alves (ABD) e Tet\u00ea Moraes (ABRACI)<\/p>\n<\/td>\n<\/tr>\n<tr bgcolor=\"#fafafa\">\n<td valign=\"top\">11h00 \u00e0s 13h00<\/td>\n<td valign=\"top\"><strong>Painel 2<\/strong> O audiovisual no Brasil hoje: Distribui\u00e7\u00e3o, Exibi\u00e7\u00e3o e Difus\u00e3o Cultural, com modera\u00e7\u00e3o de Beto Rodrigues (Distribuidor)<br \/>\n<strong>Painelistas:<\/strong> Glauber Piva (ANCINE), Caio Cesario (MinC), Francisco C\u00e9sar Filho (F\u00f3rum dos Festivais), Jo\u00e3o Baptista Pimentel Neto (CNC) e Aleteia Selonk (ABD)<\/p>\n<\/td>\n<\/tr>\n<tr bgcolor=\"#eaeaea\">\n<td valign=\"top\">13h15<\/td>\n<td valign=\"top\"><i>Almo\u00e7o<\/i><\/td>\n<\/tr>\n<tr bgcolor=\"#fafafa\">\n<td valign=\"top\">14h30 \u00e0s 16h30<\/td>\n<td valign=\"top\"><strong>Painel 3<\/strong> O audiovisual no Brasil hoje: Forma\u00e7\u00e3o, Pesquisa, Preserva\u00e7\u00e3o e Cr\u00edtica, com modera\u00e7\u00e3o de Carlos Brand\u00e3o (ABPA) e Myrna Brand\u00e3o (CPCB)<br \/>\n<strong>Painelistas:<\/strong> Carlos Magalh\u00e3es (Cinemateca Brasileira), Mar\u00edlia Franco (ECA\/USP), Jo\u00e3o Guilherme Barone (FORCINE), Maurice Capovilla (Diretor e Professor) e Silvia Rabello (SICAV-RJ)\n<\/td>\n<\/tr>\n<tr bgcolor=\"#eaeaea\">\n<td valign=\"top\">17h00 \u00e0s 19h00<\/td>\n<td valign=\"top\"><strong>Painel 4<\/strong> O audiovisual no Brasil hoje: TVs, Novas M\u00eddias e Converg\u00eancias Digitais, com modera\u00e7\u00e3o de Chico Faganello (SANTACINE)<br \/>\n<strong>Painelistas:<\/strong> Senador In\u00e1cio Arruda (Mercosul Cultural), Adriano de Angelis (MinC), Silvio Da-Rin (TV Brasil), Geber Ramalho (Porto Digital), Jos\u00e9 Augusto de Blasiis (Univ. Metodista &#8211; SP), Nelson Hoineff (ACC-RJ), Liliana Sulzback (Produtora) e Roberto Farias\n<\/td>\n<\/tr>\n<tr bgcolor=\"#fafafa\">\n<td valign=\"top\">20h00<\/td>\n<td valign=\"top\"><i>Jantar<\/i><\/td>\n<\/tr>\n<tr bgcolor=\"#eaeaea\">\n<td valign=\"top\">21h30<\/td>\n<td valign=\"top\"><i>Programa\u00e7\u00e3o cultural<\/i><\/td>\n<\/tr>\n<\/td>\n<\/tr>\n<tr bgcolor=\"#fafafa\">\n<th colspan=\"2\" height=\"42\"><font color=\"#306754\" size=\"3\">\u00bb DIA 15 DE SETEMBRO, QUARTA-FEIRA:<\/font><\/th>\n<\/tr>\n<tr bgcolor=\"#eaeaea\">\n<td valign=\"top\">8h30 \u00e0s 10h30<\/td>\n<td valign=\"top\"><strong>Painel 6<\/strong> O audiovisual no Brasil hoje: Direito Autoral, Direitos do P\u00fablico e Gest\u00e3o Coletiva, com modera\u00e7\u00e3o de Jaime Lerner (APTC\/ABD)<br \/>\n<strong>Painelistas:<\/strong> Jos\u00e9 Luis Her\u00eancia (MinC), Petrus Barreto (Advogado), Antonio Claudino de Jesus (CNC), Jorge Alfredo Guimar\u00e3es (APCNN), \u00cdcaro Martins (APACI) e Ana Cristina Paul (AR)\n<\/td>\n<\/tr>\n<tr bgcolor=\"#fafafa\">\n<td valign=\"top\">11h00 \u00e0s 13h00<\/td>\n<td valign=\"top\"><strong>Painel 5<\/strong> O audiovisual no Brasil hoje: Fontes e Modelos de Financiamento, com modera\u00e7\u00e3o de C\u00edcero Aragon (FUNDACINE)<br \/>\n<strong>Painelistas:<\/strong> Alfredo Manevy (MinC), M\u00e1rio Diamante (ANCINE), Roberto Guimar\u00e3es (Oi e Oi Futuro), Giuseppe Zani (Petrobras), Murilo Azevedo (FINEP) e Humberto Matsuda (Performa Investimentos)\n<\/td>\n<\/tr>\n<tr bgcolor=\"#fafafa\">\n<td valign=\"top\">13h15<\/td>\n<td valign=\"top\"><i>Almo\u00e7o<\/i><\/td>\n<\/tr>\n<tr bgcolor=\"#eaeaea\">\n<td valign=\"top\">14h30 \u00e0s 18h30<\/td>\n<td valign=\"top\"><strong>Painel de Encerramento<\/strong> Apresenta\u00e7\u00e3o e aprova\u00e7\u00e3o das propostas dos Grupos de Trabalho e das Resolu\u00e7\u00f5es Finais do 8\u00ba Congresso Brasileiro de Cinema e Audiovisual<\/td>\n<\/tr>\n<tr bgcolor=\"#fafafa\">\n<td valign=\"top\">19h00<\/td>\n<td valign=\"top\"><i>Solenidade de encerramento do 8\u00ba Congresso Brasileiro de3 Cinema e Audiovisual<\/i><\/td>\n<\/tr>\n<tr bgcolor=\"#eaeaea\">\n<td valign=\"top\">21h00<\/td>\n<td valign=\"top\"><i>Jantar de confraterniza\u00e7\u00e3o<\/i><\/td>\n<\/tr>\n<tr bgcolor=\"#ffffff\">\n&nbsp;<\/p>\n<td colspan=\"2\"> <\/td>\n<\/tr>\n<tr bgcolor=\"#ffffff\">\n<td colspan=\"2\"><em><strong>Todos os eventos ocorrer\u00e3o no Hotel Plaza.<\/strong><\/em><\/td>\n<\/tr>\n<\/table>\n","protected":false},"excerpt":{"rendered":"<p>Programa\u00e7\u00e3o do 8\u00ba Congresso Brasileiro de Cinema e Audiovisual \u00bb DIA 12 DE SETEMBRO, DOMINGO: 12h00 \u00e0s 18h30 Credenciamento 19h00 Abertura do 8\u00ba Congresso 20h30 Homenagem a Nelson Pereira dos Santos &#8211; Presidente de Honra do 8\u00ba CBC \u00bb DIA &hellip; <a href=\"https:\/\/blogs.utopia.org.br\/cbc\/programacao\/\">Continue lendo <span class=\"meta-nav\">&rarr;<\/span><\/a><\/p>\n","protected":false},"author":19,"featured_media":0,"parent":0,"menu_order":0,"comment_status":"closed","ping_status":"open","template":"","meta":{"_monsterinsights_skip_tracking":false,"_monsterinsights_sitenote_active":false,"_monsterinsights_sitenote_note":"","_monsterinsights_sitenote_category":0,"ngg_post_thumbnail":0,"footnotes":""},"class_list":["post-100","page","type-page","status-publish","hentry"],"_links":{"self":[{"href":"https:\/\/blogs.utopia.org.br\/cbc\/wp-json\/wp\/v2\/pages\/100","targetHints":{"allow":["GET"]}}],"collection":[{"href":"https:\/\/blogs.utopia.org.br\/cbc\/wp-json\/wp\/v2\/pages"}],"about":[{"href":"https:\/\/blogs.utopia.org.br\/cbc\/wp-json\/wp\/v2\/types\/page"}],"author":[{"embeddable":true,"href":"https:\/\/blogs.utopia.org.br\/cbc\/wp-json\/wp\/v2\/users\/19"}],"replies":[{"embeddable":true,"href":"https:\/\/blogs.utopia.org.br\/cbc\/wp-json\/wp\/v2\/comments?post=100"}],"version-history":[{"count":94,"href":"https:\/\/blogs.utopia.org.br\/cbc\/wp-json\/wp\/v2\/pages\/100\/revisions"}],"predecessor-version":[{"id":961,"href":"https:\/\/blogs.utopia.org.br\/cbc\/wp-json\/wp\/v2\/pages\/100\/revisions\/961"}],"wp:attachment":[{"href":"https:\/\/blogs.utopia.org.br\/cbc\/wp-json\/wp\/v2\/media?parent=100"}],"curies":[{"name":"wp","href":"https:\/\/api.w.org\/{rel}","templated":true}]}}