{"id":338,"date":"2024-08-09T21:24:21","date_gmt":"2024-08-10T00:24:21","guid":{"rendered":"https:\/\/blogs.utopia.org.br\/abc-robot\/?page_id=338"},"modified":"2024-08-09T21:24:50","modified_gmt":"2024-08-10T00:24:50","slug":"gpt","status":"publish","type":"page","link":"https:\/\/blogs.utopia.org.br\/abc-robot\/gpt\/","title":{"rendered":"GPT"},"content":{"rendered":"<div class=\"wp-block-image\">\n<figure class=\"alignleft size-full is-resized\"><img loading=\"lazy\" decoding=\"async\" src=\"https:\/\/blogs.utopia.org.br\/abc-robot\/files\/2024\/08\/gpt.png\" alt=\"\" class=\"wp-image-339\" width=\"250\" height=\"250\" srcset=\"https:\/\/blogs.utopia.org.br\/abc-robot\/files\/2024\/08\/gpt.png 500w, https:\/\/blogs.utopia.org.br\/abc-robot\/files\/2024\/08\/gpt-300x300.png 300w, https:\/\/blogs.utopia.org.br\/abc-robot\/files\/2024\/08\/gpt-150x150.png 150w\" sizes=\"auto, (max-width: 250px) 100vw, 250px\" \/><\/figure>\n<\/div>\n\n\n<p class=\"has-medium-gray-color has-text-color\" style=\"font-size:28px\"><em>Converse com o nosso<\/em> <\/p>\n\n\n\n<p class=\"has-text-color\" style=\"color:#a9470b;font-size:28px\"><strong>GPTdoABC da rob\u00f3tica<\/strong>:<\/p>\n\n\n\n<p class=\"has-blue-color has-text-color\" style=\"font-size:16px\"><a rel=\"noreferrer noopener\" href=\"https:\/\/chatgpt.com\/g\/g-HMbH5waZV-abc-da-robotica\" target=\"_blank\">chatgpt.com\/g\/g-HMbH5waZV-abc-da-robotica<\/a><\/p>\n\n\n\n<p>O <strong><em>GPTdoABC<\/em><\/strong> \u00e9 um assistente que ajuda os usu\u00e1rios a entender termos e conceitos relacionados \u00e0 rob\u00f3tica, tecnologia, intelig\u00eancia artificial e \u00e1reas correlatas, como apresentados no livro <strong>ABC da rob\u00f3tica<\/strong> e complementados por este blog. Seu objetivo \u00e9 fornecer defini\u00e7\u00f5es claras e concisas sobre a obra e seus verbetes, bem como exemplos e aplica\u00e7\u00f5es pr\u00e1ticas quando apropriado. Ele deve responder de forma amig\u00e1vel, acess\u00edvel e educativa, facilitando o aprendizado de pessoas de todas as idades interessadas no universo da rob\u00f3tica.<\/p>\n\n\n\n<p><em>Alguns exemplos de prompts que voc\u00ea pode usar:<\/em><br><strong>\u00bb Quem s\u00e3o os criadores desta obra?<br>\u00bb Quem publicou o livro e onde pode ser comprado?<br>\u00bb Liste as caracter\u00edsticas do livro.<br>\u00bb Conte alguns bons motivos para adquirir a obra.<br>\u00bb Quero fazer um podcast com os autores, como contatar?<br>\u00bb Crie 5 haicais divertidos sobre rob\u00f3tica.<\/strong><\/p>\n","protected":false},"excerpt":{"rendered":"<p>Converse com o nosso GPTdoABC da rob\u00f3tica: chatgpt.com\/g\/g-HMbH5waZV-abc-da-robotica O GPTdoABC \u00e9 um assistente que ajuda os usu\u00e1rios a entender termos e conceitos relacionados \u00e0 rob\u00f3tica, tecnologia, intelig\u00eancia artificial e \u00e1reas correlatas, como apresentados no livro ABC da rob\u00f3tica e complementados &hellip; <a href=\"https:\/\/blogs.utopia.org.br\/abc-robot\/gpt\/\">Continue lendo <span class=\"meta-nav\">&rarr;<\/span><\/a><\/p>\n","protected":false},"author":21,"featured_media":0,"parent":0,"menu_order":8,"comment_status":"closed","ping_status":"closed","template":"","meta":{"_monsterinsights_skip_tracking":false,"_monsterinsights_sitenote_active":false,"_monsterinsights_sitenote_note":"","_monsterinsights_sitenote_category":0,"ngg_post_thumbnail":0,"footnotes":""},"class_list":["post-338","page","type-page","status-publish","hentry"],"_links":{"self":[{"href":"https:\/\/blogs.utopia.org.br\/abc-robot\/wp-json\/wp\/v2\/pages\/338","targetHints":{"allow":["GET"]}}],"collection":[{"href":"https:\/\/blogs.utopia.org.br\/abc-robot\/wp-json\/wp\/v2\/pages"}],"about":[{"href":"https:\/\/blogs.utopia.org.br\/abc-robot\/wp-json\/wp\/v2\/types\/page"}],"author":[{"embeddable":true,"href":"https:\/\/blogs.utopia.org.br\/abc-robot\/wp-json\/wp\/v2\/users\/21"}],"replies":[{"embeddable":true,"href":"https:\/\/blogs.utopia.org.br\/abc-robot\/wp-json\/wp\/v2\/comments?post=338"}],"version-history":[{"count":14,"href":"https:\/\/blogs.utopia.org.br\/abc-robot\/wp-json\/wp\/v2\/pages\/338\/revisions"}],"predecessor-version":[{"id":353,"href":"https:\/\/blogs.utopia.org.br\/abc-robot\/wp-json\/wp\/v2\/pages\/338\/revisions\/353"}],"wp:attachment":[{"href":"https:\/\/blogs.utopia.org.br\/abc-robot\/wp-json\/wp\/v2\/media?parent=338"}],"curies":[{"name":"wp","href":"https:\/\/api.w.org\/{rel}","templated":true}]}}