{"id":32,"date":"2024-06-12T12:48:27","date_gmt":"2024-06-12T15:48:27","guid":{"rendered":"https:\/\/blogs.utopia.org.br\/abc-robot\/?page_id=32"},"modified":"2024-07-14T14:47:50","modified_gmt":"2024-07-14T17:47:50","slug":"os-autores","status":"publish","type":"page","link":"https:\/\/blogs.utopia.org.br\/abc-robot\/os-autores\/","title":{"rendered":"Os&nbsp;autores"},"content":{"rendered":"<div class=\"wp-block-image is-style-rounded\">\n<figure class=\"alignleft size-full is-resized\"><img loading=\"lazy\" decoding=\"async\" src=\"https:\/\/blogs.utopia.org.br\/abc-robot\/files\/2024\/06\/seabra.png\" alt=\"Carlos Seabra\" class=\"wp-image-50\" width=\"150\" height=\"150\" srcset=\"https:\/\/blogs.utopia.org.br\/abc-robot\/files\/2024\/06\/seabra.png 300w, https:\/\/blogs.utopia.org.br\/abc-robot\/files\/2024\/06\/seabra-150x150.png 150w\" sizes=\"auto, (max-width: 150px) 100vw, 150px\" \/><\/figure>\n<\/div>\n\n\n<p class=\"has-text-color\" style=\"color:#760cb4;font-size:32px\"><strong>Carlos Seabra<\/strong><\/p>\n\n\n\n<p>Nasci em Lisboa, em Portugal, e com catorze anos vim para o Brasil. Moro em S\u00e3o Paulo, onde casei, tive tr\u00eas filhos e hoje tenho tr\u00eas netos. Desde pequeno me interesso por tecnologia, explora\u00e7\u00e3o espacial, computadores e rob\u00f3tica. Comecei bem novo a trabalhar em editoras e a estudar programa\u00e7\u00e3o. Depois criei sites na internet e tamb\u00e9m inventei jogos de tabuleiro (como o <em>War II<\/em> e o <em>Zener<\/em>) e desenvolvi projetos com rob\u00f3tica para escolas. Sou autor de alguns livros para crian\u00e7as, como <em>Pequenas hist\u00f3rias sem fim<\/em> e <em>O livro dos jogos das crian\u00e7as ind\u00edgenas e africanas<\/em>. Tamb\u00e9m escrevo haicais e microcontos, al\u00e9m de artigos sobre tecnologia e educa\u00e7\u00e3o.<br><a rel=\"noreferrer noopener\" href=\"https:\/\/oficina.com.br\/palestras\" target=\"_blank\"><em>\ud83c\udf10<\/em><\/a><em> <\/em><a rel=\"noreferrer noopener\" href=\"https:\/\/oficina.com.br\/palestras\" target=\"_blank\"><em>Conheca mais sobre Carlos Seabra e suas palestras e oficinas<\/em><\/a><\/p>\n\n\n<div class=\"wp-block-image is-style-rounded\">\n<figure class=\"alignleft size-full is-resized\"><img loading=\"lazy\" decoding=\"async\" src=\"https:\/\/blogs.utopia.org.br\/abc-robot\/files\/2024\/06\/maciel.png\" alt=\"S\u00e9rgio Maciel\" class=\"wp-image-55\" width=\"150\" height=\"150\" srcset=\"https:\/\/blogs.utopia.org.br\/abc-robot\/files\/2024\/06\/maciel.png 300w, https:\/\/blogs.utopia.org.br\/abc-robot\/files\/2024\/06\/maciel-150x150.png 150w\" sizes=\"auto, (max-width: 150px) 100vw, 150px\" \/><\/figure>\n<\/div>\n\n\n<p class=\"has-text-color\" style=\"color:#760cb4;font-size:32px\"><strong>S\u00e9rgio Maciel<\/strong><\/p>\n\n\n\n<p>Nasci em Porto Alegre em 1961 e hoje moro em S\u00e3o Paulo. Trabalho com tecnologia educacional h\u00e1 mais de vinte anos, criando e coordenando projetos de rob\u00f3tica e mecatr\u00f4nica, entre outras atividades. Hoje escrevo livros para crian\u00e7as, tendo publicado com a Dulce Seabra os livros <em>Curumim Abar\u00e9 imitando os animais<\/em>, <em>ABC dos direitos humanos<\/em> e <em>O Senhor Lin conserta tudo<\/em>. E tamb\u00e9m sou autor de algumas hist\u00f3rias da cole\u00e7\u00e3o <em>Conte outra vez<\/em>. Para mim, tecnologia n\u00e3o s\u00e3o s\u00f3 computadores, teclados e telas. Entendo tecnologia como o dom\u00ednio de conhecimentos e ferramentas diversas, capazes de nos ajudar a transformar o mundo \u00e0 nossa volta, de acordo com as nossas necessidades. D\u00e1 para fazer tudo que quisermos \u2013 com intelig\u00eancia, conhecimento e ferramentas. Com isso podemos mudar o mundo.<br><a rel=\"noreferrer noopener\" href=\"https:\/\/utopia.com.br\/smaciel\/\" target=\"_blank\"><em>\ud83c\udf10<\/em><\/a><em> <\/em><a rel=\"noreferrer noopener\" href=\"https:\/\/utopia.com.br\/smaciel\/\" target=\"_blank\"><em>Conheca mais sobre S\u00e9rgio Maciel e suas obras<\/em><\/a><\/p>\n\n\n<div class=\"wp-block-image is-style-rounded\">\n<figure class=\"alignleft size-full is-resized\"><img loading=\"lazy\" decoding=\"async\" src=\"https:\/\/blogs.utopia.org.br\/abc-robot\/files\/2024\/06\/guazelli.png\" alt=\"Guazzelli\" class=\"wp-image-59\" width=\"150\" height=\"150\" srcset=\"https:\/\/blogs.utopia.org.br\/abc-robot\/files\/2024\/06\/guazelli.png 300w, https:\/\/blogs.utopia.org.br\/abc-robot\/files\/2024\/06\/guazelli-150x150.png 150w\" sizes=\"auto, (max-width: 150px) 100vw, 150px\" \/><\/figure>\n<\/div>\n\n\n<p class=\"has-text-color\" style=\"color:#760cb4;font-size:32px\"><strong>Guazzelli<\/strong><\/p>\n\n\n\n<p>Nasci em Vacaria, cidade ga\u00facha que ajuda a fazer do Brasil um pa\u00eds variado, pois de vez em quando tem neve por l\u00e1. Fui cedo para Porto Alegre e l\u00e1 comecei a trabalhar com ilustra\u00e7\u00f5es para livros infantis, cria\u00e7\u00e3o de hist\u00f3rias em quadrinhos e arte para desenhos animados. Cresci cercado pela grande biblioteca dos meus pais: lia enciclop\u00e9dias, livros de aventura e de hist\u00f3ria, \u00e0s vezes at\u00e9 de terror (mas estes s\u00f3 de dia). Ent\u00e3o descobri os rob\u00f4s e outros sonhos de futuro e viajei com um deles numa s\u00e9rie chamada <em>Perdidos no espa\u00e7o<\/em>, passando por muitas gal\u00e1xias da imagina\u00e7\u00e3o. Depois de alguns anos em S\u00e3o Paulo, me mudei em 2020 para uma ilha muito bonita que tem uma ponte maravilhosa, onde, com sorte, d\u00e1 para ver baleias na primavera. (Sabe onde fica Florian\u00f3polis?) Hoje eu vejo o futuro acontecer todos os dias, com muitas maravilhas que eram sonho na minha inf\u00e2ncia.<br><a rel=\"noreferrer noopener\" href=\"https:\/\/utopia.com.br\/smaciel\/\" target=\"_blank\"><em>\ud83c\udf10<\/em><\/a><em> <\/em><a rel=\"noreferrer noopener\" href=\"https:\/\/blog.elefanteletrado.com.br\/eloar-guazzelli-ilustrador-quadrinhos-2\/\" target=\"_blank\"><em>Conhe\u00e7a mais sobre Guazzeli e seus trabalhos<\/em><\/a><\/p>\n\n\n\n<figure class=\"wp-block-table\"><table><tbody><tr><td>Copyright do texto \u00a9 2024: Carlos Seabra e S\u00e9rgio Maciel<br>Copyright das ilustra\u00e7\u00f5es \u00a9 2024: Guazzelli<br><br>Diretor editorial: <strong>Paulo Tadeu<\/strong><br>Editora: <strong>Cristina Yamazaki<\/strong><br>Capa e projeto gr\u00e1fico: <strong>Patricia Delgado da Costa<\/strong> e <strong>Danieli Campos<\/strong><br>Fotos dos autores: <strong>Ma\u00edra Soares<\/strong> (Carlos Seabra), <strong>Marcos Muzi<\/strong> (Guazzelli) e <strong>Dulce Seabra<\/strong> (S\u00e9rgio Maciel)<br><br>Direitos em l\u00edngua portuguesa para o Brasil: <strong>Editora Trix<\/strong><br><a href=\"https:\/\/www.editoratrix.com.br\" data-type=\"URL\" data-id=\"https:\/\/www.editoratrix.com.br\" target=\"_blank\" rel=\"noreferrer noopener\">www.editoratrix.com.br<\/a><\/td><\/tr><\/tbody><\/table><\/figure>\n","protected":false},"excerpt":{"rendered":"<p>Carlos Seabra Nasci em Lisboa, em Portugal, e com catorze anos vim para o Brasil. Moro em S\u00e3o Paulo, onde casei, tive tr\u00eas filhos e hoje tenho tr\u00eas netos. Desde pequeno me interesso por tecnologia, explora\u00e7\u00e3o espacial, computadores e rob\u00f3tica. &hellip; <a href=\"https:\/\/blogs.utopia.org.br\/abc-robot\/os-autores\/\">Continue lendo <span class=\"meta-nav\">&rarr;<\/span><\/a><\/p>\n","protected":false},"author":3,"featured_media":0,"parent":0,"menu_order":0,"comment_status":"closed","ping_status":"closed","template":"","meta":{"_monsterinsights_skip_tracking":false,"_monsterinsights_sitenote_active":false,"_monsterinsights_sitenote_note":"","_monsterinsights_sitenote_category":0,"ngg_post_thumbnail":0,"footnotes":""},"class_list":["post-32","page","type-page","status-publish","hentry"],"_links":{"self":[{"href":"https:\/\/blogs.utopia.org.br\/abc-robot\/wp-json\/wp\/v2\/pages\/32","targetHints":{"allow":["GET"]}}],"collection":[{"href":"https:\/\/blogs.utopia.org.br\/abc-robot\/wp-json\/wp\/v2\/pages"}],"about":[{"href":"https:\/\/blogs.utopia.org.br\/abc-robot\/wp-json\/wp\/v2\/types\/page"}],"author":[{"embeddable":true,"href":"https:\/\/blogs.utopia.org.br\/abc-robot\/wp-json\/wp\/v2\/users\/3"}],"replies":[{"embeddable":true,"href":"https:\/\/blogs.utopia.org.br\/abc-robot\/wp-json\/wp\/v2\/comments?post=32"}],"version-history":[{"count":26,"href":"https:\/\/blogs.utopia.org.br\/abc-robot\/wp-json\/wp\/v2\/pages\/32\/revisions"}],"predecessor-version":[{"id":277,"href":"https:\/\/blogs.utopia.org.br\/abc-robot\/wp-json\/wp\/v2\/pages\/32\/revisions\/277"}],"wp:attachment":[{"href":"https:\/\/blogs.utopia.org.br\/abc-robot\/wp-json\/wp\/v2\/media?parent=32"}],"curies":[{"name":"wp","href":"https:\/\/api.w.org\/{rel}","templated":true}]}}