{"id":25,"date":"2024-06-12T12:28:37","date_gmt":"2024-06-12T15:28:37","guid":{"rendered":"https:\/\/blogs.utopia.org.br\/abc-robot\/?page_id=25"},"modified":"2024-06-13T00:37:46","modified_gmt":"2024-06-13T03:37:46","slug":"onde-comprar","status":"publish","type":"page","link":"https:\/\/blogs.utopia.org.br\/abc-robot\/onde-comprar\/","title":{"rendered":"Onde&nbsp;comprar"},"content":{"rendered":"\n<p>Veja alguns lugares onde voc\u00ea pode adquirir o livro, que tem as dimens\u00f5es de 27.5 por 20.5 cm, 72 p\u00e1ginas coloridas e pesa 200g. <\/p>\n\n\n\n<p>\ud83d\udc49\ud83c\udffc<strong> <a rel=\"noreferrer noopener\" href=\"https:\/\/matrixeditora.com.br\/produtos\/abc-da-robotica\/\" target=\"_blank\">Matrix Editora<\/a><\/strong>   <img loading=\"lazy\" decoding=\"async\" width=\"75\" height=\"39\" class=\"wp-image-70\" style=\"width: 75px;\" src=\"http:\/\/blogs.utopia.org.br\/abc-robot\/files\/2024\/06\/trix.png\" alt=\"\" srcset=\"https:\/\/blogs.utopia.org.br\/abc-robot\/files\/2024\/06\/trix.png 396w, https:\/\/blogs.utopia.org.br\/abc-robot\/files\/2024\/06\/trix-300x157.png 300w\" sizes=\"auto, (max-width: 75px) 100vw, 75px\" \/><\/p>\n\n\n\n<p><strong>\ud83d\udc49\ud83c\udffc <a rel=\"noreferrer noopener\" href=\"https:\/\/www.magazinevoce.com.br\/magazinezezepina\/livro-abc-da-robotica\/p\/cb1b2ah929\/li\/lljl\/\" target=\"_blank\">Magalu<\/a><\/strong>    <img loading=\"lazy\" decoding=\"async\" width=\"120\" height=\"38\" class=\"wp-image-71\" style=\"width: 120px;\" src=\"http:\/\/blogs.utopia.org.br\/abc-robot\/files\/2024\/06\/magalu.png\" alt=\"\" srcset=\"https:\/\/blogs.utopia.org.br\/abc-robot\/files\/2024\/06\/magalu.png 655w, https:\/\/blogs.utopia.org.br\/abc-robot\/files\/2024\/06\/magalu-300x95.png 300w\" sizes=\"auto, (max-width: 120px) 100vw, 120px\" \/><\/p>\n\n\n\n<p><strong>\ud83d\udc49\ud83c\udffc <a rel=\"noreferrer noopener\" href=\"https:\/\/www.amazon.com.br\/ABC-rob\u00f3tica-passeio-incr%C3%ADvel-tecnologia\/dp\/6556164569\" target=\"_blank\">Amazon<\/a><\/strong>    <img loading=\"lazy\" decoding=\"async\" width=\"120\" height=\"40\" class=\"wp-image-73\" style=\"width: 120px;\" src=\"http:\/\/blogs.utopia.org.br\/abc-robot\/files\/2024\/06\/amazon-1.png\" alt=\"\" srcset=\"https:\/\/blogs.utopia.org.br\/abc-robot\/files\/2024\/06\/amazon-1.png 626w, https:\/\/blogs.utopia.org.br\/abc-robot\/files\/2024\/06\/amazon-1-300x99.png 300w\" sizes=\"auto, (max-width: 120px) 100vw, 120px\" \/><\/p>\n\n\n\n<p><strong>\ud83d\udc49\ud83c\udffc <a href=\"https:\/\/www.martinsfontespaulista.com.br\/abc-da-robotica-1100233\/p\" target=\"_blank\" rel=\"noreferrer noopener\">Martins Fontes<\/a>    <\/strong><img loading=\"lazy\" decoding=\"async\" width=\"120\" height=\"38\" class=\"wp-image-77\" style=\"width: 120px;\" src=\"http:\/\/blogs.utopia.org.br\/abc-robot\/files\/2024\/06\/martinsfontes.png\" alt=\"\" srcset=\"https:\/\/blogs.utopia.org.br\/abc-robot\/files\/2024\/06\/martinsfontes.png 657w, https:\/\/blogs.utopia.org.br\/abc-robot\/files\/2024\/06\/martinsfontes-300x95.png 300w\" sizes=\"auto, (max-width: 120px) 100vw, 120px\" \/><\/p>\n\n\n\n<p>Suas filhas ou filhos e netos ou netas v\u00e3o adorar o <strong>ABC da rob\u00f3tica<\/strong>! Este livro estimula a aprendizagem sobre rob\u00f3tica de forma divertida e educativa para crian\u00e7as de 7 a 9 anos.<\/p>\n\n\n\n<p>\u00c9 uma obra totalmente ilustrada que re\u00fane curiosidades, significados e explica\u00e7\u00f5es sobre o fascinante universo da tecnologia. <strong>ABC da rob\u00f3tica<\/strong> \u00e9 perfeito para inspirar os pequenos a sonharem grande e explorarem o mundo dos rob\u00f4s!<\/p>\n\n\n\n<p>N\u00e3o perca a oportunidade de presentear filhos e netos, ou outras crian\u00e7as, com um livro que combina aprendizado e divers\u00e3o. Compre agora e inspire a pr\u00f3xima gera\u00e7\u00e3o de inventoras e engenheiros (ou inventores e engenheiras)!<\/p>\n\n\n\n<figure class=\"wp-block-table\"><table><tbody><tr><td><strong>Um presente que dura para sempre!<\/strong> Livros s\u00e3o presentes inesquec\u00edveis que cultivam a curiosidade e o amor pelo conhecimento. D\u00ea a uma crian\u00e7a o prazer de uma boa leitura e veja-a crescer com sabedoria e criatividade.<\/td><\/tr><\/tbody><\/table><\/figure>\n","protected":false},"excerpt":{"rendered":"<p>Veja alguns lugares onde voc\u00ea pode adquirir o livro, que tem as dimens\u00f5es de 27.5 por 20.5 cm, 72 p\u00e1ginas coloridas e pesa 200g. \ud83d\udc49\ud83c\udffc Matrix Editora \ud83d\udc49\ud83c\udffc Magalu \ud83d\udc49\ud83c\udffc Amazon \ud83d\udc49\ud83c\udffc Martins Fontes Suas filhas ou filhos e netos &hellip; <a href=\"https:\/\/blogs.utopia.org.br\/abc-robot\/onde-comprar\/\">Continue lendo <span class=\"meta-nav\">&rarr;<\/span><\/a><\/p>\n","protected":false},"author":3,"featured_media":0,"parent":0,"menu_order":0,"comment_status":"closed","ping_status":"closed","template":"","meta":{"_monsterinsights_skip_tracking":false,"_monsterinsights_sitenote_active":false,"_monsterinsights_sitenote_note":"","_monsterinsights_sitenote_category":0,"ngg_post_thumbnail":0,"footnotes":""},"class_list":["post-25","page","type-page","status-publish","hentry"],"_links":{"self":[{"href":"https:\/\/blogs.utopia.org.br\/abc-robot\/wp-json\/wp\/v2\/pages\/25","targetHints":{"allow":["GET"]}}],"collection":[{"href":"https:\/\/blogs.utopia.org.br\/abc-robot\/wp-json\/wp\/v2\/pages"}],"about":[{"href":"https:\/\/blogs.utopia.org.br\/abc-robot\/wp-json\/wp\/v2\/types\/page"}],"author":[{"embeddable":true,"href":"https:\/\/blogs.utopia.org.br\/abc-robot\/wp-json\/wp\/v2\/users\/3"}],"replies":[{"embeddable":true,"href":"https:\/\/blogs.utopia.org.br\/abc-robot\/wp-json\/wp\/v2\/comments?post=25"}],"version-history":[{"count":8,"href":"https:\/\/blogs.utopia.org.br\/abc-robot\/wp-json\/wp\/v2\/pages\/25\/revisions"}],"predecessor-version":[{"id":78,"href":"https:\/\/blogs.utopia.org.br\/abc-robot\/wp-json\/wp\/v2\/pages\/25\/revisions\/78"}],"wp:attachment":[{"href":"https:\/\/blogs.utopia.org.br\/abc-robot\/wp-json\/wp\/v2\/media?parent=25"}],"curies":[{"name":"wp","href":"https:\/\/api.w.org\/{rel}","templated":true}]}}